{"id":27380,"date":"2024-10-22T16:30:02","date_gmt":"2024-10-22T23:30:02","guid":{"rendered":"https:\/\/xx.network\/?page_id=27380"},"modified":"2024-10-22T16:51:13","modified_gmt":"2024-10-22T23:51:13","slug":"more-on-mixnets","status":"publish","type":"page","link":"https:\/\/xx.network\/de\/more-on-mixnets\/","title":{"rendered":"cMixx - Mehr \u00fcber Mixnets"},"content":{"rendered":"<div data-elementor-type=\"wp-page\" data-elementor-id=\"27380\" class=\"elementor elementor-27380\" data-elementor-post-type=\"page\">\n\t\t\t\t\t\t<section class=\"elementor-section elementor-top-section elementor-element elementor-element-cdb1b21 elementor-section-content-middle faq-banner elementor-section-boxed elementor-section-height-default elementor-section-height-default\" data-id=\"cdb1b21\" data-element_type=\"section\" data-settings=\"{&quot;background_background&quot;:&quot;classic&quot;,&quot;background_motion_fx_translateX_effect&quot;:&quot;yes&quot;,&quot;background_motion_fx_translateY_direction&quot;:&quot;negative&quot;,&quot;background_motion_fx_motion_fx_scrolling&quot;:&quot;yes&quot;,&quot;background_motion_fx_translateY_effect&quot;:&quot;yes&quot;,&quot;background_motion_fx_translateY_affectedRange&quot;:{&quot;unit&quot;:&quot;%&quot;,&quot;size&quot;:&quot;&quot;,&quot;sizes&quot;:{&quot;start&quot;:76,&quot;end&quot;:100}},&quot;background_motion_fx_opacity_effect&quot;:&quot;yes&quot;,&quot;background_motion_fx_opacity_direction&quot;:&quot;in-out-in&quot;,&quot;background_motion_fx_opacity_level&quot;:{&quot;unit&quot;:&quot;px&quot;,&quot;size&quot;:6,&quot;sizes&quot;:[]},&quot;background_motion_fx_translateY_speed&quot;:{&quot;unit&quot;:&quot;px&quot;,&quot;size&quot;:4,&quot;sizes&quot;:[]},&quot;background_motion_fx_translateX_speed&quot;:{&quot;unit&quot;:&quot;px&quot;,&quot;size&quot;:4,&quot;sizes&quot;:[]},&quot;background_motion_fx_translateX_affectedRange&quot;:{&quot;unit&quot;:&quot;%&quot;,&quot;size&quot;:&quot;&quot;,&quot;sizes&quot;:{&quot;start&quot;:0,&quot;end&quot;:100}},&quot;background_motion_fx_opacity_range&quot;:{&quot;unit&quot;:&quot;%&quot;,&quot;size&quot;:&quot;&quot;,&quot;sizes&quot;:{&quot;start&quot;:20,&quot;end&quot;:80}},&quot;background_motion_fx_devices&quot;:[&quot;desktop&quot;,&quot;tablet&quot;,&quot;mobile&quot;]}\">\n\t\t\t\t\t\t\t<div class=\"elementor-background-overlay\"><\/div>\n\t\t\t\t\t\t\t<div class=\"elementor-container elementor-column-gap-no\">\n\t\t\t\t\t<div class=\"elementor-column elementor-col-100 elementor-top-column elementor-element elementor-element-4b615e0\" data-id=\"4b615e0\" data-element_type=\"column\">\n\t\t\t<div class=\"elementor-widget-wrap elementor-element-populated\">\n\t\t\t\t\t\t<div class=\"elementor-element elementor-element-167373e elementor-widget__width-initial elementor-widget elementor-widget-heading\" data-id=\"167373e\" data-element_type=\"widget\" data-widget_type=\"heading.default\">\n\t\t\t\t<div class=\"elementor-widget-container\">\n\t\t\t<h1 class=\"elementor-heading-title elementor-size-default\">Mehr \u00fcber Mixnets...<\/h1>\t\t<\/div>\n\t\t\t\t<\/div>\n\t\t\t\t\t<\/div>\n\t\t<\/div>\n\t\t\t\t\t<\/div>\n\t\t<\/section>\n\t\t\t\t<section class=\"elementor-section elementor-top-section elementor-element elementor-element-bd3bd04 elementor-section-stretched elementor-section-boxed elementor-section-height-default elementor-section-height-default\" data-id=\"bd3bd04\" data-element_type=\"section\" data-settings=\"{&quot;stretch_section&quot;:&quot;section-stretched&quot;}\">\n\t\t\t\t\t\t<div class=\"elementor-container elementor-column-gap-default\">\n\t\t\t\t\t<div class=\"elementor-column elementor-col-100 elementor-top-column elementor-element elementor-element-2d70a78\" data-id=\"2d70a78\" data-element_type=\"column\">\n\t\t\t<div class=\"elementor-widget-wrap elementor-element-populated\">\n\t\t\t\t\t\t<div class=\"elementor-element elementor-element-8d90df3 elementor-widget elementor-widget-accordion\" data-id=\"8d90df3\" data-element_type=\"widget\" data-widget_type=\"accordion.default\">\n\t\t\t\t<div class=\"elementor-widget-container\">\n\t\t\t\t\t<div class=\"elementor-accordion\">\n\t\t\t\t\t\t\t<div class=\"elementor-accordion-item\">\n\t\t\t\t\t<div id=\"elementor-tab-title-1481\" class=\"elementor-tab-title\" data-tab=\"1\" role=\"button\" aria-controls=\"elementor-tab-content-1481\" aria-expanded=\"false\">\n\t\t\t\t\t\t\t\t\t\t\t\t\t<span class=\"elementor-accordion-icon elementor-accordion-icon-left\" aria-hidden=\"true\">\n\t\t\t\t\t\t\t\t\t\t\t\t\t\t\t<span class=\"elementor-accordion-icon-closed\"><svg class=\"e-font-icon-svg e-fas-plus\" viewbox=\"0 0 448 512\" xmlns=\"http:\/\/www.w3.org\/2000\/svg\"><path d=\"M416 208H272V64c0-17.67-14.33-32-32-32h-32c-17.67 0-32 14.33-32 32v144H32c-17.67 0-32 14.33-32 32v32c0 17.67 14.33 32 32 32h144v144c0 17.67 14.33 32 32 32h32c17.67 0 32-14.33 32-32V304h144c17.67 0 32-14.33 32-32v-32c0-17.67-14.33-32-32-32z\"><\/path><\/svg><\/span>\n\t\t\t\t\t\t\t\t<span class=\"elementor-accordion-icon-opened\"><svg class=\"e-font-icon-svg e-fas-minus\" viewbox=\"0 0 448 512\" xmlns=\"http:\/\/www.w3.org\/2000\/svg\"><path d=\"M416 208H32c-17.67 0-32 14.33-32 32v32c0 17.67 14.33 32 32 32h384c17.67 0 32-14.33 32-32v-32c0-17.67-14.33-32-32-32z\"><\/path><\/svg><\/span>\n\t\t\t\t\t\t\t\t\t\t\t\t\t\t<\/span>\n\t\t\t\t\t\t\t\t\t\t\t\t<a class=\"elementor-accordion-title\" tabindex=\"0\">Was ist ein Mixnet im Allgemeinen?<\/a>\n\t\t\t\t\t<\/div>\n\t\t\t\t\t<div id=\"elementor-tab-content-1481\" class=\"elementor-tab-content elementor-clearfix\" data-tab=\"1\" role=\"region\" aria-labelledby=\"elementor-tab-title-1481\"><p><span style=\"font-weight: 400;\">cMixx ist ein sehr schnelles Mixnet.  Generell wurden Mixnets, die auch als Mischnetzwerke bezeichnet werden, erstmals 1979 vom xx network-Gr\u00fcnder David Chaum beschrieben. Ein Mixnet legt kryptografische Regeln f\u00fcr Nachrichten oder Transaktionen fest, die von einer Reihe von vertrauensw\u00fcrdigen Vermittlern, den sogenannten Mix-Knoten, weitergeleitet werden. Diese Mixknoten empfangen einen Stapel verschl\u00fcsselter Daten von den Nutzern, mischen sie nach dem Zufallsprinzip und senden die neu geordneten, verschl\u00fcsselten Daten an den n\u00e4chsten Mixknoten weiter.<\/span><\/p>\n<p><span style=\"font-weight: 400;\">Durch diese \"Vermischung\" werden die Metadaten, die mit den Nutzeraktivit\u00e4ten verbunden sind, ausgeblendet und ein Kommunikationssystem geschaffen, das die Privatsph\u00e4re sch\u00fctzt. Metadaten sind die Angaben zum Wer, Was, Wann, Wo und Wie, die mit einer Nachricht oder Aktivit\u00e4t verbunden sind.\u00a0<\/span><\/p>\n<p><span style=\"font-weight: 400;\">Der gr\u00f6\u00dfte Nachteil bestehender Mixnets besteht darin, dass die f\u00fcr den Mixvorgang erforderlichen Operationen mit \u00f6ffentlichen Schl\u00fcsseln rechenintensiv sind.  Tats\u00e4chlich \u00fcberstiegen 1979 die urspr\u00fcnglich in Chaums Arbeit beschriebenen Berechnungen die Leistung der meisten existierenden Computer.  Auch heute noch sind die f\u00fcr typische Mixnets erforderlichen Berechnungen ressourcenintensiv und zeitaufw\u00e4ndig.  Daher sind Mixnetze in gro\u00dfem Ma\u00dfstab f\u00fcr die meisten Verbraucher zu langsam.<\/span><\/p><\/div>\n\t\t\t\t<\/div>\n\t\t\t\t\t\t\t<div class=\"elementor-accordion-item\">\n\t\t\t\t\t<div id=\"elementor-tab-title-1482\" class=\"elementor-tab-title\" data-tab=\"2\" role=\"button\" aria-controls=\"elementor-tab-content-1482\" aria-expanded=\"false\">\n\t\t\t\t\t\t\t\t\t\t\t\t\t<span class=\"elementor-accordion-icon elementor-accordion-icon-left\" aria-hidden=\"true\">\n\t\t\t\t\t\t\t\t\t\t\t\t\t\t\t<span class=\"elementor-accordion-icon-closed\"><svg class=\"e-font-icon-svg e-fas-plus\" viewbox=\"0 0 448 512\" xmlns=\"http:\/\/www.w3.org\/2000\/svg\"><path d=\"M416 208H272V64c0-17.67-14.33-32-32-32h-32c-17.67 0-32 14.33-32 32v144H32c-17.67 0-32 14.33-32 32v32c0 17.67 14.33 32 32 32h144v144c0 17.67 14.33 32 32 32h32c17.67 0 32-14.33 32-32V304h144c17.67 0 32-14.33 32-32v-32c0-17.67-14.33-32-32-32z\"><\/path><\/svg><\/span>\n\t\t\t\t\t\t\t\t<span class=\"elementor-accordion-icon-opened\"><svg class=\"e-font-icon-svg e-fas-minus\" viewbox=\"0 0 448 512\" xmlns=\"http:\/\/www.w3.org\/2000\/svg\"><path d=\"M416 208H32c-17.67 0-32 14.33-32 32v32c0 17.67 14.33 32 32 32h384c17.67 0 32-14.33 32-32v-32c0-17.67-14.33-32-32-32z\"><\/path><\/svg><\/span>\n\t\t\t\t\t\t\t\t\t\t\t\t\t\t<\/span>\n\t\t\t\t\t\t\t\t\t\t\t\t<a class=\"elementor-accordion-title\" tabindex=\"0\">Wie wurde cMixx \"erfunden\"?<\/a>\n\t\t\t\t\t<\/div>\n\t\t\t\t\t<div id=\"elementor-tab-content-1482\" class=\"elementor-tab-content elementor-clearfix\" data-tab=\"2\" role=\"region\" aria-labelledby=\"elementor-tab-title-1482\"><p><span style=\"font-weight: 400;\">2016 ver\u00f6ffentlichten Chaum und ein Team von Forschern einen Entwurf f\u00fcr ein \"beschleunigtes\" Mischnetz namens \"cmix\".  Die \"Vorberechnung\" wurde als L\u00f6sung f\u00fcr die Langsamkeit typischer Mischnetze vorgeschlagen.<\/span><\/p>\n<p><span style=\"font-weight: 400;\">Die Vorberechnung erm\u00f6glicht es den Mix-Knoten, die zeitaufw\u00e4ndige Kryptografie des \u00f6ffentlichen Schl\u00fcssels vor der Echtzeitphase der Bearbeitung von Nachrichten oder der Daten\u00fcbertragung zwischen Absendern und Empf\u00e4ngern durchzuf\u00fchren. Das Ergebnis ist eine sehr effiziente Art von Mixnet, die es den Nutzern erm\u00f6glicht, in Echtzeit zu senden und zu empfangen, ohne die Sicherheit oder den Datenschutz zu beeintr\u00e4chtigen.<\/span><\/p>\n<p><span style=\"font-weight: 400;\">Teil des anf\u00e4nglichen Forschungsprojekts war eine akademische Referenzimplementierung, die als Proof of Concept f\u00fcr cmix diente; sie umfasste ein Backend-Team von Mix-Knoten und einen rudiment\u00e4ren Smartphone-Client.<\/span><\/p>\n<p><span style=\"font-weight: 400;\">Im August 2017 begann eine Entwicklungsgruppe unter Chaums Leitung mit dem Aufbau einer dezentralen, sicheren und skalierbaren Implementierung namens cMixx.  Zu dem Team geh\u00f6rten Pioniere, die schon fr\u00fch praktische, anonyme und \u00fcberpr\u00fcfbare kryptografische Systeme entwickelt haben. Ihre Mitglieder geh\u00f6rten zu den ersten, die digitale W\u00e4hrungen, Mischnetzwerke, unerlaubte Kryptografie, \u00fcberpr\u00fcfbare Wahlsysteme und viele andere Fortschritte in der Kryptografie vorschlugen und einsetzten.<\/span><\/p><\/div>\n\t\t\t\t<\/div>\n\t\t\t\t\t\t\t\t<\/div>\n\t\t\t\t<\/div>\n\t\t\t\t<\/div>\n\t\t\t\t\t<\/div>\n\t\t<\/div>\n\t\t\t\t\t<\/div>\n\t\t<\/section>\n\t\t\t\t<\/div>","protected":false},"excerpt":{"rendered":"<p>Mehr \u00fcber Mixnets... Was ist ein Mixnet im Allgemeinen? cMixx ist ein sehr schnelles Mixnet.  Allgemein sind Mixnetze, auch bekannt als [...]<\/p>\n<p><a class=\"btn btn-secondary understrap-read-more-link\" href=\"https:\/\/xx.network\/de\/more-on-mixnets\/\">Weiterlesen\u00a0\u2026<span class=\"screen-reader-text\"> von cMixx - Mehr \u00fcber Mixnets<\/span><\/a><\/p>","protected":false},"author":147,"featured_media":18773,"parent":0,"menu_order":0,"comment_status":"closed","ping_status":"closed","template":"elementor_header_footer","meta":{"_acf_changed":false,"footnotes":""},"class_list":["post-27380","page","type-page","status-publish","has-post-thumbnail","hentry"],"acf":[],"yoast_head":"<!-- This site is optimized with the Yoast SEO plugin v25.6 - https:\/\/yoast.com\/wordpress\/plugins\/seo\/ -->\n<title>cMixx - More on Mixnets - xx network<\/title>\n<meta name=\"robots\" content=\"index, follow, max-snippet:-1, max-image-preview:large, max-video-preview:-1\" \/>\n<link rel=\"canonical\" href=\"https:\/\/pvrjousb.elementor.cloud\/ja\/more-on-mixnets\/\" \/>\n<meta property=\"og:locale\" content=\"de_DE\" \/>\n<meta property=\"og:type\" content=\"article\" \/>\n<meta property=\"og:title\" content=\"cMixx - More on Mixnets - xx network\" \/>\n<meta property=\"og:description\" content=\"More On Mixnets&#8230; What, in General, is a Mixnet? cMixx is a very fast mixnet.\u00a0 More generally, mixnets, also known [...]Weiterlesen\u00a0\u2026 from cMixx &#8211; More on Mixnets\" \/>\n<meta property=\"og:url\" content=\"https:\/\/pvrjousb.elementor.cloud\/ja\/more-on-mixnets\/\" \/>\n<meta property=\"og:site_name\" content=\"xx network\" \/>\n<meta property=\"article:modified_time\" content=\"2024-10-22T23:51:13+00:00\" \/>\n<meta property=\"og:image\" content=\"https:\/\/pvrjousb.elementor.cloud\/wp-content\/uploads\/2022\/01\/What-is-it-like-to-be-an-xx-Node_.jpg\" \/>\n\t<meta property=\"og:image:width\" content=\"1920\" \/>\n\t<meta property=\"og:image:height\" content=\"1080\" \/>\n\t<meta property=\"og:image:type\" content=\"image\/jpeg\" \/>\n<meta name=\"twitter:card\" content=\"summary_large_image\" \/>\n<meta name=\"twitter:label1\" content=\"Gesch\u00e4tzte Lesezeit\" \/>\n\t<meta name=\"twitter:data1\" content=\"2\u00a0Minuten\" \/>\n<script type=\"application\/ld+json\" class=\"yoast-schema-graph\">{\"@context\":\"https:\/\/schema.org\",\"@graph\":[{\"@type\":\"WebPage\",\"@id\":\"https:\/\/pvrjousb.elementor.cloud\/ja\/more-on-mixnets\/\",\"url\":\"https:\/\/pvrjousb.elementor.cloud\/ja\/more-on-mixnets\/\",\"name\":\"cMixx - More on Mixnets - xx network\",\"isPartOf\":{\"@id\":\"https:\/\/pvrjousb.elementor.cloud\/#website\"},\"primaryImageOfPage\":{\"@id\":\"https:\/\/pvrjousb.elementor.cloud\/ja\/more-on-mixnets\/#primaryimage\"},\"image\":{\"@id\":\"https:\/\/pvrjousb.elementor.cloud\/ja\/more-on-mixnets\/#primaryimage\"},\"thumbnailUrl\":\"https:\/\/xx.network\/wp-content\/uploads\/2022\/01\/What-is-it-like-to-be-an-xx-Node_.jpg\",\"datePublished\":\"2024-10-22T23:30:02+00:00\",\"dateModified\":\"2024-10-22T23:51:13+00:00\",\"breadcrumb\":{\"@id\":\"https:\/\/pvrjousb.elementor.cloud\/ja\/more-on-mixnets\/#breadcrumb\"},\"inLanguage\":\"de\",\"potentialAction\":[{\"@type\":\"ReadAction\",\"target\":[\"https:\/\/pvrjousb.elementor.cloud\/ja\/more-on-mixnets\/\"]}]},{\"@type\":\"ImageObject\",\"inLanguage\":\"de\",\"@id\":\"https:\/\/pvrjousb.elementor.cloud\/ja\/more-on-mixnets\/#primaryimage\",\"url\":\"https:\/\/xx.network\/wp-content\/uploads\/2022\/01\/What-is-it-like-to-be-an-xx-Node_.jpg\",\"contentUrl\":\"https:\/\/xx.network\/wp-content\/uploads\/2022\/01\/What-is-it-like-to-be-an-xx-Node_.jpg\",\"width\":1920,\"height\":1080},{\"@type\":\"BreadcrumbList\",\"@id\":\"https:\/\/pvrjousb.elementor.cloud\/ja\/more-on-mixnets\/#breadcrumb\",\"itemListElement\":[{\"@type\":\"ListItem\",\"position\":1,\"name\":\"Home\",\"item\":\"https:\/\/xx.network\/\"},{\"@type\":\"ListItem\",\"position\":2,\"name\":\"cMixx &#8211; More on Mixnets\"}]},{\"@type\":\"WebSite\",\"@id\":\"https:\/\/pvrjousb.elementor.cloud\/#website\",\"url\":\"https:\/\/pvrjousb.elementor.cloud\/\",\"name\":\"xx network\",\"description\":\"\",\"publisher\":{\"@id\":\"https:\/\/pvrjousb.elementor.cloud\/#organization\"},\"potentialAction\":[{\"@type\":\"SearchAction\",\"target\":{\"@type\":\"EntryPoint\",\"urlTemplate\":\"https:\/\/pvrjousb.elementor.cloud\/?s={search_term_string}\"},\"query-input\":{\"@type\":\"PropertyValueSpecification\",\"valueRequired\":true,\"valueName\":\"search_term_string\"}}],\"inLanguage\":\"de\"},{\"@type\":\"Organization\",\"@id\":\"https:\/\/pvrjousb.elementor.cloud\/#organization\",\"name\":\"xx network\",\"url\":\"https:\/\/pvrjousb.elementor.cloud\/\",\"logo\":{\"@type\":\"ImageObject\",\"inLanguage\":\"de\",\"@id\":\"https:\/\/pvrjousb.elementor.cloud\/#\/schema\/logo\/image\/\",\"url\":\"https:\/\/xx.network\/wp-content\/uploads\/2021\/10\/xx-network_logotype_color.svg\",\"contentUrl\":\"https:\/\/xx.network\/wp-content\/uploads\/2021\/10\/xx-network_logotype_color.svg\",\"width\":525,\"height\":175,\"caption\":\"xx network\"},\"image\":{\"@id\":\"https:\/\/pvrjousb.elementor.cloud\/#\/schema\/logo\/image\/\"}}]}<\/script>\n<!-- \/ Yoast SEO plugin. -->","yoast_head_json":{"title":"cMixx - Mehr \u00fcber Mixnets - xx network","robots":{"index":"index","follow":"follow","max-snippet":"max-snippet:-1","max-image-preview":"max-image-preview:large","max-video-preview":"max-video-preview:-1"},"canonical":"https:\/\/pvrjousb.elementor.cloud\/ja\/more-on-mixnets\/","og_locale":"de_DE","og_type":"article","og_title":"cMixx - More on Mixnets - xx network","og_description":"More On Mixnets&#8230; What, in General, is a Mixnet? cMixx is a very fast mixnet.\u00a0 More generally, mixnets, also known [...]Weiterlesen\u00a0\u2026 from cMixx &#8211; More on Mixnets","og_url":"https:\/\/pvrjousb.elementor.cloud\/ja\/more-on-mixnets\/","og_site_name":"xx network","article_modified_time":"2024-10-22T23:51:13+00:00","og_image":[{"width":1920,"height":1080,"url":"https:\/\/pvrjousb.elementor.cloud\/wp-content\/uploads\/2022\/01\/What-is-it-like-to-be-an-xx-Node_.jpg","type":"image\/jpeg"}],"twitter_card":"summary_large_image","twitter_misc":{"Gesch\u00e4tzte Lesezeit":"2\u00a0Minuten"},"schema":{"@context":"https:\/\/schema.org","@graph":[{"@type":"WebPage","@id":"https:\/\/pvrjousb.elementor.cloud\/ja\/more-on-mixnets\/","url":"https:\/\/pvrjousb.elementor.cloud\/ja\/more-on-mixnets\/","name":"cMixx - Mehr \u00fcber Mixnets - xx network","isPartOf":{"@id":"https:\/\/pvrjousb.elementor.cloud\/#website"},"primaryImageOfPage":{"@id":"https:\/\/pvrjousb.elementor.cloud\/ja\/more-on-mixnets\/#primaryimage"},"image":{"@id":"https:\/\/pvrjousb.elementor.cloud\/ja\/more-on-mixnets\/#primaryimage"},"thumbnailUrl":"https:\/\/xx.network\/wp-content\/uploads\/2022\/01\/What-is-it-like-to-be-an-xx-Node_.jpg","datePublished":"2024-10-22T23:30:02+00:00","dateModified":"2024-10-22T23:51:13+00:00","breadcrumb":{"@id":"https:\/\/pvrjousb.elementor.cloud\/ja\/more-on-mixnets\/#breadcrumb"},"inLanguage":"de","potentialAction":[{"@type":"ReadAction","target":["https:\/\/pvrjousb.elementor.cloud\/ja\/more-on-mixnets\/"]}]},{"@type":"ImageObject","inLanguage":"de","@id":"https:\/\/pvrjousb.elementor.cloud\/ja\/more-on-mixnets\/#primaryimage","url":"https:\/\/xx.network\/wp-content\/uploads\/2022\/01\/What-is-it-like-to-be-an-xx-Node_.jpg","contentUrl":"https:\/\/xx.network\/wp-content\/uploads\/2022\/01\/What-is-it-like-to-be-an-xx-Node_.jpg","width":1920,"height":1080},{"@type":"BreadcrumbList","@id":"https:\/\/pvrjousb.elementor.cloud\/ja\/more-on-mixnets\/#breadcrumb","itemListElement":[{"@type":"ListItem","position":1,"name":"Home","item":"https:\/\/xx.network\/"},{"@type":"ListItem","position":2,"name":"cMixx &#8211; More on Mixnets"}]},{"@type":"WebSite","@id":"https:\/\/pvrjousb.elementor.cloud\/#website","url":"https:\/\/pvrjousb.elementor.cloud\/","name":"xx network","description":"","publisher":{"@id":"https:\/\/pvrjousb.elementor.cloud\/#organization"},"potentialAction":[{"@type":"SearchAction","target":{"@type":"EntryPoint","urlTemplate":"https:\/\/pvrjousb.elementor.cloud\/?s={search_term_string}"},"query-input":{"@type":"PropertyValueSpecification","valueRequired":true,"valueName":"search_term_string"}}],"inLanguage":"de"},{"@type":"Organization","@id":"https:\/\/pvrjousb.elementor.cloud\/#organization","name":"xx network","url":"https:\/\/pvrjousb.elementor.cloud\/","logo":{"@type":"ImageObject","inLanguage":"de","@id":"https:\/\/pvrjousb.elementor.cloud\/#\/schema\/logo\/image\/","url":"https:\/\/xx.network\/wp-content\/uploads\/2021\/10\/xx-network_logotype_color.svg","contentUrl":"https:\/\/xx.network\/wp-content\/uploads\/2021\/10\/xx-network_logotype_color.svg","width":525,"height":175,"caption":"xx network"},"image":{"@id":"https:\/\/pvrjousb.elementor.cloud\/#\/schema\/logo\/image\/"}}]}},"_links":{"self":[{"href":"https:\/\/xx.network\/de\/wp-json\/wp\/v2\/pages\/27380","targetHints":{"allow":["GET"]}}],"collection":[{"href":"https:\/\/xx.network\/de\/wp-json\/wp\/v2\/pages"}],"about":[{"href":"https:\/\/xx.network\/de\/wp-json\/wp\/v2\/types\/page"}],"author":[{"embeddable":true,"href":"https:\/\/xx.network\/de\/wp-json\/wp\/v2\/users\/147"}],"replies":[{"embeddable":true,"href":"https:\/\/xx.network\/de\/wp-json\/wp\/v2\/comments?post=27380"}],"version-history":[{"count":0,"href":"https:\/\/xx.network\/de\/wp-json\/wp\/v2\/pages\/27380\/revisions"}],"wp:featuredmedia":[{"embeddable":true,"href":"https:\/\/xx.network\/de\/wp-json\/wp\/v2\/media\/18773"}],"wp:attachment":[{"href":"https:\/\/xx.network\/de\/wp-json\/wp\/v2\/media?parent=27380"}],"curies":[{"name":"wp","href":"https:\/\/api.w.org\/{rel}","templated":true}]}}