{"id":27809,"date":"2025-02-07T20:06:14","date_gmt":"2025-02-08T03:06:14","guid":{"rendered":"https:\/\/xx.network\/?page_id=27809"},"modified":"2025-03-27T16:38:57","modified_gmt":"2025-03-27T23:38:57","slug":"xx-coin","status":"publish","type":"page","link":"https:\/\/xx.network\/de\/xx-coin\/","title":{"rendered":"xx M\u00fcnze"},"content":{"rendered":"<div data-elementor-type=\"wp-page\" data-elementor-id=\"27809\" class=\"elementor elementor-27809\" data-elementor-post-type=\"page\">\n\t\t\t\t\t\t<section class=\"elementor-section elementor-top-section elementor-element elementor-element-cdb1b21 elementor-section-content-middle faq-banner elementor-section-boxed elementor-section-height-default elementor-section-height-default\" data-id=\"cdb1b21\" data-element_type=\"section\" data-settings=\"{&quot;background_background&quot;:&quot;classic&quot;}\">\n\t\t\t\t\t\t\t<div class=\"elementor-background-overlay\"><\/div>\n\t\t\t\t\t\t\t<div class=\"elementor-container elementor-column-gap-no\">\n\t\t\t\t\t<div class=\"elementor-column elementor-col-100 elementor-top-column elementor-element elementor-element-a86892a elementor-invisible\" data-id=\"a86892a\" data-element_type=\"column\" data-settings=\"{&quot;animation&quot;:&quot;fadeInDown&quot;}\">\n\t\t\t<div class=\"elementor-widget-wrap elementor-element-populated\">\n\t\t\t\t\t\t<div class=\"elementor-element elementor-element-7c7bce0 elementor-widget elementor-widget-heading\" data-id=\"7c7bce0\" data-element_type=\"widget\" data-widget_type=\"heading.default\">\n\t\t\t\t<div class=\"elementor-widget-container\">\n\t\t\t<h1 class=\"elementor-heading-title elementor-size-default\">Die xx-M\u00fcnze<\/h1>\t\t<\/div>\n\t\t\t\t<\/div>\n\t\t\t\t<div class=\"elementor-element elementor-element-2f07b10 elementor-widget elementor-widget-text-editor\" data-id=\"2f07b10\" data-element_type=\"widget\" data-widget_type=\"text-editor.default\">\n\t\t\t\t<div class=\"elementor-widget-container\">\n\t\t\t\t\t\t\t<p>Incentivierung des xx Netzwerks<\/p>\t\t\t\t\t\t<\/div>\n\t\t\t\t<\/div>\n\t\t\t\t\t<\/div>\n\t\t<\/div>\n\t\t\t\t\t<\/div>\n\t\t<\/section>\n\t\t\t\t<section class=\"elementor-section elementor-top-section elementor-element elementor-element-bd3bd04 elementor-section-stretched elementor-section-boxed elementor-section-height-default elementor-section-height-default\" data-id=\"bd3bd04\" data-element_type=\"section\" data-settings=\"{&quot;stretch_section&quot;:&quot;section-stretched&quot;}\">\n\t\t\t\t\t\t<div class=\"elementor-container elementor-column-gap-default\">\n\t\t\t\t\t<div class=\"elementor-column elementor-col-100 elementor-top-column elementor-element elementor-element-2d70a78\" data-id=\"2d70a78\" data-element_type=\"column\">\n\t\t\t<div class=\"elementor-widget-wrap elementor-element-populated\">\n\t\t\t\t\t\t<div class=\"elementor-element elementor-element-2ad54bb elementor-widget elementor-widget-heading\" data-id=\"2ad54bb\" data-element_type=\"widget\" data-widget_type=\"heading.default\">\n\t\t\t\t<div class=\"elementor-widget-container\">\n\t\t\t<h2 class=\"elementor-heading-title elementor-size-default\">Schau dir das xx coin an.<\/h2>\t\t<\/div>\n\t\t\t\t<\/div>\n\t\t\t\t<div class=\"elementor-element elementor-element-8d90df3 elementor-widget elementor-widget-accordion\" data-id=\"8d90df3\" data-element_type=\"widget\" data-widget_type=\"accordion.default\">\n\t\t\t\t<div class=\"elementor-widget-container\">\n\t\t\t\t\t<div class=\"elementor-accordion\">\n\t\t\t\t\t\t\t<div class=\"elementor-accordion-item\">\n\t\t\t\t\t<div id=\"elementor-tab-title-1481\" class=\"elementor-tab-title\" data-tab=\"1\" role=\"button\" aria-controls=\"elementor-tab-content-1481\" aria-expanded=\"false\">\n\t\t\t\t\t\t\t\t\t\t\t\t\t<span class=\"elementor-accordion-icon elementor-accordion-icon-left\" aria-hidden=\"true\">\n\t\t\t\t\t\t\t\t\t\t\t\t\t\t\t<span class=\"elementor-accordion-icon-closed\"><svg class=\"e-font-icon-svg e-fas-plus\" viewbox=\"0 0 448 512\" xmlns=\"http:\/\/www.w3.org\/2000\/svg\"><path d=\"M416 208H272V64c0-17.67-14.33-32-32-32h-32c-17.67 0-32 14.33-32 32v144H32c-17.67 0-32 14.33-32 32v32c0 17.67 14.33 32 32 32h144v144c0 17.67 14.33 32 32 32h32c17.67 0 32-14.33 32-32V304h144c17.67 0 32-14.33 32-32v-32c0-17.67-14.33-32-32-32z\"><\/path><\/svg><\/span>\n\t\t\t\t\t\t\t\t<span class=\"elementor-accordion-icon-opened\"><svg class=\"e-font-icon-svg e-fas-minus\" viewbox=\"0 0 448 512\" xmlns=\"http:\/\/www.w3.org\/2000\/svg\"><path d=\"M416 208H32c-17.67 0-32 14.33-32 32v32c0 17.67 14.33 32 32 32h384c17.67 0 32-14.33 32-32v-32c0-17.67-14.33-32-32-32z\"><\/path><\/svg><\/span>\n\t\t\t\t\t\t\t\t\t\t\t\t\t\t<\/span>\n\t\t\t\t\t\t\t\t\t\t\t\t<a class=\"elementor-accordion-title\" tabindex=\"0\">Was ist xx coin?<\/a>\n\t\t\t\t\t<\/div>\n\t\t\t\t\t<div id=\"elementor-tab-content-1481\" class=\"elementor-tab-content elementor-clearfix\" data-tab=\"1\" role=\"region\" aria-labelledby=\"elementor-tab-title-1481\"><p><span style=\"font-weight: 400;\">Die xx coin ist deine Art, an der xx network teilzunehmen. Er wird verwendet, um Anreize f\u00fcr den Betrieb eines cMixx\/Blockchain-Knotens zu schaffen, um diejenigen, die dies tun, durch ein Anreizsystem namens Nominated Proof Of Stake (NPOS) zu unterst\u00fctzen, um abzustimmen und das Netzwerk zu steuern und um Werte auszutauschen. Das xx coin bietet unzensierten Zugang zum privatesten dezentralen Kommunikationsnetzwerk der Welt.\u00a0<\/span><\/p><\/div>\n\t\t\t\t<\/div>\n\t\t\t\t\t\t\t<div class=\"elementor-accordion-item\">\n\t\t\t\t\t<div id=\"elementor-tab-title-1482\" class=\"elementor-tab-title\" data-tab=\"2\" role=\"button\" aria-controls=\"elementor-tab-content-1482\" aria-expanded=\"false\">\n\t\t\t\t\t\t\t\t\t\t\t\t\t<span class=\"elementor-accordion-icon elementor-accordion-icon-left\" aria-hidden=\"true\">\n\t\t\t\t\t\t\t\t\t\t\t\t\t\t\t<span class=\"elementor-accordion-icon-closed\"><svg class=\"e-font-icon-svg e-fas-plus\" viewbox=\"0 0 448 512\" xmlns=\"http:\/\/www.w3.org\/2000\/svg\"><path d=\"M416 208H272V64c0-17.67-14.33-32-32-32h-32c-17.67 0-32 14.33-32 32v144H32c-17.67 0-32 14.33-32 32v32c0 17.67 14.33 32 32 32h144v144c0 17.67 14.33 32 32 32h32c17.67 0 32-14.33 32-32V304h144c17.67 0 32-14.33 32-32v-32c0-17.67-14.33-32-32-32z\"><\/path><\/svg><\/span>\n\t\t\t\t\t\t\t\t<span class=\"elementor-accordion-icon-opened\"><svg class=\"e-font-icon-svg e-fas-minus\" viewbox=\"0 0 448 512\" xmlns=\"http:\/\/www.w3.org\/2000\/svg\"><path d=\"M416 208H32c-17.67 0-32 14.33-32 32v32c0 17.67 14.33 32 32 32h384c17.67 0 32-14.33 32-32v-32c0-17.67-14.33-32-32-32z\"><\/path><\/svg><\/span>\n\t\t\t\t\t\t\t\t\t\t\t\t\t\t<\/span>\n\t\t\t\t\t\t\t\t\t\t\t\t<a class=\"elementor-accordion-title\" tabindex=\"0\">xx coin - Governance &amp; Belohnungen<\/a>\n\t\t\t\t\t<\/div>\n\t\t\t\t\t<div id=\"elementor-tab-content-1482\" class=\"elementor-tab-content elementor-clearfix\" data-tab=\"2\" role=\"region\" aria-labelledby=\"elementor-tab-title-1482\"><p>The xx blockchain uses a Nominated Proof of Stake (NPoS) protocol to secure the network economically. The network\u2019s decentralized governance mechanisms allow every xx coin holder to propose, second, and vote in the referendums that shape the network. These referendums may modify the code of the network, add new features, change economic structures, and control just about every aspect of the platform.<\/p>\n<p><!-- \/wp:paragraph --><!-- wp:paragraph --><\/p>\n<p>Genauer gesagt wird die xx network das nominierte Staking nutzen, um Anreize f\u00fcr alle Coin-Inhaber zu schaffen, sich an der Auswahl, dem Betrieb, der Bindung und der Verwaltung der Nodes zu beteiligen. Es gibt vier M\u00f6glichkeiten, zum xx network beizutragen und xx coins zu verdienen:\u00a0<\/p>\n<p><!-- \/wp:paragraph --><!-- wp:list {\"ordered\":true} --><\/p>\n<ol class=\"wp-block-list\">\n<li style=\"list-style-type: none;\">\n<ol class=\"wp-block-list\"><!-- wp:list-item --><\/ol>\n<\/li>\n<\/ol>\n<ol>\n<li><a href=\"https:\/\/xx.network\/de\/nodes\/\" target=\"_blank\" rel=\"noreferrer noopener\"><strong>Einen aktiven Knoten ausf\u00fchren<\/strong><\/a>: xx coin holders can become an xx network node operator and earn xx coins in exchange for helping secure the network. Prospective validators must stake xx coins and attract nominations and stakes from the community to be elected. Once elected, every validator is equal, meaning their xx coin staking rewards are not proportional to the validator\u2019s stake, but rather determined by a point-based system that measures each validator\u2019s relative blockchain performance (uptime, block production, etc.). Today, it takes over 100k xx in nominations to become a node on the xx network blockchain.<br \/><br \/><\/li>\n<li><a href=\"https:\/\/staking.xx.nework\" target=\"_blank\" rel=\"noreferrer noopener\"><strong>Nominiere einen aktiven Knotenpunkt<\/strong><\/a><strong>:<\/strong> xx network-Nutzer, die keine Validatoren werden wollen, k\u00f6nnen ihre M\u00fcnzen einsetzen und Validatoren nominieren, um \u00fcber Governance-Vorschl\u00e4ge abzustimmen und Knoten im Netzwerk zu nominieren. Diese Nominatoren erhalten f\u00fcr die Token, die sie auf aktive Knoten gesetzt haben, in jeder \"\u00c4ra\" Zinsen, die sich nach einer Zinskurve und der spezifischen Provision und Leistung des Knotens richten. Nominierungen von aktiven Nodes k\u00f6nnen manuell \u00fcber die<br \/><br \/><!-- \/wp:list-item --><!-- wp:list-item --><\/li>\n<li><a href=\"https:\/\/xxfoundation.org\/archive\/xx-foundation-announces-the-xx-dapps-grant-program\/\" target=\"_blank\" rel=\"noreferrer noopener\"><strong>Erstelle eine xx App<\/strong><\/a>: The xx Foundation has launched a special grant initiative to jumpstart the development and deployment of privacy preserving\u00a0 dApps using the xxDK. The program will award individual grants of up to 1,000,000 xx coins for each successful submission, from an initial pool of 10,000,000 xx coins, and the <a href=\"https:\/\/xxfoundation.org\/xx-grants-program-reboot\/\">xx Stiftung<\/a> werden auch als Berater f\u00fcr jedes Zuschussprojekt, das in dieser Phase angenommen wird, beteiligt sein.<br \/><br \/><!-- \/wp:list-item --><!-- wp:list-item --><\/li>\n<li><a href=\"https:\/\/xx.network\/de\/welcome\/\" target=\"_blank\" rel=\"noreferrer noopener\"><strong>Das xx-\u00d6kosystem ausbauen<\/strong><\/a><strong>:<\/strong> Die xx network-Schatzkammer wurde eingerichtet, um Pr\u00e4mien und Belohnungen f\u00fcr die Weiterentwicklung des xx-\u00d6kosystems durch Aktivit\u00e4ten zu finanzieren, die vom Rat, dem Tech-Komitee oder der Community insgesamt vorgeschlagen werden. Tritt dem xx Discord und Telegram bei, um mehr \u00fcber neue Community-Initiativen zu erfahren und neue Ideen f\u00fcr die Weiterentwicklung des xx \u00d6kosystems einzubringen.<\/li>\n<\/ol>\n<p><!-- \/wp:list-item --><\/p>\n<p><!-- \/wp:list --><!-- wp:paragraph --><\/p>\n<p>xx Nodes sind f\u00fcr die Sicherheit und den Kernbetrieb des xx network unverzichtbar, und die Belohnung f\u00fcr die Nodes setzt sich aus einem Anteil der in das Netzwerk eingezahlten Geb\u00fchren und einer inflation\u00e4ren Belohnung aus neu gepr\u00e4gten xx coins zusammen. Wir sind uns jedoch bewusst, dass der Betrieb eines vollst\u00e4ndigen Knotens einiges an Fachwissen, Zeit und Geld erfordert, um die erforderliche Computerhardware und die Mindestanleihe zu erwerben und zu erhalten. Deshalb haben wir Node-Nominierungen und andere Belohnungsmechanismen eingef\u00fchrt, damit jeder aktive xx-Nutzer die M\u00f6glichkeit hat, sich an der Verwaltung und Entwicklung von xx network zu beteiligen und xx coins f\u00fcr seine Beitr\u00e4ge zu verdienen.<\/p>\n<p><!-- \/wp:paragraph --><\/p><\/div>\n\t\t\t\t<\/div>\n\t\t\t\t\t\t\t<div class=\"elementor-accordion-item\">\n\t\t\t\t\t<div id=\"elementor-tab-title-1483\" class=\"elementor-tab-title\" data-tab=\"3\" role=\"button\" aria-controls=\"elementor-tab-content-1483\" aria-expanded=\"false\">\n\t\t\t\t\t\t\t\t\t\t\t\t\t<span class=\"elementor-accordion-icon elementor-accordion-icon-left\" aria-hidden=\"true\">\n\t\t\t\t\t\t\t\t\t\t\t\t\t\t\t<span class=\"elementor-accordion-icon-closed\"><svg class=\"e-font-icon-svg e-fas-plus\" viewbox=\"0 0 448 512\" xmlns=\"http:\/\/www.w3.org\/2000\/svg\"><path d=\"M416 208H272V64c0-17.67-14.33-32-32-32h-32c-17.67 0-32 14.33-32 32v144H32c-17.67 0-32 14.33-32 32v32c0 17.67 14.33 32 32 32h144v144c0 17.67 14.33 32 32 32h32c17.67 0 32-14.33 32-32V304h144c17.67 0 32-14.33 32-32v-32c0-17.67-14.33-32-32-32z\"><\/path><\/svg><\/span>\n\t\t\t\t\t\t\t\t<span class=\"elementor-accordion-icon-opened\"><svg class=\"e-font-icon-svg e-fas-minus\" viewbox=\"0 0 448 512\" xmlns=\"http:\/\/www.w3.org\/2000\/svg\"><path d=\"M416 208H32c-17.67 0-32 14.33-32 32v32c0 17.67 14.33 32 32 32h384c17.67 0 32-14.33 32-32v-32c0-17.67-14.33-32-32-32z\"><\/path><\/svg><\/span>\n\t\t\t\t\t\t\t\t\t\t\t\t\t\t<\/span>\n\t\t\t\t\t\t\t\t\t\t\t\t<a class=\"elementor-accordion-title\" tabindex=\"0\">xx coin - \u00d6kosystem-Nutzung<\/a>\n\t\t\t\t\t<\/div>\n\t\t\t\t\t<div id=\"elementor-tab-content-1483\" class=\"elementor-tab-content elementor-clearfix\" data-tab=\"3\" role=\"region\" aria-labelledby=\"elementor-tab-title-1483\"><p id=\"h-xx-coin-ecosystem-usage\" class=\"wp-block-heading\"><span style=\"color: var( --e-global-color-text ); font-weight: var( --e-global-typography-text-font-weight ); font-size: 1rem;\">Das xx network basiert auf der \u00dcberzeugung, dass du, egal wo du dich auf der Welt befindest, in der Lage sein solltest, privat zu kommunizieren und zu handeln, ohne dir Gedanken dar\u00fcber zu machen, ob dein digitaler Fu\u00dfabdruck von einer externen Partei eingesehen oder kompromittiert werden kann. Deshalb ist unsere Open-Source-Technologie so konzipiert, dass sie zwei Hauptfunktionen erm\u00f6glicht: private Kommunikation und sichere Zahlungen. Beide sollen auf einer Mischung aus kostenlosem und bezahltem \"Porto\" beruhen, einer Einheit, die die Menge an Rechenleistung und Bandbreite angibt, die f\u00fcr die private Daten\u00fcbertragung \u00fcber das xx network erforderlich ist.<\/span><\/p>\n<ul class=\"wp-block-list\">\n<li style=\"list-style-type: none;\">\n<ul class=\"wp-block-list\"><!-- wp:list-item --><\/ul>\n<\/li>\n<\/ul>\n<ul class=\"wp-block-list\">\n<li style=\"list-style-type: none;\">\n<ul class=\"wp-block-list\">\n<li><strong>Private Mitteilungen:<\/strong> Die Nutzung der privaten Kommunikationsebene des xx network ist so konzipiert, dass sie jedem zug\u00e4nglich ist, der ein geeignetes Mobiltelefon besitzt. Das System ist derzeit so konzipiert, dass die Nutzung f\u00fcr xx Benutzerkonten bis zu einem bestimmten Volumen pro Tag kostenlos ist.<\/li>\n<\/ul>\n<\/li>\n<\/ul>\n<p><!-- \/wp:list-item --><\/p>\n<p><!-- \/wp:list --><!-- wp:paragraph --><\/p>\n<p>Das zugewiesene Freiporto reicht f\u00fcr den allt\u00e4glichen Bedarf der meisten Nutzer aus. In Zukunft werden Organisationen und unabh\u00e4ngige Entwickler, die dApps und Smart Contracts auf dem xx network einsetzen und betreiben wollen, jedoch f\u00fcr zus\u00e4tzliche Bandbreite mit xx coins bezahlen m\u00fcssen. In Zukunft werden wir zus\u00e4tzliche Mechanismen f\u00fcr den Erwerb und die Nutzung von kostenlosem Porto einf\u00fchren, um den regul\u00e4ren xx-Nutzern zu helfen, aber die Nachfrage nach xx coin wird weiter steigen, wenn mehr datenschutzbewusste Unternehmen und Bauherren das xx network f\u00fcr die Kommunikation in gro\u00dfem Umfang nutzen.<\/p>\n<ul class=\"wp-block-list\">\n<li style=\"list-style-type: none;\">\n<ul class=\"wp-block-list\"><!-- wp:list-item --><\/ul>\n<\/li>\n<\/ul>\n<ul class=\"wp-block-list\">\n<li style=\"list-style-type: none;\">\n<ul class=\"wp-block-list\">\n<li><strong>Sichere Zahlungen: <\/strong>Jeder xx coin im Netzwerk wird in einem Konto oder einer Brieftasche aufbewahrt, die mit der st\u00e4rksten bekannten quantensicheren Kryptographie ausgestattet ist. Dies stellt sicher, dass im Gegensatz zu traditionellen Bankgesch\u00e4ften oder anderen Kryptow\u00e4hrungen nicht nur deine einzelnen Coins vor der rasanten Entwicklung von Quantencomputern gesch\u00fctzt sind, sondern auch die Infrastruktur, die deine Coins sichert, vor systemischen Risiken gesch\u00fctzt ist.<\/li>\n<\/ul>\n<\/li>\n<\/ul>\n<p><!-- \/wp:list-item --><\/p>\n<p><!-- \/wp:list --><!-- wp:paragraph --><\/p>\n<p>W\u00e4hrend die Nutzung von xx network-Nachrichten derzeit kostenlos ist, k\u00f6nnte die xx-Gemeinschaft ein Portosystem einf\u00fchren, bei dem alle xx coin-Inhaber\/innen je nach ihren Bed\u00fcrfnissen einen begrenzten Zugang zum Netzwerk h\u00e4tten. So wie es geplant ist, w\u00fcrden alle xx-Konten im Laufe der Zeit automatisch kostenloses Porto erhalten, um sicherzustellen, dass xx network f\u00fcr alle zug\u00e4nglich bleibt. F\u00fcr erweiterte Messaging-Funktionen, den Einsatz in Unternehmen und die Integration mit anderen Blockchains oder dApps wird zus\u00e4tzliches Porto ben\u00f6tigt, das durch den Kauf von xx coins erworben wird. Die einzigartige Netzwerkarchitektur des xx network ist so strukturiert, dass jeder neue Knotenpunkt zus\u00e4tzliche Transaktionsverarbeitungsleistung und Relay-Kapazit\u00e4t bereitstellen kann. Das bedeutet, dass mit zunehmender Anzahl von xx Knotenpunkten sowohl die Sicherheit als auch die Leistung steigt. Diese Skalierungseigenschaften erm\u00f6glichen somit einen positiven Kreislauf von\u00a0<span style=\"color: var( --e-global-color-text ); font-weight: var( --e-global-typography-text-font-weight ); font-size: 1rem;\">Wachstum, bei dem die Einnahmen der Validierer mit der Auslastung des Netzwerks steigen, was es dem Netzwerk erm\u00f6glicht, zus\u00e4tzliche Knotenpunkte zu unterst\u00fctzen und die Kapazit\u00e4t weiter zu erh\u00f6hen.<\/span><\/p>\n<p><!-- \/wp:paragraph --><\/p><\/div>\n\t\t\t\t<\/div>\n\t\t\t\t\t\t\t\t<\/div>\n\t\t\t\t<\/div>\n\t\t\t\t<\/div>\n\t\t\t\t\t<\/div>\n\t\t<\/div>\n\t\t\t\t\t<\/div>\n\t\t<\/section>\n\t\t\t\t<\/div>","protected":false},"excerpt":{"rendered":"<p>Die xx Coin Incentivierung des xx Netzwerks Schau dir das xx coin an. Was ist xx coin? Die xx coin [...]<\/p>\n<p><a class=\"btn btn-secondary understrap-read-more-link\" href=\"https:\/\/xx.network\/de\/xx-coin\/\">Weiterlesen\u00a0\u2026<span class=\"screen-reader-text\"> from xx Coin<\/span><\/a><\/p>","protected":false},"author":164,"featured_media":18773,"parent":0,"menu_order":0,"comment_status":"closed","ping_status":"closed","template":"elementor_header_footer","meta":{"_acf_changed":false,"footnotes":""},"class_list":["post-27809","page","type-page","status-publish","has-post-thumbnail","hentry"],"acf":[],"yoast_head":"<!-- This site is optimized with the Yoast SEO plugin v25.6 - https:\/\/yoast.com\/wordpress\/plugins\/seo\/ -->\n<title>xx Coin - xx network<\/title>\n<meta name=\"robots\" content=\"index, follow, max-snippet:-1, max-image-preview:large, max-video-preview:-1\" \/>\n<link rel=\"canonical\" href=\"https:\/\/xx.network\/de\/xx-coin\/\" \/>\n<meta property=\"og:locale\" content=\"de_DE\" \/>\n<meta property=\"og:type\" content=\"article\" \/>\n<meta property=\"og:title\" content=\"xx Coin - xx network\" \/>\n<meta property=\"og:description\" content=\"The xx Coin Incentivization of the xx Network Check out the xx coin. What Is xx coin? The xx coin [...]Weiterlesen\u00a0\u2026 from xx Coin\" \/>\n<meta property=\"og:url\" content=\"https:\/\/xx.network\/de\/xx-coin\/\" \/>\n<meta property=\"og:site_name\" content=\"xx network\" \/>\n<meta property=\"article:modified_time\" content=\"2025-03-27T23:38:57+00:00\" \/>\n<meta property=\"og:image\" content=\"https:\/\/xx.network\/wp-content\/uploads\/2022\/01\/What-is-it-like-to-be-an-xx-Node_.jpg\" \/>\n\t<meta property=\"og:image:width\" content=\"1920\" \/>\n\t<meta property=\"og:image:height\" content=\"1080\" \/>\n\t<meta property=\"og:image:type\" content=\"image\/jpeg\" \/>\n<meta name=\"twitter:card\" content=\"summary_large_image\" \/>\n<meta name=\"twitter:label1\" content=\"Gesch\u00e4tzte Lesezeit\" \/>\n\t<meta name=\"twitter:data1\" content=\"5\u00a0Minuten\" \/>\n<script type=\"application\/ld+json\" class=\"yoast-schema-graph\">{\"@context\":\"https:\/\/schema.org\",\"@graph\":[{\"@type\":\"WebPage\",\"@id\":\"https:\/\/xx.network\/xx-coin\/\",\"url\":\"https:\/\/xx.network\/xx-coin\/\",\"name\":\"xx Coin - xx network\",\"isPartOf\":{\"@id\":\"https:\/\/pvrjousb.elementor.cloud\/#website\"},\"primaryImageOfPage\":{\"@id\":\"https:\/\/xx.network\/xx-coin\/#primaryimage\"},\"image\":{\"@id\":\"https:\/\/xx.network\/xx-coin\/#primaryimage\"},\"thumbnailUrl\":\"https:\/\/xx.network\/wp-content\/uploads\/2022\/01\/What-is-it-like-to-be-an-xx-Node_.jpg\",\"datePublished\":\"2025-02-08T03:06:14+00:00\",\"dateModified\":\"2025-03-27T23:38:57+00:00\",\"breadcrumb\":{\"@id\":\"https:\/\/xx.network\/xx-coin\/#breadcrumb\"},\"inLanguage\":\"de\",\"potentialAction\":[{\"@type\":\"ReadAction\",\"target\":[\"https:\/\/xx.network\/xx-coin\/\"]}]},{\"@type\":\"ImageObject\",\"inLanguage\":\"de\",\"@id\":\"https:\/\/xx.network\/xx-coin\/#primaryimage\",\"url\":\"https:\/\/xx.network\/wp-content\/uploads\/2022\/01\/What-is-it-like-to-be-an-xx-Node_.jpg\",\"contentUrl\":\"https:\/\/xx.network\/wp-content\/uploads\/2022\/01\/What-is-it-like-to-be-an-xx-Node_.jpg\",\"width\":1920,\"height\":1080},{\"@type\":\"BreadcrumbList\",\"@id\":\"https:\/\/xx.network\/xx-coin\/#breadcrumb\",\"itemListElement\":[{\"@type\":\"ListItem\",\"position\":1,\"name\":\"Home\",\"item\":\"https:\/\/xx.network\/\"},{\"@type\":\"ListItem\",\"position\":2,\"name\":\"xx Coin\"}]},{\"@type\":\"WebSite\",\"@id\":\"https:\/\/pvrjousb.elementor.cloud\/#website\",\"url\":\"https:\/\/pvrjousb.elementor.cloud\/\",\"name\":\"xx network\",\"description\":\"\",\"publisher\":{\"@id\":\"https:\/\/pvrjousb.elementor.cloud\/#organization\"},\"potentialAction\":[{\"@type\":\"SearchAction\",\"target\":{\"@type\":\"EntryPoint\",\"urlTemplate\":\"https:\/\/pvrjousb.elementor.cloud\/?s={search_term_string}\"},\"query-input\":{\"@type\":\"PropertyValueSpecification\",\"valueRequired\":true,\"valueName\":\"search_term_string\"}}],\"inLanguage\":\"de\"},{\"@type\":\"Organization\",\"@id\":\"https:\/\/pvrjousb.elementor.cloud\/#organization\",\"name\":\"xx network\",\"url\":\"https:\/\/pvrjousb.elementor.cloud\/\",\"logo\":{\"@type\":\"ImageObject\",\"inLanguage\":\"de\",\"@id\":\"https:\/\/pvrjousb.elementor.cloud\/#\/schema\/logo\/image\/\",\"url\":\"https:\/\/xx.network\/wp-content\/uploads\/2021\/10\/xx-network_logotype_color.svg\",\"contentUrl\":\"https:\/\/xx.network\/wp-content\/uploads\/2021\/10\/xx-network_logotype_color.svg\",\"width\":525,\"height\":175,\"caption\":\"xx network\"},\"image\":{\"@id\":\"https:\/\/pvrjousb.elementor.cloud\/#\/schema\/logo\/image\/\"}}]}<\/script>\n<!-- \/ Yoast SEO plugin. -->","yoast_head_json":{"title":"xx Coin - xx network","robots":{"index":"index","follow":"follow","max-snippet":"max-snippet:-1","max-image-preview":"max-image-preview:large","max-video-preview":"max-video-preview:-1"},"canonical":"https:\/\/xx.network\/de\/xx-coin\/","og_locale":"de_DE","og_type":"article","og_title":"xx Coin - xx network","og_description":"The xx Coin Incentivization of the xx Network Check out the xx coin. What Is xx coin? The xx coin [...]Weiterlesen\u00a0\u2026 from xx Coin","og_url":"https:\/\/xx.network\/de\/xx-coin\/","og_site_name":"xx network","article_modified_time":"2025-03-27T23:38:57+00:00","og_image":[{"width":1920,"height":1080,"url":"https:\/\/xx.network\/wp-content\/uploads\/2022\/01\/What-is-it-like-to-be-an-xx-Node_.jpg","type":"image\/jpeg"}],"twitter_card":"summary_large_image","twitter_misc":{"Gesch\u00e4tzte Lesezeit":"5\u00a0Minuten"},"schema":{"@context":"https:\/\/schema.org","@graph":[{"@type":"WebPage","@id":"https:\/\/xx.network\/xx-coin\/","url":"https:\/\/xx.network\/xx-coin\/","name":"xx Coin - xx network","isPartOf":{"@id":"https:\/\/pvrjousb.elementor.cloud\/#website"},"primaryImageOfPage":{"@id":"https:\/\/xx.network\/xx-coin\/#primaryimage"},"image":{"@id":"https:\/\/xx.network\/xx-coin\/#primaryimage"},"thumbnailUrl":"https:\/\/xx.network\/wp-content\/uploads\/2022\/01\/What-is-it-like-to-be-an-xx-Node_.jpg","datePublished":"2025-02-08T03:06:14+00:00","dateModified":"2025-03-27T23:38:57+00:00","breadcrumb":{"@id":"https:\/\/xx.network\/xx-coin\/#breadcrumb"},"inLanguage":"de","potentialAction":[{"@type":"ReadAction","target":["https:\/\/xx.network\/xx-coin\/"]}]},{"@type":"ImageObject","inLanguage":"de","@id":"https:\/\/xx.network\/xx-coin\/#primaryimage","url":"https:\/\/xx.network\/wp-content\/uploads\/2022\/01\/What-is-it-like-to-be-an-xx-Node_.jpg","contentUrl":"https:\/\/xx.network\/wp-content\/uploads\/2022\/01\/What-is-it-like-to-be-an-xx-Node_.jpg","width":1920,"height":1080},{"@type":"BreadcrumbList","@id":"https:\/\/xx.network\/xx-coin\/#breadcrumb","itemListElement":[{"@type":"ListItem","position":1,"name":"Home","item":"https:\/\/xx.network\/"},{"@type":"ListItem","position":2,"name":"xx Coin"}]},{"@type":"WebSite","@id":"https:\/\/pvrjousb.elementor.cloud\/#website","url":"https:\/\/pvrjousb.elementor.cloud\/","name":"xx network","description":"","publisher":{"@id":"https:\/\/pvrjousb.elementor.cloud\/#organization"},"potentialAction":[{"@type":"SearchAction","target":{"@type":"EntryPoint","urlTemplate":"https:\/\/pvrjousb.elementor.cloud\/?s={search_term_string}"},"query-input":{"@type":"PropertyValueSpecification","valueRequired":true,"valueName":"search_term_string"}}],"inLanguage":"de"},{"@type":"Organization","@id":"https:\/\/pvrjousb.elementor.cloud\/#organization","name":"xx network","url":"https:\/\/pvrjousb.elementor.cloud\/","logo":{"@type":"ImageObject","inLanguage":"de","@id":"https:\/\/pvrjousb.elementor.cloud\/#\/schema\/logo\/image\/","url":"https:\/\/xx.network\/wp-content\/uploads\/2021\/10\/xx-network_logotype_color.svg","contentUrl":"https:\/\/xx.network\/wp-content\/uploads\/2021\/10\/xx-network_logotype_color.svg","width":525,"height":175,"caption":"xx network"},"image":{"@id":"https:\/\/pvrjousb.elementor.cloud\/#\/schema\/logo\/image\/"}}]}},"_links":{"self":[{"href":"https:\/\/xx.network\/de\/wp-json\/wp\/v2\/pages\/27809","targetHints":{"allow":["GET"]}}],"collection":[{"href":"https:\/\/xx.network\/de\/wp-json\/wp\/v2\/pages"}],"about":[{"href":"https:\/\/xx.network\/de\/wp-json\/wp\/v2\/types\/page"}],"author":[{"embeddable":true,"href":"https:\/\/xx.network\/de\/wp-json\/wp\/v2\/users\/164"}],"replies":[{"embeddable":true,"href":"https:\/\/xx.network\/de\/wp-json\/wp\/v2\/comments?post=27809"}],"version-history":[{"count":0,"href":"https:\/\/xx.network\/de\/wp-json\/wp\/v2\/pages\/27809\/revisions"}],"wp:featuredmedia":[{"embeddable":true,"href":"https:\/\/xx.network\/de\/wp-json\/wp\/v2\/media\/18773"}],"wp:attachment":[{"href":"https:\/\/xx.network\/de\/wp-json\/wp\/v2\/media?parent=27809"}],"curies":[{"name":"wp","href":"https:\/\/api.w.org\/{rel}","templated":true}]}}