{"id":22129,"date":"2022-03-07T17:58:43","date_gmt":"2022-03-08T00:58:43","guid":{"rendered":"https:\/\/xx.network\/?page_id=22129"},"modified":"2024-10-08T16:58:14","modified_gmt":"2024-10-08T23:58:14","slug":"november-betanet-compensation-applet-instructions","status":"publish","type":"page","link":"https:\/\/xx.network\/es\/november-betanet-compensation-applet-instructions\/","title":{"rendered":"Instrucciones para el applet de compensaci\u00f3n de BetaNet de noviembre"},"content":{"rendered":"<p><\/p>\n\n\n\n<p>Este applet le permitir\u00e1 firmar el contrato para recibir 4.000xx en compensaci\u00f3n por el funcionamiento de su nodo en la primera mitad de noviembre de 2021. S\u00f3lo los nodos con &gt; 60% de tiempo de actividad entre ProtoNet y MainNet son elegibles. Si eres elegible recibir\u00e1s un correo electr\u00f3nico. <\/p>\n\n\n\n<h2 class=\"wp-block-heading\">Nodos MainNet<\/h2>\n\n\n\n<p>Seg\u00fan la <a href=\"https:\/\/xx.network\/es\/archive\/economic-fixes-for-the-xx-network-stage-2\/\">Pagos de noviembre<\/a> anuncio, es necesario registrar un <strong>nueva cartera<\/strong> para recibir sus pagos de noviembre en<\/p>\n\n\n\n<p>La semana que viene se realizar\u00e1 el proceso para que los operadores trasladen sus nodos al nuevo monedero. Se trasladar\u00e1 su nodo a este nuevo monedero, lo que liberar\u00e1 su monedero actual para nominar cualquier nodo manteniendo el Multiplicador de Equipo - garantizando as\u00ed que sus monedas puedan aprovechar al m\u00e1ximo la nominaci\u00f3n en el xx network.<\/p>\n\n\n\n<p><strong>Paso 1 - Generar un nuevo monedero<\/strong><\/p>\n\n\n\n<p>Por favor, utilice el <a href=\"https:\/\/xx.network\/es\/archive\/mainnet-wallet-gen\/\">Generador de carteras Quantum Ready<\/a> para crear un nuevo monedero. Aseg\u00farate de mantenerla segura, esta ser\u00e1 la cartera desde la que tu nodo se validar\u00e1.<\/p>\n\n\n\n<p><strong>Paso 2 - Firmar el contrato del nuevo monedero<\/strong><\/p>\n\n\n\n<p>Utilizando el Applet de Pago de Noviembre (descargado m\u00e1s abajo) utiliza tus Claves BetaNet para firmar el contrato y comprometerte con tu nuevo monedero.\u00a0<\/p>\n\n\n\n<p>Tendr\u00e1 que utilizar esta cartera con el nuevo applet de compromiso del programa de transici\u00f3n MainNet de la pr\u00f3xima semana.<\/p>\n\n\n\n<p>Eso es todo. El equipo recibir\u00e1 sus monedas durante la pr\u00f3xima semana y empezar\u00e1 pronto la siguiente fase del proceso.<\/p>\n\n\n\n<h2 class=\"wp-block-heading\">Nodos CanaryNet<\/h2>\n\n\n\n<p>Instrucciones para recibir la compensaci\u00f3n de noviembre de BetaNet para los nodos que no est\u00e1n en el Programa de Transici\u00f3n MainNet.<\/p>\n\n\n\n<p>Seg\u00fan la <a href=\"https:\/\/xx.network\/es\/archive\/economic-fixes-for-the-xx-network-stage-2\/\">Pagos de noviembre<\/a> anuncio, es necesario registrar un monedero para recibir el pago de noviembre.&nbsp;<\/p>\n\n\n\n<p>Puede ser un nuevo monedero o un monedero existente. Si desea utilizar un nuevo monedero, por favor, utilice el bot\u00f3n <a href=\"https:\/\/xx.network\/es\/archive\/mainnet-wallet-gen\/\">Generador de carteras Quantum Ready<\/a> para hacer una nueva cartera.&nbsp;<\/p>\n\n\n\n<p>Con su monedero seleccionado, descargue el Applet de Pago de Noviembre (descargar abajo) y utilice sus Claves BetaNet para firmar el contrato y comprometerse con su monedero.\u00a0<\/p>\n\n\n\n<p>Eso es todo. El equipo recibir\u00e1 sus monedas durante la pr\u00f3xima semana.<\/p>\n\n\n\n<p>Descargue el archivo correcto para su sistema operativo. Puede utilizar las sumas de comprobaci\u00f3n SHA256 proporcionadas para verificar la integridad de su descarga.<\/p>\n\n\n\n<h2 class=\"wp-block-heading\" id=\"h-download\">Descargar<\/h2>\n\n\n\n<ul class=\"wp-block-list\" style=\"font-style:normal;font-weight:400\"><li> <strong><a href=\"https:\/\/docs.xx.network\/november-compensation-form\/november-compensation-mac-x64.zip\" target=\"_blank\" rel=\"noreferrer noopener\">macOS<\/a> <\/strong>(Intel y M1) <br> <small>Checksum: <code>9b6ab0a974999aefe03c5f1c8551464ac5f8f71cbdcd7fd09f19de3436a023a5<\/code><\/small> <\/li><li> <strong><a href=\"https:\/\/docs.xx.network\/november-compensation-form\/november-compensation-windows-x64.exe\" target=\"_blank\" rel=\"noreferrer noopener\">Windows<\/a><\/strong> <br> <small>Checksum: <code>bc4278c2e8e382ef6c1bef85700766ad6e42551945c18fd9a88f1e4c52386a21<\/code><\/small><\/li><li> <strong><a href=\"https:\/\/docs.xx.network\/november-compensation-form\/november-compensation-linux-x64.zip\" target=\"_blank\" rel=\"noreferrer noopener\">Linux<\/a><\/strong> <br> <small>Checksum: <code>09808e3a8cc9bdeca7ce9e1c2ef561b17c04bf74af0cc6a73605f210158cece9<\/code><\/small> <\/li><li> <strong>Fuente:<\/strong> <a href=\"https:\/\/git.xx.network\/elixxir\/mainnet-commitments\/-\/tree\/november-commitments\" target=\"_blank\" rel=\"noreferrer noopener\">noviembre-compromisos<\/a> rama en el <a href=\"https:\/\/git.xx.network\/elixxir\/mainnet-commitments\" target=\"_blank\" rel=\"noreferrer noopener\">elixxir\/mainnet-compromisos<\/a> repositorio <\/li><li> <strong>Fuente de la GUI:<\/strong> <a href=\"https:\/\/git.xx.network\/elixxir\/mainnet-commitments-ui\/-\/tree\/novemberCompensationForm\" target=\"_blank\" rel=\"noreferrer noopener\">noviembreFormulario de compensaci\u00f3n<\/a> rama en el <a href=\"https:\/\/git.xx.network\/elixxir\/mainnet-commitments-ui\" target=\"_blank\" rel=\"noreferrer noopener\">elixxir\/mainnet-commitments-ui<\/a> repositorio <\/li><\/ul>\n\n\n\n<h2 class=\"wp-block-heading\" id=\"h-instructions\">Instrucciones<\/h2>\n\n\n\n<h3 class=\"wp-block-heading\" id=\"h-set-up\">Configurar<\/h3>\n\n\n\n<h4 class=\"wp-block-heading\" id=\"h-macos\">macOS<\/h4>\n\n\n\n<ol class=\"wp-block-list\"><li>Descargue el archivo zip para macOS arriba. El mismo archivo funcionar\u00e1 en los Macs M1 e Intel.<\/li><li>Haz doble clic en el archivo zip. La aplicaci\u00f3n se extraer\u00e1 en la misma ubicaci\u00f3n.<\/li><li>Haz clic con el bot\u00f3n derecho del rat\u00f3n en la aplicaci\u00f3n y selecciona \"Abrir\".<\/li><li>Aparecer\u00e1 una advertencia diciendo que la aplicaci\u00f3n no puede ser verificada. Haz clic en el bot\u00f3n \"Abrir\" para continuar.<\/li><\/ol>\n\n\n\n<h4 class=\"wp-block-heading\" id=\"h-windows\">Windows<\/h4>\n\n\n\n<ol class=\"wp-block-list\"><li>Descargue el binario para Windows arriba.<\/li><li>Haz doble clic en el ejecutable descargado para instalar la aplicaci\u00f3n (ten en cuenta que el instalador extrae la aplicaci\u00f3n y sus activos al directorio de archivos temporales).<\/li><li><span style=\"background-color: var(--bs-body-bg);color: var(--bs-body-color);font-family: var(--bs-body-font-family);font-size: var(--bs-body-font-size);font-weight: var(--bs-body-font-weight);text-align: var(--bs-body-text-align)\">Una vez que se abra el instalador, haz clic en el bot\u00f3n \"Instalar\" para instalar la aplicaci\u00f3n en tus archivos temporales (o selecciona una ubicaci\u00f3n alternativa).<\/span><\/li><li>Una vez que el instalador haya terminado, haz clic en el bot\u00f3n \"Cerrar\" y la aplicaci\u00f3n se iniciar\u00e1 autom\u00e1ticamente.<\/li><\/ol>\n\n\n\n<p class=\"has-small-font-size\">Si cierra la aplicaci\u00f3n y necesita volver a iniciarla, puede volver a instalarla a trav\u00e9s del instalador descargado o navegar a <code>%LocalAppData%\\Temp\\NcompensationForm<\/code> y lanzar <code>nw.exe<\/code>.<\/p>\n\n\n\n<h4 class=\"wp-block-heading\" id=\"h-linux\">Linux<\/h4>\n\n\n\n<ol class=\"wp-block-list\"><li>Descargue el archivo zip para Linux.<\/li><li>Extraiga el contenido del archivo zip. <pre class=\"wp-block-code\"><code><strong>$<\/strong> descomprimir november-compensation-linux-x64.zip<\/code><\/pre><\/li><li>Introduzca el directorio extra\u00eddo. <pre class=\"wp-block-code\"><code><strong>$<\/strong> cd nwjs-*<\/code><\/pre><\/li><li>Ejecutar el <code>nw<\/code> ejecutable. <pre class=\"wp-block-code\"><code><strong>$<\/strong> .\/nw<\/code><\/pre><\/li><\/ol>\n\n\n\n<h3 class=\"wp-block-heading\" id=\"h-using-the-form\">Uso del formulario<\/h3>\n\n\n\n<p>Para rellenar este formulario, necesita las credenciales de su nodo BetaNet (clave, certificado p\u00fablico y FID). Seg\u00fan las instrucciones anteriores, el equipo espera que los operadores de los nodos las tengan en un lugar seguro. Para encontrarlas, consulte <a href=\"https:\/\/xxnetwork.wiki\/Finding_Betanet_Node_Credentials\">C\u00f3mo encontrar las credenciales de los nodos de Betanet<\/a> en la wiki. Si a\u00fan no los tiene, desc\u00e1rguelos en la m\u00e1quina desde la que ejecuta la aplicaci\u00f3n.<\/p>\n\n\n\n<ol class=\"wp-block-list\"><li>Primero, seleccione el certificado p\u00fablico de su Nodo. Ser\u00e1 un <code>.crt<\/code> o <code>.cert<\/code> archivo.<\/li><li>Selecciona la clave privada de tu Nodo. Ser\u00e1 una <code>.clave<\/code> archivo.<\/li><li>Seleccione el archivo de identidad de su nodo (IDF). Ser\u00e1 un <code>.json<\/code> archivo.<\/li><li>Introduzca el monedero para recibir el pago. Si es un nodo MainNet, ser\u00e1 un monedero nuevo. Si es un nodo CanaryNet, ser\u00e1 un monedero existente o nuevo.<\/li><li>Revise el contrato y pulse la marca de verificaci\u00f3n para aceptar las condiciones. Tenga en cuenta que puede ver el contrato completo en una p\u00e1gina aparte o imprimirlo para sus archivos.<\/li><li>Pulse el bot\u00f3n \"Enviar\" y espere el mensaje de confirmaci\u00f3n. Esto puede tardar unos instantes.<\/li><\/ol>\n\n\n\n<p>Si no tienes tus claves de BetaNet, el equipo no puede ayudarte.<\/p>","protected":false},"excerpt":{"rendered":"<p>This applet will allow you to sign the contract to receive 4,000xx in compensation for running your node in the [&#8230;]<\/p>\n<p><a class=\"btn btn-secondary understrap-read-more-link\" href=\"https:\/\/xx.network\/es\/november-betanet-compensation-applet-instructions\/\">Leer m\u00e1s...<span class=\"screen-reader-text\"> from November BetaNet Compensation Applet Instructions<\/span><\/a><\/p>","protected":false},"author":147,"featured_media":18773,"parent":0,"menu_order":0,"comment_status":"closed","ping_status":"closed","template":"","meta":{"_acf_changed":false,"footnotes":""},"class_list":["post-22129","page","type-page","status-publish","has-post-thumbnail","hentry"],"acf":[],"yoast_head":"<!-- This site is optimized with the Yoast SEO plugin v25.6 - https:\/\/yoast.com\/wordpress\/plugins\/seo\/ -->\n<title>November BetaNet Compensation Applet Instructions - xx network<\/title>\n<meta name=\"robots\" content=\"index, follow, max-snippet:-1, max-image-preview:large, max-video-preview:-1\" \/>\n<link rel=\"canonical\" href=\"https:\/\/pvrjousb.elementor.cloud\/uk\/november-betanet-compensation-applet-instructions\/\" \/>\n<meta property=\"og:locale\" content=\"es_ES\" \/>\n<meta property=\"og:type\" content=\"article\" \/>\n<meta property=\"og:title\" content=\"November BetaNet Compensation Applet Instructions - xx network\" \/>\n<meta property=\"og:description\" content=\"This applet will allow you to sign the contract to receive 4,000xx in compensation for running your node in the [...]Leer m\u00e1s... from November BetaNet Compensation Applet Instructions\" \/>\n<meta property=\"og:url\" content=\"https:\/\/pvrjousb.elementor.cloud\/uk\/november-betanet-compensation-applet-instructions\/\" \/>\n<meta property=\"og:site_name\" content=\"xx network\" \/>\n<meta property=\"article:modified_time\" content=\"2024-10-08T23:58:14+00:00\" \/>\n<meta property=\"og:image\" content=\"https:\/\/pvrjousb.elementor.cloud\/wp-content\/uploads\/2022\/01\/What-is-it-like-to-be-an-xx-Node_.jpg\" \/>\n\t<meta property=\"og:image:width\" content=\"1920\" \/>\n\t<meta property=\"og:image:height\" content=\"1080\" \/>\n\t<meta property=\"og:image:type\" content=\"image\/jpeg\" \/>\n<meta name=\"twitter:card\" content=\"summary_large_image\" \/>\n<meta name=\"twitter:label1\" content=\"Tiempo de lectura\" \/>\n\t<meta name=\"twitter:data1\" content=\"4 minutos\" \/>\n<script type=\"application\/ld+json\" class=\"yoast-schema-graph\">{\"@context\":\"https:\/\/schema.org\",\"@graph\":[{\"@type\":\"WebPage\",\"@id\":\"https:\/\/pvrjousb.elementor.cloud\/uk\/november-betanet-compensation-applet-instructions\/\",\"url\":\"https:\/\/pvrjousb.elementor.cloud\/uk\/november-betanet-compensation-applet-instructions\/\",\"name\":\"November BetaNet Compensation Applet Instructions - xx network\",\"isPartOf\":{\"@id\":\"https:\/\/pvrjousb.elementor.cloud\/#website\"},\"primaryImageOfPage\":{\"@id\":\"https:\/\/pvrjousb.elementor.cloud\/uk\/november-betanet-compensation-applet-instructions\/#primaryimage\"},\"image\":{\"@id\":\"https:\/\/pvrjousb.elementor.cloud\/uk\/november-betanet-compensation-applet-instructions\/#primaryimage\"},\"thumbnailUrl\":\"https:\/\/xx.network\/wp-content\/uploads\/2022\/01\/What-is-it-like-to-be-an-xx-Node_.jpg\",\"datePublished\":\"2022-03-08T00:58:43+00:00\",\"dateModified\":\"2024-10-08T23:58:14+00:00\",\"breadcrumb\":{\"@id\":\"https:\/\/pvrjousb.elementor.cloud\/uk\/november-betanet-compensation-applet-instructions\/#breadcrumb\"},\"inLanguage\":\"es\",\"potentialAction\":[{\"@type\":\"ReadAction\",\"target\":[\"https:\/\/pvrjousb.elementor.cloud\/uk\/november-betanet-compensation-applet-instructions\/\"]}]},{\"@type\":\"ImageObject\",\"inLanguage\":\"es\",\"@id\":\"https:\/\/pvrjousb.elementor.cloud\/uk\/november-betanet-compensation-applet-instructions\/#primaryimage\",\"url\":\"https:\/\/xx.network\/wp-content\/uploads\/2022\/01\/What-is-it-like-to-be-an-xx-Node_.jpg\",\"contentUrl\":\"https:\/\/xx.network\/wp-content\/uploads\/2022\/01\/What-is-it-like-to-be-an-xx-Node_.jpg\",\"width\":1920,\"height\":1080},{\"@type\":\"BreadcrumbList\",\"@id\":\"https:\/\/pvrjousb.elementor.cloud\/uk\/november-betanet-compensation-applet-instructions\/#breadcrumb\",\"itemListElement\":[{\"@type\":\"ListItem\",\"position\":1,\"name\":\"Home\",\"item\":\"https:\/\/xx.network\/\"},{\"@type\":\"ListItem\",\"position\":2,\"name\":\"November BetaNet Compensation Applet Instructions\"}]},{\"@type\":\"WebSite\",\"@id\":\"https:\/\/pvrjousb.elementor.cloud\/#website\",\"url\":\"https:\/\/pvrjousb.elementor.cloud\/\",\"name\":\"xx network\",\"description\":\"\",\"publisher\":{\"@id\":\"https:\/\/pvrjousb.elementor.cloud\/#organization\"},\"potentialAction\":[{\"@type\":\"SearchAction\",\"target\":{\"@type\":\"EntryPoint\",\"urlTemplate\":\"https:\/\/pvrjousb.elementor.cloud\/?s={search_term_string}\"},\"query-input\":{\"@type\":\"PropertyValueSpecification\",\"valueRequired\":true,\"valueName\":\"search_term_string\"}}],\"inLanguage\":\"es\"},{\"@type\":\"Organization\",\"@id\":\"https:\/\/pvrjousb.elementor.cloud\/#organization\",\"name\":\"xx network\",\"url\":\"https:\/\/pvrjousb.elementor.cloud\/\",\"logo\":{\"@type\":\"ImageObject\",\"inLanguage\":\"es\",\"@id\":\"https:\/\/pvrjousb.elementor.cloud\/#\/schema\/logo\/image\/\",\"url\":\"https:\/\/xx.network\/wp-content\/uploads\/2021\/10\/xx-network_logotype_color.svg\",\"contentUrl\":\"https:\/\/xx.network\/wp-content\/uploads\/2021\/10\/xx-network_logotype_color.svg\",\"width\":525,\"height\":175,\"caption\":\"xx network\"},\"image\":{\"@id\":\"https:\/\/pvrjousb.elementor.cloud\/#\/schema\/logo\/image\/\"}}]}<\/script>\n<!-- \/ Yoast SEO plugin. -->","yoast_head_json":{"title":"Instrucciones del Applet de Compensaci\u00f3n de BetaNet de noviembre - xx network","robots":{"index":"index","follow":"follow","max-snippet":"max-snippet:-1","max-image-preview":"max-image-preview:large","max-video-preview":"max-video-preview:-1"},"canonical":"https:\/\/pvrjousb.elementor.cloud\/uk\/november-betanet-compensation-applet-instructions\/","og_locale":"es_ES","og_type":"article","og_title":"November BetaNet Compensation Applet Instructions - xx network","og_description":"This applet will allow you to sign the contract to receive 4,000xx in compensation for running your node in the [...]Leer m\u00e1s... from November BetaNet Compensation Applet Instructions","og_url":"https:\/\/pvrjousb.elementor.cloud\/uk\/november-betanet-compensation-applet-instructions\/","og_site_name":"xx network","article_modified_time":"2024-10-08T23:58:14+00:00","og_image":[{"width":1920,"height":1080,"url":"https:\/\/pvrjousb.elementor.cloud\/wp-content\/uploads\/2022\/01\/What-is-it-like-to-be-an-xx-Node_.jpg","type":"image\/jpeg"}],"twitter_card":"summary_large_image","twitter_misc":{"Tiempo de lectura":"4 minutos"},"schema":{"@context":"https:\/\/schema.org","@graph":[{"@type":"WebPage","@id":"https:\/\/pvrjousb.elementor.cloud\/uk\/november-betanet-compensation-applet-instructions\/","url":"https:\/\/pvrjousb.elementor.cloud\/uk\/november-betanet-compensation-applet-instructions\/","name":"Instrucciones del Applet de Compensaci\u00f3n de BetaNet de noviembre - xx network","isPartOf":{"@id":"https:\/\/pvrjousb.elementor.cloud\/#website"},"primaryImageOfPage":{"@id":"https:\/\/pvrjousb.elementor.cloud\/uk\/november-betanet-compensation-applet-instructions\/#primaryimage"},"image":{"@id":"https:\/\/pvrjousb.elementor.cloud\/uk\/november-betanet-compensation-applet-instructions\/#primaryimage"},"thumbnailUrl":"https:\/\/xx.network\/wp-content\/uploads\/2022\/01\/What-is-it-like-to-be-an-xx-Node_.jpg","datePublished":"2022-03-08T00:58:43+00:00","dateModified":"2024-10-08T23:58:14+00:00","breadcrumb":{"@id":"https:\/\/pvrjousb.elementor.cloud\/uk\/november-betanet-compensation-applet-instructions\/#breadcrumb"},"inLanguage":"es","potentialAction":[{"@type":"ReadAction","target":["https:\/\/pvrjousb.elementor.cloud\/uk\/november-betanet-compensation-applet-instructions\/"]}]},{"@type":"ImageObject","inLanguage":"es","@id":"https:\/\/pvrjousb.elementor.cloud\/uk\/november-betanet-compensation-applet-instructions\/#primaryimage","url":"https:\/\/xx.network\/wp-content\/uploads\/2022\/01\/What-is-it-like-to-be-an-xx-Node_.jpg","contentUrl":"https:\/\/xx.network\/wp-content\/uploads\/2022\/01\/What-is-it-like-to-be-an-xx-Node_.jpg","width":1920,"height":1080},{"@type":"BreadcrumbList","@id":"https:\/\/pvrjousb.elementor.cloud\/uk\/november-betanet-compensation-applet-instructions\/#breadcrumb","itemListElement":[{"@type":"ListItem","position":1,"name":"Home","item":"https:\/\/xx.network\/"},{"@type":"ListItem","position":2,"name":"November BetaNet Compensation Applet Instructions"}]},{"@type":"WebSite","@id":"https:\/\/pvrjousb.elementor.cloud\/#website","url":"https:\/\/pvrjousb.elementor.cloud\/","name":"xx network","description":"","publisher":{"@id":"https:\/\/pvrjousb.elementor.cloud\/#organization"},"potentialAction":[{"@type":"SearchAction","target":{"@type":"EntryPoint","urlTemplate":"https:\/\/pvrjousb.elementor.cloud\/?s={search_term_string}"},"query-input":{"@type":"PropertyValueSpecification","valueRequired":true,"valueName":"search_term_string"}}],"inLanguage":"es"},{"@type":"Organization","@id":"https:\/\/pvrjousb.elementor.cloud\/#organization","name":"xx network","url":"https:\/\/pvrjousb.elementor.cloud\/","logo":{"@type":"ImageObject","inLanguage":"es","@id":"https:\/\/pvrjousb.elementor.cloud\/#\/schema\/logo\/image\/","url":"https:\/\/xx.network\/wp-content\/uploads\/2021\/10\/xx-network_logotype_color.svg","contentUrl":"https:\/\/xx.network\/wp-content\/uploads\/2021\/10\/xx-network_logotype_color.svg","width":525,"height":175,"caption":"xx network"},"image":{"@id":"https:\/\/pvrjousb.elementor.cloud\/#\/schema\/logo\/image\/"}}]}},"_links":{"self":[{"href":"https:\/\/xx.network\/es\/wp-json\/wp\/v2\/pages\/22129","targetHints":{"allow":["GET"]}}],"collection":[{"href":"https:\/\/xx.network\/es\/wp-json\/wp\/v2\/pages"}],"about":[{"href":"https:\/\/xx.network\/es\/wp-json\/wp\/v2\/types\/page"}],"author":[{"embeddable":true,"href":"https:\/\/xx.network\/es\/wp-json\/wp\/v2\/users\/147"}],"replies":[{"embeddable":true,"href":"https:\/\/xx.network\/es\/wp-json\/wp\/v2\/comments?post=22129"}],"version-history":[{"count":0,"href":"https:\/\/xx.network\/es\/wp-json\/wp\/v2\/pages\/22129\/revisions"}],"wp:featuredmedia":[{"embeddable":true,"href":"https:\/\/xx.network\/es\/wp-json\/wp\/v2\/media\/18773"}],"wp:attachment":[{"href":"https:\/\/xx.network\/es\/wp-json\/wp\/v2\/media?parent=22129"}],"curies":[{"name":"wp","href":"https:\/\/api.w.org\/{rel}","templated":true}]}}