{"id":27280,"date":"2024-10-22T15:12:28","date_gmt":"2024-10-22T22:12:28","guid":{"rendered":"https:\/\/xx.network\/?page_id=27280"},"modified":"2024-10-29T19:13:12","modified_gmt":"2024-10-30T02:13:12","slug":"cmixx-how-it-works","status":"publish","type":"page","link":"https:\/\/xx.network\/es\/cmixx-how-it-works\/","title":{"rendered":"cMixx - C\u00f3mo funciona"},"content":{"rendered":"<div data-elementor-type=\"wp-page\" data-elementor-id=\"27280\" class=\"elementor elementor-27280\" data-elementor-post-type=\"page\">\n\t\t\t\t\t\t<section class=\"elementor-section elementor-top-section elementor-element elementor-element-cdb1b21 elementor-section-content-middle faq-banner elementor-section-boxed elementor-section-height-default elementor-section-height-default\" data-id=\"cdb1b21\" data-element_type=\"section\" data-settings=\"{&quot;background_background&quot;:&quot;classic&quot;}\">\n\t\t\t\t\t\t\t<div class=\"elementor-background-overlay\"><\/div>\n\t\t\t\t\t\t\t<div class=\"elementor-container elementor-column-gap-no\">\n\t\t\t\t\t<div class=\"elementor-column elementor-col-100 elementor-top-column elementor-element elementor-element-4b615e0\" data-id=\"4b615e0\" data-element_type=\"column\">\n\t\t\t<div class=\"elementor-widget-wrap\">\n\t\t\t\t\t\t\t<\/div>\n\t\t<\/div>\n\t\t\t\t\t<\/div>\n\t\t<\/section>\n\t\t\t\t<section class=\"elementor-section elementor-top-section elementor-element elementor-element-bd3bd04 elementor-section-stretched elementor-section-boxed elementor-section-height-default elementor-section-height-default\" data-id=\"bd3bd04\" data-element_type=\"section\" data-settings=\"{&quot;stretch_section&quot;:&quot;section-stretched&quot;}\">\n\t\t\t\t\t\t<div class=\"elementor-container elementor-column-gap-default\">\n\t\t\t\t\t<div class=\"elementor-column elementor-col-100 elementor-top-column elementor-element elementor-element-2d70a78\" data-id=\"2d70a78\" data-element_type=\"column\">\n\t\t\t<div class=\"elementor-widget-wrap elementor-element-populated\">\n\t\t\t\t\t\t<div class=\"elementor-element elementor-element-8d90df3 elementor-widget elementor-widget-accordion\" data-id=\"8d90df3\" data-element_type=\"widget\" data-widget_type=\"accordion.default\">\n\t\t\t\t<div class=\"elementor-widget-container\">\n\t\t\t\t\t<div class=\"elementor-accordion\">\n\t\t\t\t\t\t\t<div class=\"elementor-accordion-item\">\n\t\t\t\t\t<div id=\"elementor-tab-title-1481\" class=\"elementor-tab-title\" data-tab=\"1\" role=\"button\" aria-controls=\"elementor-tab-content-1481\" aria-expanded=\"false\">\n\t\t\t\t\t\t\t\t\t\t\t\t\t<span class=\"elementor-accordion-icon elementor-accordion-icon-left\" aria-hidden=\"true\">\n\t\t\t\t\t\t\t\t\t\t\t\t\t\t\t<span class=\"elementor-accordion-icon-closed\"><svg class=\"e-font-icon-svg e-fas-plus\" viewbox=\"0 0 448 512\" xmlns=\"http:\/\/www.w3.org\/2000\/svg\"><path d=\"M416 208H272V64c0-17.67-14.33-32-32-32h-32c-17.67 0-32 14.33-32 32v144H32c-17.67 0-32 14.33-32 32v32c0 17.67 14.33 32 32 32h144v144c0 17.67 14.33 32 32 32h32c17.67 0 32-14.33 32-32V304h144c17.67 0 32-14.33 32-32v-32c0-17.67-14.33-32-32-32z\"><\/path><\/svg><\/span>\n\t\t\t\t\t\t\t\t<span class=\"elementor-accordion-icon-opened\"><svg class=\"e-font-icon-svg e-fas-minus\" viewbox=\"0 0 448 512\" xmlns=\"http:\/\/www.w3.org\/2000\/svg\"><path d=\"M416 208H32c-17.67 0-32 14.33-32 32v32c0 17.67 14.33 32 32 32h384c17.67 0 32-14.33 32-32v-32c0-17.67-14.33-32-32-32z\"><\/path><\/svg><\/span>\n\t\t\t\t\t\t\t\t\t\t\t\t\t\t<\/span>\n\t\t\t\t\t\t\t\t\t\t\t\t<a class=\"elementor-accordion-title\" tabindex=\"0\">C\u00f3mo funciona cMixx.<\/a>\n\t\t\t\t\t<\/div>\n\t\t\t\t\t<div id=\"elementor-tab-content-1481\" class=\"elementor-tab-content elementor-clearfix\" data-tab=\"1\" role=\"region\" aria-labelledby=\"elementor-tab-title-1481\"><p><span style=\"font-weight: 400;\">cMixx es el protocolo avanzado de privacidad del xx network dise\u00f1ado para eliminar la exposici\u00f3n de metadatos en las interacciones en l\u00ednea entre personas, cadenas y empresas.<\/span><\/p>\n<p><span style=\"font-weight: 400;\">En la precomputaci\u00f3n, tras la selecci\u00f3n aleatoria de un nuevo equipo de xx nodos, \u00e9stos realizan una serie de c\u00e1lculos criptogr\u00e1ficos resistentes a la cu\u00e1ntica para producir una plantilla que dicta c\u00f3mo debe procesar el equipo la informaci\u00f3n durante la mezcla. La plantilla est\u00e1 completamente definida antes de que llegue el lote de mensajes, lo que garantiza la confidencialidad al tiempo que aumenta dr\u00e1sticamente la velocidad a la que puede procesarse la informaci\u00f3n en la fase de tiempo real.<\/span><\/p>\n<p><span style=\"font-weight: 400;\">En tiempo real, los remitentes consultan a las pasarelas y env\u00edan sus datos. A continuaci\u00f3n, las pasarelas agregan los datos en conjuntos an\u00f3nimos. La red encamina los conjuntos de datos a trav\u00e9s de un equipo de nodos seleccionados al azar. El primer nodo del equipo utiliza la plantilla para cifrar eficazmente cada dato; el nodo tambi\u00e9n utiliza la plantilla para cambiar el orden de los datos en el conjunto. Los sucesivos nodos del equipo repiten este proceso. El \u00faltimo nodo env\u00eda el conjunto de datos an\u00f3nimos, ahora cifrados, a una pasarela. A continuaci\u00f3n, los destinatarios consultan xx pasarelas para recuperar sus datos.<\/span><\/p><\/div>\n\t\t\t\t<\/div>\n\t\t\t\t\t\t\t<div class=\"elementor-accordion-item\">\n\t\t\t\t\t<div id=\"elementor-tab-title-1482\" class=\"elementor-tab-title\" data-tab=\"2\" role=\"button\" aria-controls=\"elementor-tab-content-1482\" aria-expanded=\"false\">\n\t\t\t\t\t\t\t\t\t\t\t\t\t<span class=\"elementor-accordion-icon elementor-accordion-icon-left\" aria-hidden=\"true\">\n\t\t\t\t\t\t\t\t\t\t\t\t\t\t\t<span class=\"elementor-accordion-icon-closed\"><svg class=\"e-font-icon-svg e-fas-plus\" viewbox=\"0 0 448 512\" xmlns=\"http:\/\/www.w3.org\/2000\/svg\"><path d=\"M416 208H272V64c0-17.67-14.33-32-32-32h-32c-17.67 0-32 14.33-32 32v144H32c-17.67 0-32 14.33-32 32v32c0 17.67 14.33 32 32 32h144v144c0 17.67 14.33 32 32 32h32c17.67 0 32-14.33 32-32V304h144c17.67 0 32-14.33 32-32v-32c0-17.67-14.33-32-32-32z\"><\/path><\/svg><\/span>\n\t\t\t\t\t\t\t\t<span class=\"elementor-accordion-icon-opened\"><svg class=\"e-font-icon-svg e-fas-minus\" viewbox=\"0 0 448 512\" xmlns=\"http:\/\/www.w3.org\/2000\/svg\"><path d=\"M416 208H32c-17.67 0-32 14.33-32 32v32c0 17.67 14.33 32 32 32h384c17.67 0 32-14.33 32-32v-32c0-17.67-14.33-32-32-32z\"><\/path><\/svg><\/span>\n\t\t\t\t\t\t\t\t\t\t\t\t\t\t<\/span>\n\t\t\t\t\t\t\t\t\t\t\t\t<a class=\"elementor-accordion-title\" tabindex=\"0\">cMixx Precomputaci\u00f3n.<\/a>\n\t\t\t\t\t<\/div>\n\t\t\t\t\t<div id=\"elementor-tab-content-1482\" class=\"elementor-tab-content elementor-clearfix\" data-tab=\"2\" role=\"region\" aria-labelledby=\"elementor-tab-title-1482\"><p><!-- wp:paragraph --><\/p>\n<p><img fetchpriority=\"high\" decoding=\"async\" class=\"aligncenter wp-image-27345 size-full\" src=\"https:\/\/xx.network\/wp-content\/uploads\/2024\/10\/Conventional-Mix-vs-cMixx.png\" alt=\"\" width=\"1280\" height=\"720\" srcset=\"https:\/\/xx.network\/wp-content\/uploads\/2024\/10\/Conventional-Mix-vs-cMixx.png 1280w, https:\/\/xx.network\/wp-content\/uploads\/2024\/10\/Conventional-Mix-vs-cMixx-300x169.png 300w, https:\/\/xx.network\/wp-content\/uploads\/2024\/10\/Conventional-Mix-vs-cMixx-1030x579.png 1030w, https:\/\/xx.network\/wp-content\/uploads\/2024\/10\/Conventional-Mix-vs-cMixx-768x432.png 768w, https:\/\/xx.network\/wp-content\/uploads\/2024\/10\/Conventional-Mix-vs-cMixx-18x10.png 18w\" sizes=\"(max-width: 1280px) 100vw, 1280px\" \/><\/p>\n<p><!-- \/wp:paragraph --><\/p><\/div>\n\t\t\t\t<\/div>\n\t\t\t\t\t\t\t<div class=\"elementor-accordion-item\">\n\t\t\t\t\t<div id=\"elementor-tab-title-1483\" class=\"elementor-tab-title\" data-tab=\"3\" role=\"button\" aria-controls=\"elementor-tab-content-1483\" aria-expanded=\"false\">\n\t\t\t\t\t\t\t\t\t\t\t\t\t<span class=\"elementor-accordion-icon elementor-accordion-icon-left\" aria-hidden=\"true\">\n\t\t\t\t\t\t\t\t\t\t\t\t\t\t\t<span class=\"elementor-accordion-icon-closed\"><svg class=\"e-font-icon-svg e-fas-plus\" viewbox=\"0 0 448 512\" xmlns=\"http:\/\/www.w3.org\/2000\/svg\"><path d=\"M416 208H272V64c0-17.67-14.33-32-32-32h-32c-17.67 0-32 14.33-32 32v144H32c-17.67 0-32 14.33-32 32v32c0 17.67 14.33 32 32 32h144v144c0 17.67 14.33 32 32 32h32c17.67 0 32-14.33 32-32V304h144c17.67 0 32-14.33 32-32v-32c0-17.67-14.33-32-32-32z\"><\/path><\/svg><\/span>\n\t\t\t\t\t\t\t\t<span class=\"elementor-accordion-icon-opened\"><svg class=\"e-font-icon-svg e-fas-minus\" viewbox=\"0 0 448 512\" xmlns=\"http:\/\/www.w3.org\/2000\/svg\"><path d=\"M416 208H32c-17.67 0-32 14.33-32 32v32c0 17.67 14.33 32 32 32h384c17.67 0 32-14.33 32-32v-32c0-17.67-14.33-32-32-32z\"><\/path><\/svg><\/span>\n\t\t\t\t\t\t\t\t\t\t\t\t\t\t<\/span>\n\t\t\t\t\t\t\t\t\t\t\t\t<a class=\"elementor-accordion-title\" tabindex=\"0\">C\u00f3mo cMixx protege a los usuarios y sus datos.<\/a>\n\t\t\t\t\t<\/div>\n\t\t\t\t\t<div id=\"elementor-tab-content-1483\" class=\"elementor-tab-content elementor-clearfix\" data-tab=\"3\" role=\"region\" aria-labelledby=\"elementor-tab-title-1483\"><p><!-- wp:heading --><\/p>\n<p><span style=\"font-weight: 400;\">A diferencia del software de comunicaci\u00f3n y transferencia de datos existente que utiliza criptograf\u00eda heredada, cMixx es resistente a la computaci\u00f3n cu\u00e1ntica, salvaguardando los datos y contenidos incluso frente a futuras amenazas de la computaci\u00f3n cu\u00e1ntica.<\/span><\/p>\n<p><span style=\"font-weight: 400;\">El proceso de \"mezcla\" del xx network rompe el v\u00ednculo entre remitentes y destinatarios, garantizando el anonimato total e imposibilitando el seguimiento de patrones de interacci\u00f3n o la identificaci\u00f3n de usuarios. A diferencia de los m\u00e9todos tradicionales de comunicaci\u00f3n o transferencia de datos, que dejan al descubierto metadatos como direcciones IP y marcas de tiempo, el cMixx cifra y aleatoriza eficazmente el tr\u00e1fico de datos, impidiendo cualquier forma de rastreo. Este nivel de privacidad es crucial para proteger datos sensibles.<\/span><\/p>\n<p><span style=\"font-weight: 400;\">El protocolo puede integrarse a la perfecci\u00f3n como una soluci\u00f3n de privacidad de capa 2 en varias redes blockchain, mejorando la seguridad de aplicaciones descentralizadas, empresas y otros servicios digitales. Con cMixx, el xx network est\u00e1 construyendo la infraestructura para una comunicaci\u00f3n segura, privada y escalable en la era digital.<\/span><\/p>\n<p><!-- \/wp:paragraph --><\/p><\/div>\n\t\t\t\t<\/div>\n\t\t\t\t\t\t\t\t<\/div>\n\t\t\t\t<\/div>\n\t\t\t\t<\/div>\n\t\t\t\t\t<\/div>\n\t\t<\/div>\n\t\t\t\t\t<\/div>\n\t\t<\/section>\n\t\t\t\t<section class=\"elementor-section elementor-top-section elementor-element elementor-element-ec68211 elementor-section-boxed elementor-section-height-default elementor-section-height-default\" data-id=\"ec68211\" data-element_type=\"section\">\n\t\t\t\t\t\t<div class=\"elementor-container elementor-column-gap-default\">\n\t\t\t\t\t<div class=\"elementor-column elementor-col-50 elementor-top-column elementor-element elementor-element-6282f6c\" data-id=\"6282f6c\" data-element_type=\"column\">\n\t\t\t<div class=\"elementor-widget-wrap elementor-element-populated\">\n\t\t\t\t\t\t<div class=\"elementor-element elementor-element-e449a2d elementor-align-center elementor-widget elementor-widget-lottie\" data-id=\"e449a2d\" data-element_type=\"widget\" data-settings=\"{&quot;source&quot;:&quot;external_url&quot;,&quot;source_external_url&quot;:{&quot;url&quot;:&quot;https:\\\/\\\/xx.network\\\/wp-content\\\/uploads\\\/2021\\\/11\\\/Messenger_Icon-1.0.json&quot;,&quot;is_external&quot;:&quot;&quot;,&quot;nofollow&quot;:&quot;&quot;,&quot;custom_attributes&quot;:&quot;&quot;},&quot;trigger&quot;:&quot;bind_to_scroll&quot;,&quot;link_to&quot;:&quot;none&quot;,&quot;viewport&quot;:{&quot;unit&quot;:&quot;%&quot;,&quot;size&quot;:&quot;&quot;,&quot;sizes&quot;:{&quot;start&quot;:0,&quot;end&quot;:100}},&quot;effects_relative_to&quot;:&quot;viewport&quot;,&quot;start_point&quot;:{&quot;unit&quot;:&quot;%&quot;,&quot;size&quot;:0,&quot;sizes&quot;:[]},&quot;end_point&quot;:{&quot;unit&quot;:&quot;%&quot;,&quot;size&quot;:100,&quot;sizes&quot;:[]},&quot;renderer&quot;:&quot;svg&quot;}\" data-widget_type=\"lottie.default\">\n\t\t\t\t<div class=\"elementor-widget-container\">\n\t\t\t<div class=\"e-lottie__container\"><div class=\"e-lottie__animation\"><\/div><\/div>\t\t<\/div>\n\t\t\t\t<\/div>\n\t\t\t\t\t<\/div>\n\t\t<\/div>\n\t\t\t\t<div class=\"elementor-column elementor-col-50 elementor-top-column elementor-element elementor-element-09c76f1\" data-id=\"09c76f1\" data-element_type=\"column\">\n\t\t\t<div class=\"elementor-widget-wrap elementor-element-populated\">\n\t\t\t\t\t\t<div class=\"elementor-element elementor-element-49fe9f4 elementor-widget elementor-widget-text-editor\" data-id=\"49fe9f4\" data-element_type=\"widget\" data-widget_type=\"text-editor.default\">\n\t\t\t\t<div class=\"elementor-widget-container\">\n\t\t\t\t\t\t\t<h4>Ver: xx network proporciona destrucci\u00f3n de metadatos en tiempo real para mensajer\u00eda y transacciones ultraseguras.<\/h4>\t\t\t\t\t\t<\/div>\n\t\t\t\t<\/div>\n\t\t\t\t\t<\/div>\n\t\t<\/div>\n\t\t\t\t\t<\/div>\n\t\t<\/section>\n\t\t\t\t<section class=\"elementor-section elementor-top-section elementor-element elementor-element-a05b7f3 elementor-section-boxed elementor-section-height-default elementor-section-height-default\" data-id=\"a05b7f3\" data-element_type=\"section\">\n\t\t\t\t\t\t<div class=\"elementor-container elementor-column-gap-default\">\n\t\t\t\t\t<div class=\"elementor-column elementor-col-100 elementor-top-column elementor-element elementor-element-671a2d5\" data-id=\"671a2d5\" data-element_type=\"column\">\n\t\t\t<div class=\"elementor-widget-wrap elementor-element-populated\">\n\t\t\t\t\t\t<div class=\"elementor-element elementor-element-3027741 elementor-widget elementor-widget-video\" data-id=\"3027741\" data-element_type=\"widget\" data-settings=\"{&quot;video_type&quot;:&quot;vimeo&quot;}\" data-widget_type=\"video.default\">\n\t\t\t\t<div class=\"elementor-widget-container\">\n\t\t\t\t\t<div class=\"elementor-wrapper elementor-open-inline\">\n\t\t\t<iframe class=\"elementor-video-iframe\" allowfullscreen allow=\"clipboard-write\" title=\"vimeo Video Player\" src=\"https:\/\/player.vimeo.com\/video\/640539553?color&amp;autopause=0&amp;loop=0&amp;muted=0&amp;title=1&amp;portrait=1&amp;byline=1&amp;h=6863a4418e#t=\" data-no-translation-title=\"\"><\/iframe>\t\t<\/div>\n\t\t\t\t<\/div>\n\t\t\t\t<\/div>\n\t\t\t\t\t<\/div>\n\t\t<\/div>\n\t\t\t\t\t<\/div>\n\t\t<\/section>\n\t\t\t\t<\/div>","protected":false},"excerpt":{"rendered":"<p>C\u00f3mo funciona cMixx. cMixx es el protocolo de privacidad avanzado de xx network dise\u00f1ado para eliminar la exposici\u00f3n de metadatos en las interacciones en l\u00ednea entre [...]<\/p>\n<p><a class=\"btn btn-secondary understrap-read-more-link\" href=\"https:\/\/xx.network\/es\/cmixx-how-it-works\/\">Leer m\u00e1s...<span class=\"screen-reader-text\"> de cMixx - C\u00f3mo funciona<\/span><\/a><\/p>","protected":false},"author":147,"featured_media":18773,"parent":0,"menu_order":0,"comment_status":"closed","ping_status":"closed","template":"elementor_header_footer","meta":{"_acf_changed":false,"footnotes":""},"class_list":["post-27280","page","type-page","status-publish","has-post-thumbnail","hentry"],"acf":[],"yoast_head":"<!-- This site is optimized with the Yoast SEO plugin v25.6 - https:\/\/yoast.com\/wordpress\/plugins\/seo\/ -->\n<title>cMixx - How It Works - xx network<\/title>\n<meta name=\"robots\" content=\"index, follow, max-snippet:-1, max-image-preview:large, max-video-preview:-1\" \/>\n<link rel=\"canonical\" href=\"https:\/\/pvrjousb.elementor.cloud\/cmixx-how-it-works\/\" \/>\n<meta property=\"og:locale\" content=\"es_ES\" \/>\n<meta property=\"og:type\" content=\"article\" \/>\n<meta property=\"og:title\" content=\"cMixx - How It Works - xx network\" \/>\n<meta property=\"og:description\" content=\"How cMixx Works. cMixx is the xx network\u2019s advanced privacy protocol designed to eliminate metadata exposure in online interactions among [...]Leer m\u00e1s... from cMixx &#8211; How It Works\" \/>\n<meta property=\"og:url\" content=\"https:\/\/pvrjousb.elementor.cloud\/cmixx-how-it-works\/\" \/>\n<meta property=\"og:site_name\" content=\"xx network\" \/>\n<meta property=\"article:modified_time\" content=\"2024-10-30T02:13:12+00:00\" \/>\n<meta property=\"og:image\" content=\"https:\/\/pvrjousb.elementor.cloud\/wp-content\/uploads\/2022\/01\/What-is-it-like-to-be-an-xx-Node_.jpg\" \/>\n\t<meta property=\"og:image:width\" content=\"1920\" \/>\n\t<meta property=\"og:image:height\" content=\"1080\" \/>\n\t<meta property=\"og:image:type\" content=\"image\/jpeg\" \/>\n<meta name=\"twitter:card\" content=\"summary_large_image\" \/>\n<meta name=\"twitter:label1\" content=\"Tiempo de lectura\" \/>\n\t<meta name=\"twitter:data1\" content=\"2 minutos\" \/>\n<script type=\"application\/ld+json\" class=\"yoast-schema-graph\">{\"@context\":\"https:\/\/schema.org\",\"@graph\":[{\"@type\":\"WebPage\",\"@id\":\"https:\/\/pvrjousb.elementor.cloud\/cmixx-how-it-works\/\",\"url\":\"https:\/\/pvrjousb.elementor.cloud\/cmixx-how-it-works\/\",\"name\":\"cMixx - How It Works - xx network\",\"isPartOf\":{\"@id\":\"https:\/\/pvrjousb.elementor.cloud\/#website\"},\"primaryImageOfPage\":{\"@id\":\"https:\/\/pvrjousb.elementor.cloud\/cmixx-how-it-works\/#primaryimage\"},\"image\":{\"@id\":\"https:\/\/pvrjousb.elementor.cloud\/cmixx-how-it-works\/#primaryimage\"},\"thumbnailUrl\":\"https:\/\/xx.network\/wp-content\/uploads\/2022\/01\/What-is-it-like-to-be-an-xx-Node_.jpg\",\"datePublished\":\"2024-10-22T22:12:28+00:00\",\"dateModified\":\"2024-10-30T02:13:12+00:00\",\"breadcrumb\":{\"@id\":\"https:\/\/pvrjousb.elementor.cloud\/cmixx-how-it-works\/#breadcrumb\"},\"inLanguage\":\"es\",\"potentialAction\":[{\"@type\":\"ReadAction\",\"target\":[\"https:\/\/pvrjousb.elementor.cloud\/cmixx-how-it-works\/\"]}]},{\"@type\":\"ImageObject\",\"inLanguage\":\"es\",\"@id\":\"https:\/\/pvrjousb.elementor.cloud\/cmixx-how-it-works\/#primaryimage\",\"url\":\"https:\/\/xx.network\/wp-content\/uploads\/2022\/01\/What-is-it-like-to-be-an-xx-Node_.jpg\",\"contentUrl\":\"https:\/\/xx.network\/wp-content\/uploads\/2022\/01\/What-is-it-like-to-be-an-xx-Node_.jpg\",\"width\":1920,\"height\":1080},{\"@type\":\"BreadcrumbList\",\"@id\":\"https:\/\/pvrjousb.elementor.cloud\/cmixx-how-it-works\/#breadcrumb\",\"itemListElement\":[{\"@type\":\"ListItem\",\"position\":1,\"name\":\"Home\",\"item\":\"https:\/\/xx.network\/\"},{\"@type\":\"ListItem\",\"position\":2,\"name\":\"cMixx &#8211; How It Works\"}]},{\"@type\":\"WebSite\",\"@id\":\"https:\/\/pvrjousb.elementor.cloud\/#website\",\"url\":\"https:\/\/pvrjousb.elementor.cloud\/\",\"name\":\"xx network\",\"description\":\"\",\"publisher\":{\"@id\":\"https:\/\/pvrjousb.elementor.cloud\/#organization\"},\"potentialAction\":[{\"@type\":\"SearchAction\",\"target\":{\"@type\":\"EntryPoint\",\"urlTemplate\":\"https:\/\/pvrjousb.elementor.cloud\/?s={search_term_string}\"},\"query-input\":{\"@type\":\"PropertyValueSpecification\",\"valueRequired\":true,\"valueName\":\"search_term_string\"}}],\"inLanguage\":\"es\"},{\"@type\":\"Organization\",\"@id\":\"https:\/\/pvrjousb.elementor.cloud\/#organization\",\"name\":\"xx network\",\"url\":\"https:\/\/pvrjousb.elementor.cloud\/\",\"logo\":{\"@type\":\"ImageObject\",\"inLanguage\":\"es\",\"@id\":\"https:\/\/pvrjousb.elementor.cloud\/#\/schema\/logo\/image\/\",\"url\":\"https:\/\/xx.network\/wp-content\/uploads\/2021\/10\/xx-network_logotype_color.svg\",\"contentUrl\":\"https:\/\/xx.network\/wp-content\/uploads\/2021\/10\/xx-network_logotype_color.svg\",\"width\":525,\"height\":175,\"caption\":\"xx network\"},\"image\":{\"@id\":\"https:\/\/pvrjousb.elementor.cloud\/#\/schema\/logo\/image\/\"}}]}<\/script>\n<!-- \/ Yoast SEO plugin. -->","yoast_head_json":{"title":"cMixx - C\u00f3mo funciona - xx network","robots":{"index":"index","follow":"follow","max-snippet":"max-snippet:-1","max-image-preview":"max-image-preview:large","max-video-preview":"max-video-preview:-1"},"canonical":"https:\/\/pvrjousb.elementor.cloud\/cmixx-how-it-works\/","og_locale":"es_ES","og_type":"article","og_title":"cMixx - How It Works - xx network","og_description":"How cMixx Works. cMixx is the xx network\u2019s advanced privacy protocol designed to eliminate metadata exposure in online interactions among [...]Leer m\u00e1s... from cMixx &#8211; How It Works","og_url":"https:\/\/pvrjousb.elementor.cloud\/cmixx-how-it-works\/","og_site_name":"xx network","article_modified_time":"2024-10-30T02:13:12+00:00","og_image":[{"width":1920,"height":1080,"url":"https:\/\/pvrjousb.elementor.cloud\/wp-content\/uploads\/2022\/01\/What-is-it-like-to-be-an-xx-Node_.jpg","type":"image\/jpeg"}],"twitter_card":"summary_large_image","twitter_misc":{"Tiempo de lectura":"2 minutos"},"schema":{"@context":"https:\/\/schema.org","@graph":[{"@type":"WebPage","@id":"https:\/\/pvrjousb.elementor.cloud\/cmixx-how-it-works\/","url":"https:\/\/pvrjousb.elementor.cloud\/cmixx-how-it-works\/","name":"cMixx - C\u00f3mo funciona - xx network","isPartOf":{"@id":"https:\/\/pvrjousb.elementor.cloud\/#website"},"primaryImageOfPage":{"@id":"https:\/\/pvrjousb.elementor.cloud\/cmixx-how-it-works\/#primaryimage"},"image":{"@id":"https:\/\/pvrjousb.elementor.cloud\/cmixx-how-it-works\/#primaryimage"},"thumbnailUrl":"https:\/\/xx.network\/wp-content\/uploads\/2022\/01\/What-is-it-like-to-be-an-xx-Node_.jpg","datePublished":"2024-10-22T22:12:28+00:00","dateModified":"2024-10-30T02:13:12+00:00","breadcrumb":{"@id":"https:\/\/pvrjousb.elementor.cloud\/cmixx-how-it-works\/#breadcrumb"},"inLanguage":"es","potentialAction":[{"@type":"ReadAction","target":["https:\/\/pvrjousb.elementor.cloud\/cmixx-how-it-works\/"]}]},{"@type":"ImageObject","inLanguage":"es","@id":"https:\/\/pvrjousb.elementor.cloud\/cmixx-how-it-works\/#primaryimage","url":"https:\/\/xx.network\/wp-content\/uploads\/2022\/01\/What-is-it-like-to-be-an-xx-Node_.jpg","contentUrl":"https:\/\/xx.network\/wp-content\/uploads\/2022\/01\/What-is-it-like-to-be-an-xx-Node_.jpg","width":1920,"height":1080},{"@type":"BreadcrumbList","@id":"https:\/\/pvrjousb.elementor.cloud\/cmixx-how-it-works\/#breadcrumb","itemListElement":[{"@type":"ListItem","position":1,"name":"Home","item":"https:\/\/xx.network\/"},{"@type":"ListItem","position":2,"name":"cMixx &#8211; How It Works"}]},{"@type":"WebSite","@id":"https:\/\/pvrjousb.elementor.cloud\/#website","url":"https:\/\/pvrjousb.elementor.cloud\/","name":"xx network","description":"","publisher":{"@id":"https:\/\/pvrjousb.elementor.cloud\/#organization"},"potentialAction":[{"@type":"SearchAction","target":{"@type":"EntryPoint","urlTemplate":"https:\/\/pvrjousb.elementor.cloud\/?s={search_term_string}"},"query-input":{"@type":"PropertyValueSpecification","valueRequired":true,"valueName":"search_term_string"}}],"inLanguage":"es"},{"@type":"Organization","@id":"https:\/\/pvrjousb.elementor.cloud\/#organization","name":"xx network","url":"https:\/\/pvrjousb.elementor.cloud\/","logo":{"@type":"ImageObject","inLanguage":"es","@id":"https:\/\/pvrjousb.elementor.cloud\/#\/schema\/logo\/image\/","url":"https:\/\/xx.network\/wp-content\/uploads\/2021\/10\/xx-network_logotype_color.svg","contentUrl":"https:\/\/xx.network\/wp-content\/uploads\/2021\/10\/xx-network_logotype_color.svg","width":525,"height":175,"caption":"xx network"},"image":{"@id":"https:\/\/pvrjousb.elementor.cloud\/#\/schema\/logo\/image\/"}}]}},"_links":{"self":[{"href":"https:\/\/xx.network\/es\/wp-json\/wp\/v2\/pages\/27280","targetHints":{"allow":["GET"]}}],"collection":[{"href":"https:\/\/xx.network\/es\/wp-json\/wp\/v2\/pages"}],"about":[{"href":"https:\/\/xx.network\/es\/wp-json\/wp\/v2\/types\/page"}],"author":[{"embeddable":true,"href":"https:\/\/xx.network\/es\/wp-json\/wp\/v2\/users\/147"}],"replies":[{"embeddable":true,"href":"https:\/\/xx.network\/es\/wp-json\/wp\/v2\/comments?post=27280"}],"version-history":[{"count":0,"href":"https:\/\/xx.network\/es\/wp-json\/wp\/v2\/pages\/27280\/revisions"}],"wp:featuredmedia":[{"embeddable":true,"href":"https:\/\/xx.network\/es\/wp-json\/wp\/v2\/media\/18773"}],"wp:attachment":[{"href":"https:\/\/xx.network\/es\/wp-json\/wp\/v2\/media?parent=27280"}],"curies":[{"name":"wp","href":"https:\/\/api.w.org\/{rel}","templated":true}]}}