{"id":27809,"date":"2025-02-07T20:06:14","date_gmt":"2025-02-08T03:06:14","guid":{"rendered":"https:\/\/xx.network\/?page_id=27809"},"modified":"2025-03-27T16:38:57","modified_gmt":"2025-03-27T23:38:57","slug":"xx-coin","status":"publish","type":"page","link":"https:\/\/xx.network\/es\/xx-coin\/","title":{"rendered":"xx Moneda"},"content":{"rendered":"<div data-elementor-type=\"wp-page\" data-elementor-id=\"27809\" class=\"elementor elementor-27809\" data-elementor-post-type=\"page\">\n\t\t\t\t\t\t<section class=\"elementor-section elementor-top-section elementor-element elementor-element-cdb1b21 elementor-section-content-middle faq-banner elementor-section-boxed elementor-section-height-default elementor-section-height-default\" data-id=\"cdb1b21\" data-element_type=\"section\" data-settings=\"{&quot;background_background&quot;:&quot;classic&quot;}\">\n\t\t\t\t\t\t\t<div class=\"elementor-background-overlay\"><\/div>\n\t\t\t\t\t\t\t<div class=\"elementor-container elementor-column-gap-no\">\n\t\t\t\t\t<div class=\"elementor-column elementor-col-100 elementor-top-column elementor-element elementor-element-a86892a elementor-invisible\" data-id=\"a86892a\" data-element_type=\"column\" data-settings=\"{&quot;animation&quot;:&quot;fadeInDown&quot;}\">\n\t\t\t<div class=\"elementor-widget-wrap elementor-element-populated\">\n\t\t\t\t\t\t<div class=\"elementor-element elementor-element-7c7bce0 elementor-widget elementor-widget-heading\" data-id=\"7c7bce0\" data-element_type=\"widget\" data-widget_type=\"heading.default\">\n\t\t\t\t<div class=\"elementor-widget-container\">\n\t\t\t<h1 class=\"elementor-heading-title elementor-size-default\">La moneda xx<\/h1>\t\t<\/div>\n\t\t\t\t<\/div>\n\t\t\t\t<div class=\"elementor-element elementor-element-2f07b10 elementor-widget elementor-widget-text-editor\" data-id=\"2f07b10\" data-element_type=\"widget\" data-widget_type=\"text-editor.default\">\n\t\t\t\t<div class=\"elementor-widget-container\">\n\t\t\t\t\t\t\t<p>Incentivaci\u00f3n de la Red xx<\/p>\t\t\t\t\t\t<\/div>\n\t\t\t\t<\/div>\n\t\t\t\t\t<\/div>\n\t\t<\/div>\n\t\t\t\t\t<\/div>\n\t\t<\/section>\n\t\t\t\t<section class=\"elementor-section elementor-top-section elementor-element elementor-element-bd3bd04 elementor-section-stretched elementor-section-boxed elementor-section-height-default elementor-section-height-default\" data-id=\"bd3bd04\" data-element_type=\"section\" data-settings=\"{&quot;stretch_section&quot;:&quot;section-stretched&quot;}\">\n\t\t\t\t\t\t<div class=\"elementor-container elementor-column-gap-default\">\n\t\t\t\t\t<div class=\"elementor-column elementor-col-100 elementor-top-column elementor-element elementor-element-2d70a78\" data-id=\"2d70a78\" data-element_type=\"column\">\n\t\t\t<div class=\"elementor-widget-wrap elementor-element-populated\">\n\t\t\t\t\t\t<div class=\"elementor-element elementor-element-2ad54bb elementor-widget elementor-widget-heading\" data-id=\"2ad54bb\" data-element_type=\"widget\" data-widget_type=\"heading.default\">\n\t\t\t\t<div class=\"elementor-widget-container\">\n\t\t\t<h2 class=\"elementor-heading-title elementor-size-default\">Echa un vistazo al xx coin.<\/h2>\t\t<\/div>\n\t\t\t\t<\/div>\n\t\t\t\t<div class=\"elementor-element elementor-element-8d90df3 elementor-widget elementor-widget-accordion\" data-id=\"8d90df3\" data-element_type=\"widget\" data-widget_type=\"accordion.default\">\n\t\t\t\t<div class=\"elementor-widget-container\">\n\t\t\t\t\t<div class=\"elementor-accordion\">\n\t\t\t\t\t\t\t<div class=\"elementor-accordion-item\">\n\t\t\t\t\t<div id=\"elementor-tab-title-1481\" class=\"elementor-tab-title\" data-tab=\"1\" role=\"button\" aria-controls=\"elementor-tab-content-1481\" aria-expanded=\"false\">\n\t\t\t\t\t\t\t\t\t\t\t\t\t<span class=\"elementor-accordion-icon elementor-accordion-icon-left\" aria-hidden=\"true\">\n\t\t\t\t\t\t\t\t\t\t\t\t\t\t\t<span class=\"elementor-accordion-icon-closed\"><svg class=\"e-font-icon-svg e-fas-plus\" viewbox=\"0 0 448 512\" xmlns=\"http:\/\/www.w3.org\/2000\/svg\"><path d=\"M416 208H272V64c0-17.67-14.33-32-32-32h-32c-17.67 0-32 14.33-32 32v144H32c-17.67 0-32 14.33-32 32v32c0 17.67 14.33 32 32 32h144v144c0 17.67 14.33 32 32 32h32c17.67 0 32-14.33 32-32V304h144c17.67 0 32-14.33 32-32v-32c0-17.67-14.33-32-32-32z\"><\/path><\/svg><\/span>\n\t\t\t\t\t\t\t\t<span class=\"elementor-accordion-icon-opened\"><svg class=\"e-font-icon-svg e-fas-minus\" viewbox=\"0 0 448 512\" xmlns=\"http:\/\/www.w3.org\/2000\/svg\"><path d=\"M416 208H32c-17.67 0-32 14.33-32 32v32c0 17.67 14.33 32 32 32h384c17.67 0 32-14.33 32-32v-32c0-17.67-14.33-32-32-32z\"><\/path><\/svg><\/span>\n\t\t\t\t\t\t\t\t\t\t\t\t\t\t<\/span>\n\t\t\t\t\t\t\t\t\t\t\t\t<a class=\"elementor-accordion-title\" tabindex=\"0\">\u00bfQu\u00e9 es xx coin?<\/a>\n\t\t\t\t\t<\/div>\n\t\t\t\t\t<div id=\"elementor-tab-content-1481\" class=\"elementor-tab-content elementor-clearfix\" data-tab=\"1\" role=\"region\" aria-labelledby=\"elementor-tab-title-1481\"><p><span style=\"font-weight: 400;\">El xx coin es tu forma de participar en el xx network. Se utiliza para incentivar el funcionamiento de un nodo cMixx\/blockchain, para respaldar a aquellos que lo hacen a trav\u00e9s de un sistema incentivado llamado Nominated Proof Of Stake (NPOS), para votar y gobernar la red y para intercambiar valor. El xx coin da acceso sin censura a la red de comunicaciones descentralizada m\u00e1s privada del mundo.\u00a0<\/span><\/p><\/div>\n\t\t\t\t<\/div>\n\t\t\t\t\t\t\t<div class=\"elementor-accordion-item\">\n\t\t\t\t\t<div id=\"elementor-tab-title-1482\" class=\"elementor-tab-title\" data-tab=\"2\" role=\"button\" aria-controls=\"elementor-tab-content-1482\" aria-expanded=\"false\">\n\t\t\t\t\t\t\t\t\t\t\t\t\t<span class=\"elementor-accordion-icon elementor-accordion-icon-left\" aria-hidden=\"true\">\n\t\t\t\t\t\t\t\t\t\t\t\t\t\t\t<span class=\"elementor-accordion-icon-closed\"><svg class=\"e-font-icon-svg e-fas-plus\" viewbox=\"0 0 448 512\" xmlns=\"http:\/\/www.w3.org\/2000\/svg\"><path d=\"M416 208H272V64c0-17.67-14.33-32-32-32h-32c-17.67 0-32 14.33-32 32v144H32c-17.67 0-32 14.33-32 32v32c0 17.67 14.33 32 32 32h144v144c0 17.67 14.33 32 32 32h32c17.67 0 32-14.33 32-32V304h144c17.67 0 32-14.33 32-32v-32c0-17.67-14.33-32-32-32z\"><\/path><\/svg><\/span>\n\t\t\t\t\t\t\t\t<span class=\"elementor-accordion-icon-opened\"><svg class=\"e-font-icon-svg e-fas-minus\" viewbox=\"0 0 448 512\" xmlns=\"http:\/\/www.w3.org\/2000\/svg\"><path d=\"M416 208H32c-17.67 0-32 14.33-32 32v32c0 17.67 14.33 32 32 32h384c17.67 0 32-14.33 32-32v-32c0-17.67-14.33-32-32-32z\"><\/path><\/svg><\/span>\n\t\t\t\t\t\t\t\t\t\t\t\t\t\t<\/span>\n\t\t\t\t\t\t\t\t\t\t\t\t<a class=\"elementor-accordion-title\" tabindex=\"0\">xx coin - Gobernanza y Recompensas<\/a>\n\t\t\t\t\t<\/div>\n\t\t\t\t\t<div id=\"elementor-tab-content-1482\" class=\"elementor-tab-content elementor-clearfix\" data-tab=\"2\" role=\"region\" aria-labelledby=\"elementor-tab-title-1482\"><p>The xx blockchain uses a Nominated Proof of Stake (NPoS) protocol to secure the network economically. The network\u2019s decentralized governance mechanisms allow every xx coin holder to propose, second, and vote in the referendums that shape the network. These referendums may modify the code of the network, add new features, change economic structures, and control just about every aspect of the platform.<\/p>\n<p><!-- \/wp:paragraph --><!-- wp:paragraph --><\/p>\n<p>M\u00e1s concretamente, el xx network utilizar\u00e1 el staking nominado para incentivar a todos los poseedores de la moneda a participar en la selecci\u00f3n de nodos, su funcionamiento, su vinculaci\u00f3n y su gobernanza. Hay cuatro formas principales de contribuir al xx network y empezar a ganar xx coin:\u00a0<\/p>\n<p><!-- \/wp:paragraph --><!-- wp:list {\"ordered\":true} --><\/p>\n<ol class=\"wp-block-list\">\n<li style=\"list-style-type: none;\">\n<ol class=\"wp-block-list\"><!-- wp:list-item --><\/ol>\n<\/li>\n<\/ol>\n<ol>\n<li><a href=\"https:\/\/xx.network\/es\/nodes\/\" target=\"_blank\" rel=\"noreferrer noopener\"><strong>Ejecutar un nodo activo<\/strong><\/a>: xx coin holders can become an xx network node operator and earn xx coins in exchange for helping secure the network. Prospective validators must stake xx coins and attract nominations and stakes from the community to be elected. Once elected, every validator is equal, meaning their xx coin staking rewards are not proportional to the validator\u2019s stake, but rather determined by a point-based system that measures each validator\u2019s relative blockchain performance (uptime, block production, etc.). Today, it takes over 100k xx in nominations to become a node on the xx network blockchain.<br \/><br \/><\/li>\n<li><a href=\"https:\/\/staking.xx.nework\" target=\"_blank\" rel=\"noreferrer noopener\"><strong>Nombrar un nodo activo<\/strong><\/a><strong>:<\/strong> Los usuarios de xx network que no deseen convertirse en validadores pueden apostar sus monedas y nominar validadores para votar propuestas de gobernanza y nominar nodos en la red. Estos Nominadores ganan intereses sobre los tokens que han apostado en nodos activos cada \"era\" en funci\u00f3n de una curva de tipos de inter\u00e9s y de la comisi\u00f3n y rendimiento espec\u00edficos del nodo. Las nominaciones de nodos activos pueden elegirse manualmente a trav\u00e9s del<br \/><br \/><!-- \/wp:list-item --><!-- wp:list-item --><\/li>\n<li><a href=\"https:\/\/xxfoundation.org\/archive\/xx-foundation-announces-the-xx-dapps-grant-program\/\" target=\"_blank\" rel=\"noreferrer noopener\"><strong>Construir una aplicaci\u00f3n xx<\/strong><\/a>: La xx Foundation ha puesto en marcha una iniciativa especial de subvenciones para impulsar el desarrollo y despliegue de dApps que preserven la privacidad utilizando el xxDK. El programa otorgar\u00e1 subvenciones individuales de hasta 1.000.000 xx coin por cada presentaci\u00f3n exitosa, de un fondo inicial de 10.000.000 xx coin, y la <a href=\"https:\/\/xxfoundation.org\/xx-grants-program-reboot\/\">Fundaci\u00f3n xx<\/a> tambi\u00e9n participar\u00e1n como asesores de cada proyecto de subvenci\u00f3n aceptado en esta fase.<br \/><br \/><!-- \/wp:list-item --><!-- wp:list-item --><\/li>\n<li><a href=\"https:\/\/xx.network\/es\/welcome\/\" target=\"_blank\" rel=\"noreferrer noopener\"><strong>Hacer crecer el ecosistema xx<\/strong><\/a><strong>:<\/strong> la tesorer\u00eda de xx network se cre\u00f3 para financiar recompensas y recompensas para el desarrollo continuo del ecosistema xx a trav\u00e9s de actividades propuestas por el consejo, el comit\u00e9 tecnol\u00f3gico o la comunidad en general. \u00danete a xx Discord y Telegram para saber m\u00e1s sobre las nuevas iniciativas de la comunidad y aportar nuevas ideas sobre c\u00f3mo hacer crecer el ecosistema xx.<\/li>\n<\/ol>\n<p><!-- \/wp:list-item --><\/p>\n<p><!-- \/wp:list --><!-- wp:paragraph --><\/p>\n<p>Los nodos xx son esenciales para la seguridad y las operaciones b\u00e1sicas de la xx network, y las recompensas de los nodos se componen de una parte de las tasas pagadas a la red m\u00e1s una recompensa inflacionaria de los xx coin reci\u00e9n acu\u00f1ados. Dicho esto, entendemos que el funcionamiento de un nodo completo requiere cierta experiencia, tiempo y dinero para adquirir y mantener el hardware inform\u00e1tico necesario y la cantidad m\u00ednima de bonos. Por eso hemos incorporado nominaciones de nodos y otros mecanismos de recompensa, para que todos los usuarios activos de xx tengan la posibilidad de participar en el gobierno y el desarrollo de xx network y ganar xx coins por sus contribuciones.<\/p>\n<p><!-- \/wp:paragraph --><\/p><\/div>\n\t\t\t\t<\/div>\n\t\t\t\t\t\t\t<div class=\"elementor-accordion-item\">\n\t\t\t\t\t<div id=\"elementor-tab-title-1483\" class=\"elementor-tab-title\" data-tab=\"3\" role=\"button\" aria-controls=\"elementor-tab-content-1483\" aria-expanded=\"false\">\n\t\t\t\t\t\t\t\t\t\t\t\t\t<span class=\"elementor-accordion-icon elementor-accordion-icon-left\" aria-hidden=\"true\">\n\t\t\t\t\t\t\t\t\t\t\t\t\t\t\t<span class=\"elementor-accordion-icon-closed\"><svg class=\"e-font-icon-svg e-fas-plus\" viewbox=\"0 0 448 512\" xmlns=\"http:\/\/www.w3.org\/2000\/svg\"><path d=\"M416 208H272V64c0-17.67-14.33-32-32-32h-32c-17.67 0-32 14.33-32 32v144H32c-17.67 0-32 14.33-32 32v32c0 17.67 14.33 32 32 32h144v144c0 17.67 14.33 32 32 32h32c17.67 0 32-14.33 32-32V304h144c17.67 0 32-14.33 32-32v-32c0-17.67-14.33-32-32-32z\"><\/path><\/svg><\/span>\n\t\t\t\t\t\t\t\t<span class=\"elementor-accordion-icon-opened\"><svg class=\"e-font-icon-svg e-fas-minus\" viewbox=\"0 0 448 512\" xmlns=\"http:\/\/www.w3.org\/2000\/svg\"><path d=\"M416 208H32c-17.67 0-32 14.33-32 32v32c0 17.67 14.33 32 32 32h384c17.67 0 32-14.33 32-32v-32c0-17.67-14.33-32-32-32z\"><\/path><\/svg><\/span>\n\t\t\t\t\t\t\t\t\t\t\t\t\t\t<\/span>\n\t\t\t\t\t\t\t\t\t\t\t\t<a class=\"elementor-accordion-title\" tabindex=\"0\">xx coin - Uso del ecosistema<\/a>\n\t\t\t\t\t<\/div>\n\t\t\t\t\t<div id=\"elementor-tab-content-1483\" class=\"elementor-tab-content elementor-clearfix\" data-tab=\"3\" role=\"region\" aria-labelledby=\"elementor-tab-title-1483\"><p id=\"h-xx-coin-ecosystem-usage\" class=\"wp-block-heading\"><span style=\"color: var( --e-global-color-text ); font-weight: var( --e-global-typography-text-font-weight ); font-size: 1rem;\">El xx network se fund\u00f3 con la convicci\u00f3n de que, independientemente del lugar del mundo en el que te encuentres, deber\u00edas poder comunicarte y realizar transacciones de forma privada sin preocuparte de si tu huella digital puede ser vista o comprometida por cualquier parte externa. Por eso, nuestra tecnolog\u00eda de c\u00f3digo abierto est\u00e1 dise\u00f1ada para permitir dos funciones principales: las comunicaciones privadas y los pagos seguros, ambas planeadas para depender de una mezcla de \"franqueo\" gratuito y de pago, la unidad que cuantifica la cantidad de potencia inform\u00e1tica y el ancho de banda necesarios para transmitir datos de forma privada a trav\u00e9s del xx network.<\/span><\/p>\n<ul class=\"wp-block-list\">\n<li style=\"list-style-type: none;\">\n<ul class=\"wp-block-list\"><!-- wp:list-item --><\/ul>\n<\/li>\n<\/ul>\n<ul class=\"wp-block-list\">\n<li style=\"list-style-type: none;\">\n<ul class=\"wp-block-list\">\n<li><strong>Comunicaciones privadas:<\/strong> El uso de la capa de comunicaci\u00f3n privada del xx network est\u00e1 dise\u00f1ado para que sea accesible a cualquier persona con un tel\u00e9fono m\u00f3vil adecuado. Actualmente, el sistema est\u00e1 dise\u00f1ado para ser de uso gratuito para cuentas de usuario xx hasta un volumen predeterminado por d\u00eda.<\/li>\n<\/ul>\n<\/li>\n<\/ul>\n<p><!-- \/wp:list-item --><\/p>\n<p><!-- \/wp:list --><!-- wp:paragraph --><\/p>\n<p>Este franqueo gratuito asignado es suficiente para las necesidades de mensajer\u00eda cotidianas de la mayor\u00eda de los usuarios. Sin embargo, en el futuro, las organizaciones y los desarrolladores independientes que quieran desplegar y operar dApps y contratos inteligentes en la xx network tendr\u00e1n que pagar por un ancho de banda adicional utilizando xx coins. En el futuro, desplegaremos mecanismos adicionales para adquirir y utilizar franqueo gratuito con el fin de beneficiar a los usuarios xx habituales, pero la demanda de xx coin seguir\u00e1 creciendo a medida que m\u00e1s empresas y constructores preocupados por la privacidad utilicen la xx network para comunicarse en masa.<\/p>\n<ul class=\"wp-block-list\">\n<li style=\"list-style-type: none;\">\n<ul class=\"wp-block-list\"><!-- wp:list-item --><\/ul>\n<\/li>\n<\/ul>\n<ul class=\"wp-block-list\">\n<li style=\"list-style-type: none;\">\n<ul class=\"wp-block-list\">\n<li><strong>Pagos seguros: <\/strong>Cada xx coin de la red se guarda en una cuenta o monedero que est\u00e1 sembrado con el tipo de criptograf\u00eda de seguridad cu\u00e1ntica m\u00e1s potente que se conoce. Esto garantiza que, a diferencia de la banca tradicional u otras criptodivisas, no solo sus monedas individuales est\u00e1n protegidas del r\u00e1pido desarrollo de los ordenadores cu\u00e1nticos, sino que, igualmente importante, la infraestructura que asegura sus monedas est\u00e1 protegida del riesgo sist\u00e9mico.<\/li>\n<\/ul>\n<\/li>\n<\/ul>\n<p><!-- \/wp:list-item --><\/p>\n<p><!-- \/wp:list --><!-- wp:paragraph --><\/p>\n<p>Aunque actualmente el uso de la mensajer\u00eda xx network es gratuito, la comunidad xx podr\u00eda adoptar un sistema de franqueo en el que todos los titulares de xx coin tendr\u00edan un acceso limitado a la red en funci\u00f3n de sus necesidades. Seg\u00fan lo previsto, todas las cuentas xx acumular\u00edan autom\u00e1ticamente franqueo gratuito de forma gradual a lo largo del tiempo para garantizar que xx network siga siendo universalmente accesible. La funcionalidad de mensajer\u00eda avanzada, la adopci\u00f3n empresarial y la integraci\u00f3n con otras blockchains o dApps requerir\u00e1n franqueo adicional obtenido mediante la compra de xx coin. La arquitectura de red \u00fanica de xx network est\u00e1 estructurada de tal manera que permite que cada nuevo nodo proporcione potencia de procesamiento de transacciones y capacidad de retransmisi\u00f3n adicionales. Esto significa que, a medida que aumenta el n\u00famero de nodos xx, mejoran tanto la seguridad como el rendimiento. Estas caracter\u00edsticas de escalado permiten as\u00ed un c\u00edrculo virtuoso de\u00a0<span style=\"color: var( --e-global-color-text ); font-weight: var( --e-global-typography-text-font-weight ); font-size: 1rem;\">crecimiento, en el que los ingresos de los validadores aumentan a medida que lo hace la utilizaci\u00f3n de la red, lo que permite a \u00e9sta incorporar y soportar nodos adicionales y aumentar a\u00fan m\u00e1s su capacidad.<\/span><\/p>\n<p><!-- \/wp:paragraph --><\/p><\/div>\n\t\t\t\t<\/div>\n\t\t\t\t\t\t\t\t<\/div>\n\t\t\t\t<\/div>\n\t\t\t\t<\/div>\n\t\t\t\t\t<\/div>\n\t\t<\/div>\n\t\t\t\t\t<\/div>\n\t\t<\/section>\n\t\t\t\t<\/div>","protected":false},"excerpt":{"rendered":"<p>La moneda xx Incentivaci\u00f3n de la Red xx Echa un vistazo al xx coin. \u00bfQu\u00e9 es el xx coin? El xx coin [...]<\/p>\n<p><a class=\"btn btn-secondary understrap-read-more-link\" href=\"https:\/\/xx.network\/es\/xx-coin\/\">Leer m\u00e1s...<span class=\"screen-reader-text\"> from xx Coin<\/span><\/a><\/p>","protected":false},"author":164,"featured_media":18773,"parent":0,"menu_order":0,"comment_status":"closed","ping_status":"closed","template":"elementor_header_footer","meta":{"_acf_changed":false,"footnotes":""},"class_list":["post-27809","page","type-page","status-publish","has-post-thumbnail","hentry"],"acf":[],"yoast_head":"<!-- This site is optimized with the Yoast SEO plugin v25.6 - https:\/\/yoast.com\/wordpress\/plugins\/seo\/ -->\n<title>xx Coin - xx network<\/title>\n<meta name=\"robots\" content=\"index, follow, max-snippet:-1, max-image-preview:large, max-video-preview:-1\" \/>\n<link rel=\"canonical\" href=\"https:\/\/xx.network\/es\/xx-coin\/\" \/>\n<meta property=\"og:locale\" content=\"es_ES\" \/>\n<meta property=\"og:type\" content=\"article\" \/>\n<meta property=\"og:title\" content=\"xx Coin - xx network\" \/>\n<meta property=\"og:description\" content=\"The xx Coin Incentivization of the xx Network Check out the xx coin. What Is xx coin? The xx coin [...]Leer m\u00e1s... from xx Coin\" \/>\n<meta property=\"og:url\" content=\"https:\/\/xx.network\/es\/xx-coin\/\" \/>\n<meta property=\"og:site_name\" content=\"xx network\" \/>\n<meta property=\"article:modified_time\" content=\"2025-03-27T23:38:57+00:00\" \/>\n<meta property=\"og:image\" content=\"https:\/\/xx.network\/wp-content\/uploads\/2022\/01\/What-is-it-like-to-be-an-xx-Node_.jpg\" \/>\n\t<meta property=\"og:image:width\" content=\"1920\" \/>\n\t<meta property=\"og:image:height\" content=\"1080\" \/>\n\t<meta property=\"og:image:type\" content=\"image\/jpeg\" \/>\n<meta name=\"twitter:card\" content=\"summary_large_image\" \/>\n<meta name=\"twitter:label1\" content=\"Tiempo de lectura\" \/>\n\t<meta name=\"twitter:data1\" content=\"5 minutos\" \/>\n<script type=\"application\/ld+json\" class=\"yoast-schema-graph\">{\"@context\":\"https:\/\/schema.org\",\"@graph\":[{\"@type\":\"WebPage\",\"@id\":\"https:\/\/xx.network\/xx-coin\/\",\"url\":\"https:\/\/xx.network\/xx-coin\/\",\"name\":\"xx Coin - xx network\",\"isPartOf\":{\"@id\":\"https:\/\/pvrjousb.elementor.cloud\/#website\"},\"primaryImageOfPage\":{\"@id\":\"https:\/\/xx.network\/xx-coin\/#primaryimage\"},\"image\":{\"@id\":\"https:\/\/xx.network\/xx-coin\/#primaryimage\"},\"thumbnailUrl\":\"https:\/\/xx.network\/wp-content\/uploads\/2022\/01\/What-is-it-like-to-be-an-xx-Node_.jpg\",\"datePublished\":\"2025-02-08T03:06:14+00:00\",\"dateModified\":\"2025-03-27T23:38:57+00:00\",\"breadcrumb\":{\"@id\":\"https:\/\/xx.network\/xx-coin\/#breadcrumb\"},\"inLanguage\":\"es\",\"potentialAction\":[{\"@type\":\"ReadAction\",\"target\":[\"https:\/\/xx.network\/xx-coin\/\"]}]},{\"@type\":\"ImageObject\",\"inLanguage\":\"es\",\"@id\":\"https:\/\/xx.network\/xx-coin\/#primaryimage\",\"url\":\"https:\/\/xx.network\/wp-content\/uploads\/2022\/01\/What-is-it-like-to-be-an-xx-Node_.jpg\",\"contentUrl\":\"https:\/\/xx.network\/wp-content\/uploads\/2022\/01\/What-is-it-like-to-be-an-xx-Node_.jpg\",\"width\":1920,\"height\":1080},{\"@type\":\"BreadcrumbList\",\"@id\":\"https:\/\/xx.network\/xx-coin\/#breadcrumb\",\"itemListElement\":[{\"@type\":\"ListItem\",\"position\":1,\"name\":\"Home\",\"item\":\"https:\/\/xx.network\/\"},{\"@type\":\"ListItem\",\"position\":2,\"name\":\"xx Coin\"}]},{\"@type\":\"WebSite\",\"@id\":\"https:\/\/pvrjousb.elementor.cloud\/#website\",\"url\":\"https:\/\/pvrjousb.elementor.cloud\/\",\"name\":\"xx network\",\"description\":\"\",\"publisher\":{\"@id\":\"https:\/\/pvrjousb.elementor.cloud\/#organization\"},\"potentialAction\":[{\"@type\":\"SearchAction\",\"target\":{\"@type\":\"EntryPoint\",\"urlTemplate\":\"https:\/\/pvrjousb.elementor.cloud\/?s={search_term_string}\"},\"query-input\":{\"@type\":\"PropertyValueSpecification\",\"valueRequired\":true,\"valueName\":\"search_term_string\"}}],\"inLanguage\":\"es\"},{\"@type\":\"Organization\",\"@id\":\"https:\/\/pvrjousb.elementor.cloud\/#organization\",\"name\":\"xx network\",\"url\":\"https:\/\/pvrjousb.elementor.cloud\/\",\"logo\":{\"@type\":\"ImageObject\",\"inLanguage\":\"es\",\"@id\":\"https:\/\/pvrjousb.elementor.cloud\/#\/schema\/logo\/image\/\",\"url\":\"https:\/\/xx.network\/wp-content\/uploads\/2021\/10\/xx-network_logotype_color.svg\",\"contentUrl\":\"https:\/\/xx.network\/wp-content\/uploads\/2021\/10\/xx-network_logotype_color.svg\",\"width\":525,\"height\":175,\"caption\":\"xx network\"},\"image\":{\"@id\":\"https:\/\/pvrjousb.elementor.cloud\/#\/schema\/logo\/image\/\"}}]}<\/script>\n<!-- \/ Yoast SEO plugin. -->","yoast_head_json":{"title":"xx Coin - xx network","robots":{"index":"index","follow":"follow","max-snippet":"max-snippet:-1","max-image-preview":"max-image-preview:large","max-video-preview":"max-video-preview:-1"},"canonical":"https:\/\/xx.network\/es\/xx-coin\/","og_locale":"es_ES","og_type":"article","og_title":"xx Coin - xx network","og_description":"The xx Coin Incentivization of the xx Network Check out the xx coin. What Is xx coin? The xx coin [...]Leer m\u00e1s... from xx Coin","og_url":"https:\/\/xx.network\/es\/xx-coin\/","og_site_name":"xx network","article_modified_time":"2025-03-27T23:38:57+00:00","og_image":[{"width":1920,"height":1080,"url":"https:\/\/xx.network\/wp-content\/uploads\/2022\/01\/What-is-it-like-to-be-an-xx-Node_.jpg","type":"image\/jpeg"}],"twitter_card":"summary_large_image","twitter_misc":{"Tiempo de lectura":"5 minutos"},"schema":{"@context":"https:\/\/schema.org","@graph":[{"@type":"WebPage","@id":"https:\/\/xx.network\/xx-coin\/","url":"https:\/\/xx.network\/xx-coin\/","name":"xx Coin - xx network","isPartOf":{"@id":"https:\/\/pvrjousb.elementor.cloud\/#website"},"primaryImageOfPage":{"@id":"https:\/\/xx.network\/xx-coin\/#primaryimage"},"image":{"@id":"https:\/\/xx.network\/xx-coin\/#primaryimage"},"thumbnailUrl":"https:\/\/xx.network\/wp-content\/uploads\/2022\/01\/What-is-it-like-to-be-an-xx-Node_.jpg","datePublished":"2025-02-08T03:06:14+00:00","dateModified":"2025-03-27T23:38:57+00:00","breadcrumb":{"@id":"https:\/\/xx.network\/xx-coin\/#breadcrumb"},"inLanguage":"es","potentialAction":[{"@type":"ReadAction","target":["https:\/\/xx.network\/xx-coin\/"]}]},{"@type":"ImageObject","inLanguage":"es","@id":"https:\/\/xx.network\/xx-coin\/#primaryimage","url":"https:\/\/xx.network\/wp-content\/uploads\/2022\/01\/What-is-it-like-to-be-an-xx-Node_.jpg","contentUrl":"https:\/\/xx.network\/wp-content\/uploads\/2022\/01\/What-is-it-like-to-be-an-xx-Node_.jpg","width":1920,"height":1080},{"@type":"BreadcrumbList","@id":"https:\/\/xx.network\/xx-coin\/#breadcrumb","itemListElement":[{"@type":"ListItem","position":1,"name":"Home","item":"https:\/\/xx.network\/"},{"@type":"ListItem","position":2,"name":"xx Coin"}]},{"@type":"WebSite","@id":"https:\/\/pvrjousb.elementor.cloud\/#website","url":"https:\/\/pvrjousb.elementor.cloud\/","name":"xx network","description":"","publisher":{"@id":"https:\/\/pvrjousb.elementor.cloud\/#organization"},"potentialAction":[{"@type":"SearchAction","target":{"@type":"EntryPoint","urlTemplate":"https:\/\/pvrjousb.elementor.cloud\/?s={search_term_string}"},"query-input":{"@type":"PropertyValueSpecification","valueRequired":true,"valueName":"search_term_string"}}],"inLanguage":"es"},{"@type":"Organization","@id":"https:\/\/pvrjousb.elementor.cloud\/#organization","name":"xx network","url":"https:\/\/pvrjousb.elementor.cloud\/","logo":{"@type":"ImageObject","inLanguage":"es","@id":"https:\/\/pvrjousb.elementor.cloud\/#\/schema\/logo\/image\/","url":"https:\/\/xx.network\/wp-content\/uploads\/2021\/10\/xx-network_logotype_color.svg","contentUrl":"https:\/\/xx.network\/wp-content\/uploads\/2021\/10\/xx-network_logotype_color.svg","width":525,"height":175,"caption":"xx network"},"image":{"@id":"https:\/\/pvrjousb.elementor.cloud\/#\/schema\/logo\/image\/"}}]}},"_links":{"self":[{"href":"https:\/\/xx.network\/es\/wp-json\/wp\/v2\/pages\/27809","targetHints":{"allow":["GET"]}}],"collection":[{"href":"https:\/\/xx.network\/es\/wp-json\/wp\/v2\/pages"}],"about":[{"href":"https:\/\/xx.network\/es\/wp-json\/wp\/v2\/types\/page"}],"author":[{"embeddable":true,"href":"https:\/\/xx.network\/es\/wp-json\/wp\/v2\/users\/164"}],"replies":[{"embeddable":true,"href":"https:\/\/xx.network\/es\/wp-json\/wp\/v2\/comments?post=27809"}],"version-history":[{"count":0,"href":"https:\/\/xx.network\/es\/wp-json\/wp\/v2\/pages\/27809\/revisions"}],"wp:featuredmedia":[{"embeddable":true,"href":"https:\/\/xx.network\/es\/wp-json\/wp\/v2\/media\/18773"}],"wp:attachment":[{"href":"https:\/\/xx.network\/es\/wp-json\/wp\/v2\/media?parent=27809"}],"curies":[{"name":"wp","href":"https:\/\/api.w.org\/{rel}","templated":true}]}}