{"id":22129,"date":"2022-03-07T17:58:43","date_gmt":"2022-03-08T00:58:43","guid":{"rendered":"https:\/\/xx.network\/?page_id=22129"},"modified":"2024-10-08T16:58:14","modified_gmt":"2024-10-08T23:58:14","slug":"november-betanet-compensation-applet-instructions","status":"publish","type":"page","link":"https:\/\/xx.network\/pt\/november-betanet-compensation-applet-instructions\/","title":{"rendered":"Instru\u00e7\u00f5es do Applet de Compensa\u00e7\u00e3o BetaNet de novembro"},"content":{"rendered":"<p><\/p>\n\n\n\n<p>Este applet lhe permitir\u00e1 assinar o contrato para receber 4.000xx em compensa\u00e7\u00e3o pelo funcionamento de seu n\u00f3 na primeira quinzena de novembro de 2021. Somente os n\u00f3s com tempo de funcionamento &gt; 60% entre ProtoNet e MainNet s\u00e3o eleg\u00edveis. Se voc\u00ea for eleg\u00edvel, receber\u00e1 um e-mail. <\/p>\n\n\n\n<h2 class=\"wp-block-heading\">MainNet Nodos<\/h2>\n\n\n\n<p>Por o <a href=\"https:\/\/xx.network\/pt\/archive\/economic-fixes-for-the-xx-network-stage-2\/\">Pagamentos de novembro<\/a> an\u00fancio, voc\u00ea precisa registrar um <strong>nova carteira<\/strong> para receber seus pagamentos de novembro em<\/p>\n\n\n\n<p>Na pr\u00f3xima semana, o processo para os operadores moverem seus n\u00f3s para a nova carteira ser\u00e1 feito. Voc\u00ea estar\u00e1 movendo seu n\u00f3 para esta nova carteira, que liberar\u00e1 sua carteira atual para nomear qualquer n\u00f3 enquanto mant\u00e9m o Multiplicador de Equipe - garantindo assim que suas moedas possam tirar o m\u00e1ximo proveito da nomea\u00e7\u00e3o no xx network.<\/p>\n\n\n\n<p><strong>Passo 1 - Gerar uma nova carteira<\/strong><\/p>\n\n\n\n<p>Por favor, use o <a href=\"https:\/\/xx.network\/pt\/archive\/mainnet-wallet-gen\/\">Gerador de Carteiras Quantum Ready<\/a> para fazer uma nova carteira. Certifique-se de mant\u00ea-la segura, esta ser\u00e1 a carteira da qual seu n\u00f3dulo estar\u00e1 validando.<\/p>\n\n\n\n<p><strong>Etapa 2 - Assinar o contrato para a nova carteira<\/strong><\/p>\n\n\n\n<p>Usando o Applet de pagamento de novembro (download abaixo) use suas chaves BetaNet para assinar o contrato e comprometer-se com sua nova carteira.\u00a0<\/p>\n\n\n\n<p>Voc\u00ea precisar\u00e1 usar esta carteira com o novo applet de compromisso do Programa de Transi\u00e7\u00e3o MainNet na pr\u00f3xima semana.<\/p>\n\n\n\n<p>\u00c9 isso a\u00ed. A equipe receber\u00e1 suas moedas durante a pr\u00f3xima semana e come\u00e7ar\u00e1 a pr\u00f3xima fase do processo em breve.<\/p>\n\n\n\n<h2 class=\"wp-block-heading\">CanaryNet Nodos<\/h2>\n\n\n\n<p>Instru\u00e7\u00f5es para receber a compensa\u00e7\u00e3o BetaNet de novembro para n\u00f3s n\u00e3o inclu\u00eddos no Programa de Transi\u00e7\u00e3o MainNet.<\/p>\n\n\n\n<p>Por o <a href=\"https:\/\/xx.network\/pt\/archive\/economic-fixes-for-the-xx-network-stage-2\/\">Pagamentos de novembro<\/a> an\u00fancio, voc\u00ea precisa registrar uma carteira para receber seu pagamento em novembro.&nbsp;<\/p>\n\n\n\n<p>Pode ser uma carteira nova ou uma carteira j\u00e1 existente. Se voc\u00ea quiser usar uma carteira nova, por favor, use a <a href=\"https:\/\/xx.network\/pt\/archive\/mainnet-wallet-gen\/\">Gerador de Carteiras Quantum Ready<\/a> para fazer uma nova carteira.&nbsp;<\/p>\n\n\n\n<p>Com sua carteira selecionada, fa\u00e7a o download do Applet de pagamento de novembro (download abaixo) e use suas chaves BetaNet para assinar o contrato e se comprometer com sua carteira.\u00a0<\/p>\n\n\n\n<p>\u00c9 isso a\u00ed. A equipe receber\u00e1 suas moedas durante a pr\u00f3xima semana.<\/p>\n\n\n\n<p>Fa\u00e7a o download do arquivo correto para seu sistema operacional. Voc\u00ea pode usar os checksums SHA256 fornecidos para verificar a integridade de seu download.<\/p>\n\n\n\n<h2 class=\"wp-block-heading\" id=\"h-download\">Download<\/h2>\n\n\n\n<ul class=\"wp-block-list\" style=\"font-style:normal;font-weight:400\"><li> <strong><a href=\"https:\/\/docs.xx.network\/november-compensation-form\/november-compensation-mac-x64.zip\" target=\"_blank\" rel=\"noreferrer noopener\">macOS<\/a> <\/strong>(Intel e M1) <br> <small>Checksum: <code>9b6ab0a974999aefe03c5f1c8551464ac5f8f71cbdcd7fd09f19de3436a023a5<\/code><\/small> <\/li><li> <strong><a href=\"https:\/\/docs.xx.network\/november-compensation-form\/november-compensation-windows-x64.exe\" target=\"_blank\" rel=\"noreferrer noopener\">Windows<\/a><\/strong> <br> <small>Checksum: <code>bc4278c2e8e382ef6c1bef85700766ad6e42551945c18fd9a88f1e4c52386a21<\/code><\/small><\/li><li> <strong><a href=\"https:\/\/docs.xx.network\/november-compensation-form\/november-compensation-linux-x64.zip\" target=\"_blank\" rel=\"noreferrer noopener\">Linux<\/a><\/strong> <br> <small>Checksum: <code>09808e3a8cc9bdeca7ce9e1c2ef561b17c04bf74af0cc6a73605f210158cece9<\/code><\/small> <\/li><li> <strong>Fonte:<\/strong> <a href=\"https:\/\/git.xx.network\/elixxir\/mainnet-commitments\/-\/tree\/november-commitments\" target=\"_blank\" rel=\"noreferrer noopener\">november-commitments<\/a> ramo no <a href=\"https:\/\/git.xx.network\/elixxir\/mainnet-commitments\" target=\"_blank\" rel=\"noreferrer noopener\">elixxir\/mainnet-commitments<\/a> reposit\u00f3rio <\/li><li> <strong>Fonte GUI:<\/strong> <a href=\"https:\/\/git.xx.network\/elixxir\/mainnet-commitments-ui\/-\/tree\/novemberCompensationForm\" target=\"_blank\" rel=\"noreferrer noopener\">novemberCompensationForm<\/a> ramo no <a href=\"https:\/\/git.xx.network\/elixxir\/mainnet-commitments-ui\" target=\"_blank\" rel=\"noreferrer noopener\">elixxir\/mainnet-commitments-ui<\/a> reposit\u00f3rio <\/li><\/ul>\n\n\n\n<h2 class=\"wp-block-heading\" id=\"h-instructions\">Instru\u00e7\u00f5es<\/h2>\n\n\n\n<h3 class=\"wp-block-heading\" id=\"h-set-up\">Set-Up<\/h3>\n\n\n\n<h4 class=\"wp-block-heading\" id=\"h-macos\">macOS<\/h4>\n\n\n\n<ol class=\"wp-block-list\"><li>Fa\u00e7a o download do arquivo zip para MacOS acima. O mesmo arquivo funcionar\u00e1 em ambos M1 e Intel Macs.<\/li><li>Clique duas vezes no arquivo zip. O aplicativo ser\u00e1 extra\u00eddo para o mesmo local.<\/li><li>Clique com o bot\u00e3o direito do mouse sobre o aplicativo e selecione \"Abrir\".<\/li><li>Aparecer\u00e1 um aviso dizendo que o aplicativo n\u00e3o pode ser verificado. Clique no bot\u00e3o \"Abrir\" para continuar.<\/li><\/ol>\n\n\n\n<h4 class=\"wp-block-heading\" id=\"h-windows\">Windows<\/h4>\n\n\n\n<ol class=\"wp-block-list\"><li>Fa\u00e7a o download do bin\u00e1rio para Windows acima.<\/li><li>Clique duas vezes no execut\u00e1vel baixado para instalar o aplicativo (note que o instalador extrai o aplicativo e seus ativos para seu diret\u00f3rio de arquivos tempor\u00e1rios).<\/li><li><span style=\"background-color: var(--bs-body-bg);color: var(--bs-body-color);font-family: var(--bs-body-font-family);font-size: var(--bs-body-font-size);font-weight: var(--bs-body-font-weight);text-align: var(--bs-body-text-align)\">Quando o instalador abrir, clique no bot\u00e3o \"Instalar\" para instalar o aplicativo em seus arquivos tempor\u00e1rios (ou selecione um local alternativo).<\/span><\/li><li>Quando o instalador terminar, clique no bot\u00e3o \"Fechar\", e o aplicativo ser\u00e1 automaticamente iniciado.<\/li><\/ol>\n\n\n\n<p class=\"has-small-font-size\">Se voc\u00ea fechar o aplicativo e precisar relan\u00e7\u00e1-lo, voc\u00ea pode reinstal\u00e1-lo atrav\u00e9s do instalador baixado ou navegar para <code>%LocalAppData%TTTemp\\\\novembroCompensa\u00e7\u00e3oFormul\u00e1rio<\/code> e lan\u00e7amento <code>nw.exe<\/code>.<\/p>\n\n\n\n<h4 class=\"wp-block-heading\" id=\"h-linux\">Linux<\/h4>\n\n\n\n<ol class=\"wp-block-list\"><li>Fa\u00e7a o download do arquivo zip para Linux.<\/li><li>Extrair o conte\u00fado do arquivo zip. <pre class=\"wp-block-code\"><code><strong>$<\/strong> unzip november-compensation-linux-x64.zip<\/code><\/pre><\/li><li>Digite o diret\u00f3rio extra\u00eddo. <pre class=\"wp-block-code\"><code><strong>$<\/strong> cd nwjs-*<\/code><\/pre><\/li><li>Execute o <code>nw<\/code> execut\u00e1vel. <pre class=\"wp-block-code\"><code><strong>$<\/strong> .\/nw<\/code><\/pre><\/li><\/ol>\n\n\n\n<h3 class=\"wp-block-heading\" id=\"h-using-the-form\">Usando o formul\u00e1rio<\/h3>\n\n\n\n<p>Para preencher este formul\u00e1rio, voc\u00ea precisa das credenciais para seu n\u00f3 BetaNet (chave, certificado p\u00fablico e IDF). De acordo com as instru\u00e7\u00f5es anteriores, a equipe espera que os operadores de n\u00f3s tenham essas credenciais em um local seguro. Para encontr\u00e1-las, consulte <a href=\"https:\/\/xxnetwork.wiki\/Finding_Betanet_Node_Credentials\">Encontrando as Credenciais do N\u00f3 Betanet<\/a> no wiki. Se voc\u00ea ainda n\u00e3o os tem, descarregue-os para a m\u00e1quina a partir da qual voc\u00ea est\u00e1 executando o aplicativo.<\/p>\n\n\n\n<ol class=\"wp-block-list\"><li>Primeiro, selecione o certificado p\u00fablico de seu Nodo. Ser\u00e1 um <code>.crt<\/code> ou <code>.cert<\/code> arquivo.<\/li><li>Selecione a chave privada do seu N\u00f3. Ser\u00e1 uma <code>.chave<\/code> arquivo.<\/li><li>Selecione o arquivo de identidade de seu Nodo (IDF). Ser\u00e1 um <code>.json<\/code> arquivo.<\/li><li>Digite a carteira para receber o pagamento. Se voc\u00ea for um n\u00f3 MainNet, esta ser\u00e1 uma nova carteira. Se voc\u00ea for um n\u00f3 CanaryNet, esta ser\u00e1 uma carteira existente ou uma carteira nova.<\/li><li>Reveja o contrato e pressione a marca de verifica\u00e7\u00e3o para aceitar as condi\u00e7\u00f5es. Observe que voc\u00ea pode ver o contrato inteiro em uma p\u00e1gina separada ou imprimi-lo para seus registros.<\/li><li>Pressione o bot\u00e3o \"Submit\" e aguarde a mensagem de confirma\u00e7\u00e3o. Isto pode levar alguns momentos.<\/li><\/ol>\n\n\n\n<p>Se voc\u00ea n\u00e3o tiver suas chaves BetaNet, a equipe n\u00e3o poder\u00e1 ajud\u00e1-lo.<\/p>","protected":false},"excerpt":{"rendered":"<p>This applet will allow you to sign the contract to receive 4,000xx in compensation for running your node in the [&#8230;]<\/p>\n<p><a class=\"btn btn-secondary understrap-read-more-link\" href=\"https:\/\/xx.network\/pt\/november-betanet-compensation-applet-instructions\/\">Leia mais...<span class=\"screen-reader-text\"> from November BetaNet Compensation Applet Instructions<\/span><\/a><\/p>","protected":false},"author":147,"featured_media":18773,"parent":0,"menu_order":0,"comment_status":"closed","ping_status":"closed","template":"","meta":{"_acf_changed":false,"footnotes":""},"class_list":["post-22129","page","type-page","status-publish","has-post-thumbnail","hentry"],"acf":[],"yoast_head":"<!-- This site is optimized with the Yoast SEO plugin v25.6 - https:\/\/yoast.com\/wordpress\/plugins\/seo\/ -->\n<title>November BetaNet Compensation Applet Instructions - xx network<\/title>\n<meta name=\"robots\" content=\"index, follow, max-snippet:-1, max-image-preview:large, max-video-preview:-1\" \/>\n<link rel=\"canonical\" href=\"https:\/\/pvrjousb.elementor.cloud\/uk\/november-betanet-compensation-applet-instructions\/\" \/>\n<meta property=\"og:locale\" content=\"pt_BR\" \/>\n<meta property=\"og:type\" content=\"article\" \/>\n<meta property=\"og:title\" content=\"November BetaNet Compensation Applet Instructions - xx network\" \/>\n<meta property=\"og:description\" content=\"This applet will allow you to sign the contract to receive 4,000xx in compensation for running your node in the [...]Leia mais... from November BetaNet Compensation Applet Instructions\" \/>\n<meta property=\"og:url\" content=\"https:\/\/pvrjousb.elementor.cloud\/uk\/november-betanet-compensation-applet-instructions\/\" \/>\n<meta property=\"og:site_name\" content=\"xx network\" \/>\n<meta property=\"article:modified_time\" content=\"2024-10-08T23:58:14+00:00\" \/>\n<meta property=\"og:image\" content=\"https:\/\/pvrjousb.elementor.cloud\/wp-content\/uploads\/2022\/01\/What-is-it-like-to-be-an-xx-Node_.jpg\" \/>\n\t<meta property=\"og:image:width\" content=\"1920\" \/>\n\t<meta property=\"og:image:height\" content=\"1080\" \/>\n\t<meta property=\"og:image:type\" content=\"image\/jpeg\" \/>\n<meta name=\"twitter:card\" content=\"summary_large_image\" \/>\n<meta name=\"twitter:label1\" content=\"Est. tempo de leitura\" \/>\n\t<meta name=\"twitter:data1\" content=\"4 minutos\" \/>\n<script type=\"application\/ld+json\" class=\"yoast-schema-graph\">{\"@context\":\"https:\/\/schema.org\",\"@graph\":[{\"@type\":\"WebPage\",\"@id\":\"https:\/\/pvrjousb.elementor.cloud\/uk\/november-betanet-compensation-applet-instructions\/\",\"url\":\"https:\/\/pvrjousb.elementor.cloud\/uk\/november-betanet-compensation-applet-instructions\/\",\"name\":\"November BetaNet Compensation Applet Instructions - xx network\",\"isPartOf\":{\"@id\":\"https:\/\/pvrjousb.elementor.cloud\/#website\"},\"primaryImageOfPage\":{\"@id\":\"https:\/\/pvrjousb.elementor.cloud\/uk\/november-betanet-compensation-applet-instructions\/#primaryimage\"},\"image\":{\"@id\":\"https:\/\/pvrjousb.elementor.cloud\/uk\/november-betanet-compensation-applet-instructions\/#primaryimage\"},\"thumbnailUrl\":\"https:\/\/xx.network\/wp-content\/uploads\/2022\/01\/What-is-it-like-to-be-an-xx-Node_.jpg\",\"datePublished\":\"2022-03-08T00:58:43+00:00\",\"dateModified\":\"2024-10-08T23:58:14+00:00\",\"breadcrumb\":{\"@id\":\"https:\/\/pvrjousb.elementor.cloud\/uk\/november-betanet-compensation-applet-instructions\/#breadcrumb\"},\"inLanguage\":\"pt-BR\",\"potentialAction\":[{\"@type\":\"ReadAction\",\"target\":[\"https:\/\/pvrjousb.elementor.cloud\/uk\/november-betanet-compensation-applet-instructions\/\"]}]},{\"@type\":\"ImageObject\",\"inLanguage\":\"pt-BR\",\"@id\":\"https:\/\/pvrjousb.elementor.cloud\/uk\/november-betanet-compensation-applet-instructions\/#primaryimage\",\"url\":\"https:\/\/xx.network\/wp-content\/uploads\/2022\/01\/What-is-it-like-to-be-an-xx-Node_.jpg\",\"contentUrl\":\"https:\/\/xx.network\/wp-content\/uploads\/2022\/01\/What-is-it-like-to-be-an-xx-Node_.jpg\",\"width\":1920,\"height\":1080},{\"@type\":\"BreadcrumbList\",\"@id\":\"https:\/\/pvrjousb.elementor.cloud\/uk\/november-betanet-compensation-applet-instructions\/#breadcrumb\",\"itemListElement\":[{\"@type\":\"ListItem\",\"position\":1,\"name\":\"Home\",\"item\":\"https:\/\/xx.network\/\"},{\"@type\":\"ListItem\",\"position\":2,\"name\":\"November BetaNet Compensation Applet Instructions\"}]},{\"@type\":\"WebSite\",\"@id\":\"https:\/\/pvrjousb.elementor.cloud\/#website\",\"url\":\"https:\/\/pvrjousb.elementor.cloud\/\",\"name\":\"xx network\",\"description\":\"\",\"publisher\":{\"@id\":\"https:\/\/pvrjousb.elementor.cloud\/#organization\"},\"potentialAction\":[{\"@type\":\"SearchAction\",\"target\":{\"@type\":\"EntryPoint\",\"urlTemplate\":\"https:\/\/pvrjousb.elementor.cloud\/?s={search_term_string}\"},\"query-input\":{\"@type\":\"PropertyValueSpecification\",\"valueRequired\":true,\"valueName\":\"search_term_string\"}}],\"inLanguage\":\"pt-BR\"},{\"@type\":\"Organization\",\"@id\":\"https:\/\/pvrjousb.elementor.cloud\/#organization\",\"name\":\"xx network\",\"url\":\"https:\/\/pvrjousb.elementor.cloud\/\",\"logo\":{\"@type\":\"ImageObject\",\"inLanguage\":\"pt-BR\",\"@id\":\"https:\/\/pvrjousb.elementor.cloud\/#\/schema\/logo\/image\/\",\"url\":\"https:\/\/xx.network\/wp-content\/uploads\/2021\/10\/xx-network_logotype_color.svg\",\"contentUrl\":\"https:\/\/xx.network\/wp-content\/uploads\/2021\/10\/xx-network_logotype_color.svg\",\"width\":525,\"height\":175,\"caption\":\"xx network\"},\"image\":{\"@id\":\"https:\/\/pvrjousb.elementor.cloud\/#\/schema\/logo\/image\/\"}}]}<\/script>\n<!-- \/ Yoast SEO plugin. -->","yoast_head_json":{"title":"Novembro Instru\u00e7\u00f5es do Applet de Compensa\u00e7\u00e3o BetaNet - xx network","robots":{"index":"index","follow":"follow","max-snippet":"max-snippet:-1","max-image-preview":"max-image-preview:large","max-video-preview":"max-video-preview:-1"},"canonical":"https:\/\/pvrjousb.elementor.cloud\/uk\/november-betanet-compensation-applet-instructions\/","og_locale":"pt_BR","og_type":"article","og_title":"November BetaNet Compensation Applet Instructions - xx network","og_description":"This applet will allow you to sign the contract to receive 4,000xx in compensation for running your node in the [...]Leia mais... from November BetaNet Compensation Applet Instructions","og_url":"https:\/\/pvrjousb.elementor.cloud\/uk\/november-betanet-compensation-applet-instructions\/","og_site_name":"xx network","article_modified_time":"2024-10-08T23:58:14+00:00","og_image":[{"width":1920,"height":1080,"url":"https:\/\/pvrjousb.elementor.cloud\/wp-content\/uploads\/2022\/01\/What-is-it-like-to-be-an-xx-Node_.jpg","type":"image\/jpeg"}],"twitter_card":"summary_large_image","twitter_misc":{"Est. tempo de leitura":"4 minutos"},"schema":{"@context":"https:\/\/schema.org","@graph":[{"@type":"WebPage","@id":"https:\/\/pvrjousb.elementor.cloud\/uk\/november-betanet-compensation-applet-instructions\/","url":"https:\/\/pvrjousb.elementor.cloud\/uk\/november-betanet-compensation-applet-instructions\/","name":"Novembro Instru\u00e7\u00f5es do Applet de Compensa\u00e7\u00e3o BetaNet - xx network","isPartOf":{"@id":"https:\/\/pvrjousb.elementor.cloud\/#website"},"primaryImageOfPage":{"@id":"https:\/\/pvrjousb.elementor.cloud\/uk\/november-betanet-compensation-applet-instructions\/#primaryimage"},"image":{"@id":"https:\/\/pvrjousb.elementor.cloud\/uk\/november-betanet-compensation-applet-instructions\/#primaryimage"},"thumbnailUrl":"https:\/\/xx.network\/wp-content\/uploads\/2022\/01\/What-is-it-like-to-be-an-xx-Node_.jpg","datePublished":"2022-03-08T00:58:43+00:00","dateModified":"2024-10-08T23:58:14+00:00","breadcrumb":{"@id":"https:\/\/pvrjousb.elementor.cloud\/uk\/november-betanet-compensation-applet-instructions\/#breadcrumb"},"inLanguage":"pt-BR","potentialAction":[{"@type":"ReadAction","target":["https:\/\/pvrjousb.elementor.cloud\/uk\/november-betanet-compensation-applet-instructions\/"]}]},{"@type":"ImageObject","inLanguage":"pt-BR","@id":"https:\/\/pvrjousb.elementor.cloud\/uk\/november-betanet-compensation-applet-instructions\/#primaryimage","url":"https:\/\/xx.network\/wp-content\/uploads\/2022\/01\/What-is-it-like-to-be-an-xx-Node_.jpg","contentUrl":"https:\/\/xx.network\/wp-content\/uploads\/2022\/01\/What-is-it-like-to-be-an-xx-Node_.jpg","width":1920,"height":1080},{"@type":"BreadcrumbList","@id":"https:\/\/pvrjousb.elementor.cloud\/uk\/november-betanet-compensation-applet-instructions\/#breadcrumb","itemListElement":[{"@type":"ListItem","position":1,"name":"Home","item":"https:\/\/xx.network\/"},{"@type":"ListItem","position":2,"name":"November BetaNet Compensation Applet Instructions"}]},{"@type":"WebSite","@id":"https:\/\/pvrjousb.elementor.cloud\/#website","url":"https:\/\/pvrjousb.elementor.cloud\/","name":"xx network","description":"","publisher":{"@id":"https:\/\/pvrjousb.elementor.cloud\/#organization"},"potentialAction":[{"@type":"SearchAction","target":{"@type":"EntryPoint","urlTemplate":"https:\/\/pvrjousb.elementor.cloud\/?s={search_term_string}"},"query-input":{"@type":"PropertyValueSpecification","valueRequired":true,"valueName":"search_term_string"}}],"inLanguage":"pt-BR"},{"@type":"Organization","@id":"https:\/\/pvrjousb.elementor.cloud\/#organization","name":"xx network","url":"https:\/\/pvrjousb.elementor.cloud\/","logo":{"@type":"ImageObject","inLanguage":"pt-BR","@id":"https:\/\/pvrjousb.elementor.cloud\/#\/schema\/logo\/image\/","url":"https:\/\/xx.network\/wp-content\/uploads\/2021\/10\/xx-network_logotype_color.svg","contentUrl":"https:\/\/xx.network\/wp-content\/uploads\/2021\/10\/xx-network_logotype_color.svg","width":525,"height":175,"caption":"xx network"},"image":{"@id":"https:\/\/pvrjousb.elementor.cloud\/#\/schema\/logo\/image\/"}}]}},"_links":{"self":[{"href":"https:\/\/xx.network\/pt\/wp-json\/wp\/v2\/pages\/22129","targetHints":{"allow":["GET"]}}],"collection":[{"href":"https:\/\/xx.network\/pt\/wp-json\/wp\/v2\/pages"}],"about":[{"href":"https:\/\/xx.network\/pt\/wp-json\/wp\/v2\/types\/page"}],"author":[{"embeddable":true,"href":"https:\/\/xx.network\/pt\/wp-json\/wp\/v2\/users\/147"}],"replies":[{"embeddable":true,"href":"https:\/\/xx.network\/pt\/wp-json\/wp\/v2\/comments?post=22129"}],"version-history":[{"count":0,"href":"https:\/\/xx.network\/pt\/wp-json\/wp\/v2\/pages\/22129\/revisions"}],"wp:featuredmedia":[{"embeddable":true,"href":"https:\/\/xx.network\/pt\/wp-json\/wp\/v2\/media\/18773"}],"wp:attachment":[{"href":"https:\/\/xx.network\/pt\/wp-json\/wp\/v2\/media?parent=22129"}],"curies":[{"name":"wp","href":"https:\/\/api.w.org\/{rel}","templated":true}]}}