{"id":27380,"date":"2024-10-22T16:30:02","date_gmt":"2024-10-22T23:30:02","guid":{"rendered":"https:\/\/xx.network\/?page_id=27380"},"modified":"2024-10-22T16:51:13","modified_gmt":"2024-10-22T23:51:13","slug":"more-on-mixnets","status":"publish","type":"page","link":"https:\/\/xx.network\/pt\/more-on-mixnets\/","title":{"rendered":"cMixx - Mais sobre redes mistas"},"content":{"rendered":"<div data-elementor-type=\"wp-page\" data-elementor-id=\"27380\" class=\"elementor elementor-27380\" data-elementor-post-type=\"page\">\n\t\t\t\t\t\t<section class=\"elementor-section elementor-top-section elementor-element elementor-element-cdb1b21 elementor-section-content-middle faq-banner elementor-section-boxed elementor-section-height-default elementor-section-height-default\" data-id=\"cdb1b21\" data-element_type=\"section\" data-settings=\"{&quot;background_background&quot;:&quot;classic&quot;,&quot;background_motion_fx_translateX_effect&quot;:&quot;yes&quot;,&quot;background_motion_fx_translateY_direction&quot;:&quot;negative&quot;,&quot;background_motion_fx_motion_fx_scrolling&quot;:&quot;yes&quot;,&quot;background_motion_fx_translateY_effect&quot;:&quot;yes&quot;,&quot;background_motion_fx_translateY_affectedRange&quot;:{&quot;unit&quot;:&quot;%&quot;,&quot;size&quot;:&quot;&quot;,&quot;sizes&quot;:{&quot;start&quot;:76,&quot;end&quot;:100}},&quot;background_motion_fx_opacity_effect&quot;:&quot;yes&quot;,&quot;background_motion_fx_opacity_direction&quot;:&quot;in-out-in&quot;,&quot;background_motion_fx_opacity_level&quot;:{&quot;unit&quot;:&quot;px&quot;,&quot;size&quot;:6,&quot;sizes&quot;:[]},&quot;background_motion_fx_translateY_speed&quot;:{&quot;unit&quot;:&quot;px&quot;,&quot;size&quot;:4,&quot;sizes&quot;:[]},&quot;background_motion_fx_translateX_speed&quot;:{&quot;unit&quot;:&quot;px&quot;,&quot;size&quot;:4,&quot;sizes&quot;:[]},&quot;background_motion_fx_translateX_affectedRange&quot;:{&quot;unit&quot;:&quot;%&quot;,&quot;size&quot;:&quot;&quot;,&quot;sizes&quot;:{&quot;start&quot;:0,&quot;end&quot;:100}},&quot;background_motion_fx_opacity_range&quot;:{&quot;unit&quot;:&quot;%&quot;,&quot;size&quot;:&quot;&quot;,&quot;sizes&quot;:{&quot;start&quot;:20,&quot;end&quot;:80}},&quot;background_motion_fx_devices&quot;:[&quot;desktop&quot;,&quot;tablet&quot;,&quot;mobile&quot;]}\">\n\t\t\t\t\t\t\t<div class=\"elementor-background-overlay\"><\/div>\n\t\t\t\t\t\t\t<div class=\"elementor-container elementor-column-gap-no\">\n\t\t\t\t\t<div class=\"elementor-column elementor-col-100 elementor-top-column elementor-element elementor-element-4b615e0\" data-id=\"4b615e0\" data-element_type=\"column\">\n\t\t\t<div class=\"elementor-widget-wrap elementor-element-populated\">\n\t\t\t\t\t\t<div class=\"elementor-element elementor-element-167373e elementor-widget__width-initial elementor-widget elementor-widget-heading\" data-id=\"167373e\" data-element_type=\"widget\" data-widget_type=\"heading.default\">\n\t\t\t\t<div class=\"elementor-widget-container\">\n\t\t\t<h1 class=\"elementor-heading-title elementor-size-default\">Mais sobre Mixnets...<\/h1>\t\t<\/div>\n\t\t\t\t<\/div>\n\t\t\t\t\t<\/div>\n\t\t<\/div>\n\t\t\t\t\t<\/div>\n\t\t<\/section>\n\t\t\t\t<section class=\"elementor-section elementor-top-section elementor-element elementor-element-bd3bd04 elementor-section-stretched elementor-section-boxed elementor-section-height-default elementor-section-height-default\" data-id=\"bd3bd04\" data-element_type=\"section\" data-settings=\"{&quot;stretch_section&quot;:&quot;section-stretched&quot;}\">\n\t\t\t\t\t\t<div class=\"elementor-container elementor-column-gap-default\">\n\t\t\t\t\t<div class=\"elementor-column elementor-col-100 elementor-top-column elementor-element elementor-element-2d70a78\" data-id=\"2d70a78\" data-element_type=\"column\">\n\t\t\t<div class=\"elementor-widget-wrap elementor-element-populated\">\n\t\t\t\t\t\t<div class=\"elementor-element elementor-element-8d90df3 elementor-widget elementor-widget-accordion\" data-id=\"8d90df3\" data-element_type=\"widget\" data-widget_type=\"accordion.default\">\n\t\t\t\t<div class=\"elementor-widget-container\">\n\t\t\t\t\t<div class=\"elementor-accordion\">\n\t\t\t\t\t\t\t<div class=\"elementor-accordion-item\">\n\t\t\t\t\t<div id=\"elementor-tab-title-1481\" class=\"elementor-tab-title\" data-tab=\"1\" role=\"button\" aria-controls=\"elementor-tab-content-1481\" aria-expanded=\"false\">\n\t\t\t\t\t\t\t\t\t\t\t\t\t<span class=\"elementor-accordion-icon elementor-accordion-icon-left\" aria-hidden=\"true\">\n\t\t\t\t\t\t\t\t\t\t\t\t\t\t\t<span class=\"elementor-accordion-icon-closed\"><svg class=\"e-font-icon-svg e-fas-plus\" viewbox=\"0 0 448 512\" xmlns=\"http:\/\/www.w3.org\/2000\/svg\"><path d=\"M416 208H272V64c0-17.67-14.33-32-32-32h-32c-17.67 0-32 14.33-32 32v144H32c-17.67 0-32 14.33-32 32v32c0 17.67 14.33 32 32 32h144v144c0 17.67 14.33 32 32 32h32c17.67 0 32-14.33 32-32V304h144c17.67 0 32-14.33 32-32v-32c0-17.67-14.33-32-32-32z\"><\/path><\/svg><\/span>\n\t\t\t\t\t\t\t\t<span class=\"elementor-accordion-icon-opened\"><svg class=\"e-font-icon-svg e-fas-minus\" viewbox=\"0 0 448 512\" xmlns=\"http:\/\/www.w3.org\/2000\/svg\"><path d=\"M416 208H32c-17.67 0-32 14.33-32 32v32c0 17.67 14.33 32 32 32h384c17.67 0 32-14.33 32-32v-32c0-17.67-14.33-32-32-32z\"><\/path><\/svg><\/span>\n\t\t\t\t\t\t\t\t\t\t\t\t\t\t<\/span>\n\t\t\t\t\t\t\t\t\t\t\t\t<a class=\"elementor-accordion-title\" tabindex=\"0\">O que, em geral, \u00e9 uma Mixnet?<\/a>\n\t\t\t\t\t<\/div>\n\t\t\t\t\t<div id=\"elementor-tab-content-1481\" class=\"elementor-tab-content elementor-clearfix\" data-tab=\"1\" role=\"region\" aria-labelledby=\"elementor-tab-title-1481\"><p><span style=\"font-weight: 400;\">O cMixx \u00e9 uma mixnet muito r\u00e1pida.  De modo mais geral, as mixnets, tamb\u00e9m conhecidas como redes de mistura, foram descritas pela primeira vez pelo fundador do xx network, David Chaum, em 1979. Uma mixnet estabelece regras criptogr\u00e1ficas para mensagens ou transa\u00e7\u00f5es a serem retransmitidas por uma sequ\u00eancia de intermedi\u00e1rios confi\u00e1veis conhecidos como n\u00f3s de mistura. Esses n\u00f3s de mistura recebem um lote de dados criptografados dos usu\u00e1rios, permutam ou \"misturam\" aleatoriamente e, em seguida, enviam os dados criptografados reordenados para o pr\u00f3ximo n\u00f3 de mistura.<\/span><\/p>\n<p><span style=\"font-weight: 400;\">Essa \"mistura\" obscurece os metadados associados \u00e0 atividade do usu\u00e1rio, criando um sistema de comunica\u00e7\u00e3o que protege a privacidade. Metadados s\u00e3o os detalhes de quem, o qu\u00ea, quando, onde e como associados a qualquer mensagem ou atividade.\u00a0<\/span><\/p>\n<p><span style=\"font-weight: 400;\">A principal desvantagem das mixnets existentes \u00e9 que as opera\u00e7\u00f5es de chave p\u00fablica necess\u00e1rias para a opera\u00e7\u00e3o de mixagem exigem computa\u00e7\u00e3o intensiva.  De fato, em 1979, os c\u00e1lculos originalmente descritos no artigo de Chaum excediam a pot\u00eancia da maioria dos computadores existentes.  Mesmo agora, a computa\u00e7\u00e3o necess\u00e1ria para mixnets t\u00edpicas consome muitos recursos e tempo.  Como resultado, quando executadas em escala, as mixnets s\u00e3o lentas demais para a maioria dos usos do consumidor.<\/span><\/p><\/div>\n\t\t\t\t<\/div>\n\t\t\t\t\t\t\t<div class=\"elementor-accordion-item\">\n\t\t\t\t\t<div id=\"elementor-tab-title-1482\" class=\"elementor-tab-title\" data-tab=\"2\" role=\"button\" aria-controls=\"elementor-tab-content-1482\" aria-expanded=\"false\">\n\t\t\t\t\t\t\t\t\t\t\t\t\t<span class=\"elementor-accordion-icon elementor-accordion-icon-left\" aria-hidden=\"true\">\n\t\t\t\t\t\t\t\t\t\t\t\t\t\t\t<span class=\"elementor-accordion-icon-closed\"><svg class=\"e-font-icon-svg e-fas-plus\" viewbox=\"0 0 448 512\" xmlns=\"http:\/\/www.w3.org\/2000\/svg\"><path d=\"M416 208H272V64c0-17.67-14.33-32-32-32h-32c-17.67 0-32 14.33-32 32v144H32c-17.67 0-32 14.33-32 32v32c0 17.67 14.33 32 32 32h144v144c0 17.67 14.33 32 32 32h32c17.67 0 32-14.33 32-32V304h144c17.67 0 32-14.33 32-32v-32c0-17.67-14.33-32-32-32z\"><\/path><\/svg><\/span>\n\t\t\t\t\t\t\t\t<span class=\"elementor-accordion-icon-opened\"><svg class=\"e-font-icon-svg e-fas-minus\" viewbox=\"0 0 448 512\" xmlns=\"http:\/\/www.w3.org\/2000\/svg\"><path d=\"M416 208H32c-17.67 0-32 14.33-32 32v32c0 17.67 14.33 32 32 32h384c17.67 0 32-14.33 32-32v-32c0-17.67-14.33-32-32-32z\"><\/path><\/svg><\/span>\n\t\t\t\t\t\t\t\t\t\t\t\t\t\t<\/span>\n\t\t\t\t\t\t\t\t\t\t\t\t<a class=\"elementor-accordion-title\" tabindex=\"0\">Como o cMixx foi \"inventado\"?<\/a>\n\t\t\t\t\t<\/div>\n\t\t\t\t\t<div id=\"elementor-tab-content-1482\" class=\"elementor-tab-content elementor-clearfix\" data-tab=\"2\" role=\"region\" aria-labelledby=\"elementor-tab-title-1482\"><p><span style=\"font-weight: 400;\">Em 2016, Chaum e uma equipe de pesquisadores publicaram um projeto para uma rede de mistura \"acelerada\" chamada \"cmix\".  A \"pr\u00e9-computa\u00e7\u00e3o\" foi proposta como a solu\u00e7\u00e3o para a lentid\u00e3o das redes de mistura t\u00edpicas.<\/span><\/p>\n<p><span style=\"font-weight: 400;\">A pr\u00e9-computa\u00e7\u00e3o permite que os n\u00f3s da mixnet executem a criptografia de chave p\u00fablica demorada antes da fase em tempo real de manipula\u00e7\u00e3o de mensagens ou transmiss\u00e3o de dados entre remetentes e destinat\u00e1rios. O resultado \u00e9 um tipo muito eficiente de mixnet que permite que os usu\u00e1rios enviem e recebam em tempo real sem comprometer a seguran\u00e7a ou a privacidade.<\/span><\/p>\n<p><span style=\"font-weight: 400;\">Parte do projeto de pesquisa inicial foi uma implementa\u00e7\u00e3o de refer\u00eancia acad\u00eamica que serviu como prova de conceito para o cmix; ela inclu\u00eda uma equipe de back-end de n\u00f3s de mixagem e um cliente rudimentar de smartphone.<\/span><\/p>\n<p><span style=\"font-weight: 400;\">Em agosto de 2017, sob a lideran\u00e7a de Chaum, um grupo de desenvolvimento come\u00e7ou a criar uma implementa\u00e7\u00e3o descentralizada, segura e dimension\u00e1vel chamada cMixx.  A equipe inclu\u00eda pioneiros que desenvolveram os primeiros sistemas criptogr\u00e1ficos pr\u00e1ticos, an\u00f4nimos e verific\u00e1veis. Seus membros estavam entre os primeiros a propor e implantar moedas digitais, redes mistas, criptografia n\u00e3o permitida, sistemas de vota\u00e7\u00e3o verific\u00e1veis e muitos outros avan\u00e7os em criptografia.<\/span><\/p><\/div>\n\t\t\t\t<\/div>\n\t\t\t\t\t\t\t\t<\/div>\n\t\t\t\t<\/div>\n\t\t\t\t<\/div>\n\t\t\t\t\t<\/div>\n\t\t<\/div>\n\t\t\t\t\t<\/div>\n\t\t<\/section>\n\t\t\t\t<\/div>","protected":false},"excerpt":{"rendered":"<p>Mais sobre mixnets... O que, em geral, \u00e9 uma mixnet? O cMixx \u00e9 uma mixnet muito r\u00e1pida.  De modo mais geral, as mixnets, tamb\u00e9m conhecidas [...]<\/p>\n<p><a class=\"btn btn-secondary understrap-read-more-link\" href=\"https:\/\/xx.network\/pt\/more-on-mixnets\/\">Leia mais...<span class=\"screen-reader-text\"> de cMixx - Mais sobre redes de mixagem<\/span><\/a><\/p>","protected":false},"author":147,"featured_media":18773,"parent":0,"menu_order":0,"comment_status":"closed","ping_status":"closed","template":"elementor_header_footer","meta":{"_acf_changed":false,"footnotes":""},"class_list":["post-27380","page","type-page","status-publish","has-post-thumbnail","hentry"],"acf":[],"yoast_head":"<!-- This site is optimized with the Yoast SEO plugin v25.6 - https:\/\/yoast.com\/wordpress\/plugins\/seo\/ -->\n<title>cMixx - More on Mixnets - xx network<\/title>\n<meta name=\"robots\" content=\"index, follow, max-snippet:-1, max-image-preview:large, max-video-preview:-1\" \/>\n<link rel=\"canonical\" href=\"https:\/\/pvrjousb.elementor.cloud\/ja\/more-on-mixnets\/\" \/>\n<meta property=\"og:locale\" content=\"pt_BR\" \/>\n<meta property=\"og:type\" content=\"article\" \/>\n<meta property=\"og:title\" content=\"cMixx - More on Mixnets - xx network\" \/>\n<meta property=\"og:description\" content=\"More On Mixnets&#8230; What, in General, is a Mixnet? cMixx is a very fast mixnet.\u00a0 More generally, mixnets, also known [...]Leia mais... from cMixx &#8211; More on Mixnets\" \/>\n<meta property=\"og:url\" content=\"https:\/\/pvrjousb.elementor.cloud\/ja\/more-on-mixnets\/\" \/>\n<meta property=\"og:site_name\" content=\"xx network\" \/>\n<meta property=\"article:modified_time\" content=\"2024-10-22T23:51:13+00:00\" \/>\n<meta property=\"og:image\" content=\"https:\/\/pvrjousb.elementor.cloud\/wp-content\/uploads\/2022\/01\/What-is-it-like-to-be-an-xx-Node_.jpg\" \/>\n\t<meta property=\"og:image:width\" content=\"1920\" \/>\n\t<meta property=\"og:image:height\" content=\"1080\" \/>\n\t<meta property=\"og:image:type\" content=\"image\/jpeg\" \/>\n<meta name=\"twitter:card\" content=\"summary_large_image\" \/>\n<meta name=\"twitter:label1\" content=\"Est. tempo de leitura\" \/>\n\t<meta name=\"twitter:data1\" content=\"2 minutos\" \/>\n<script type=\"application\/ld+json\" class=\"yoast-schema-graph\">{\"@context\":\"https:\/\/schema.org\",\"@graph\":[{\"@type\":\"WebPage\",\"@id\":\"https:\/\/pvrjousb.elementor.cloud\/ja\/more-on-mixnets\/\",\"url\":\"https:\/\/pvrjousb.elementor.cloud\/ja\/more-on-mixnets\/\",\"name\":\"cMixx - More on Mixnets - xx network\",\"isPartOf\":{\"@id\":\"https:\/\/pvrjousb.elementor.cloud\/#website\"},\"primaryImageOfPage\":{\"@id\":\"https:\/\/pvrjousb.elementor.cloud\/ja\/more-on-mixnets\/#primaryimage\"},\"image\":{\"@id\":\"https:\/\/pvrjousb.elementor.cloud\/ja\/more-on-mixnets\/#primaryimage\"},\"thumbnailUrl\":\"https:\/\/xx.network\/wp-content\/uploads\/2022\/01\/What-is-it-like-to-be-an-xx-Node_.jpg\",\"datePublished\":\"2024-10-22T23:30:02+00:00\",\"dateModified\":\"2024-10-22T23:51:13+00:00\",\"breadcrumb\":{\"@id\":\"https:\/\/pvrjousb.elementor.cloud\/ja\/more-on-mixnets\/#breadcrumb\"},\"inLanguage\":\"pt-BR\",\"potentialAction\":[{\"@type\":\"ReadAction\",\"target\":[\"https:\/\/pvrjousb.elementor.cloud\/ja\/more-on-mixnets\/\"]}]},{\"@type\":\"ImageObject\",\"inLanguage\":\"pt-BR\",\"@id\":\"https:\/\/pvrjousb.elementor.cloud\/ja\/more-on-mixnets\/#primaryimage\",\"url\":\"https:\/\/xx.network\/wp-content\/uploads\/2022\/01\/What-is-it-like-to-be-an-xx-Node_.jpg\",\"contentUrl\":\"https:\/\/xx.network\/wp-content\/uploads\/2022\/01\/What-is-it-like-to-be-an-xx-Node_.jpg\",\"width\":1920,\"height\":1080},{\"@type\":\"BreadcrumbList\",\"@id\":\"https:\/\/pvrjousb.elementor.cloud\/ja\/more-on-mixnets\/#breadcrumb\",\"itemListElement\":[{\"@type\":\"ListItem\",\"position\":1,\"name\":\"Home\",\"item\":\"https:\/\/xx.network\/\"},{\"@type\":\"ListItem\",\"position\":2,\"name\":\"cMixx &#8211; More on Mixnets\"}]},{\"@type\":\"WebSite\",\"@id\":\"https:\/\/pvrjousb.elementor.cloud\/#website\",\"url\":\"https:\/\/pvrjousb.elementor.cloud\/\",\"name\":\"xx network\",\"description\":\"\",\"publisher\":{\"@id\":\"https:\/\/pvrjousb.elementor.cloud\/#organization\"},\"potentialAction\":[{\"@type\":\"SearchAction\",\"target\":{\"@type\":\"EntryPoint\",\"urlTemplate\":\"https:\/\/pvrjousb.elementor.cloud\/?s={search_term_string}\"},\"query-input\":{\"@type\":\"PropertyValueSpecification\",\"valueRequired\":true,\"valueName\":\"search_term_string\"}}],\"inLanguage\":\"pt-BR\"},{\"@type\":\"Organization\",\"@id\":\"https:\/\/pvrjousb.elementor.cloud\/#organization\",\"name\":\"xx network\",\"url\":\"https:\/\/pvrjousb.elementor.cloud\/\",\"logo\":{\"@type\":\"ImageObject\",\"inLanguage\":\"pt-BR\",\"@id\":\"https:\/\/pvrjousb.elementor.cloud\/#\/schema\/logo\/image\/\",\"url\":\"https:\/\/xx.network\/wp-content\/uploads\/2021\/10\/xx-network_logotype_color.svg\",\"contentUrl\":\"https:\/\/xx.network\/wp-content\/uploads\/2021\/10\/xx-network_logotype_color.svg\",\"width\":525,\"height\":175,\"caption\":\"xx network\"},\"image\":{\"@id\":\"https:\/\/pvrjousb.elementor.cloud\/#\/schema\/logo\/image\/\"}}]}<\/script>\n<!-- \/ Yoast SEO plugin. -->","yoast_head_json":{"title":"cMixx - Mais sobre redes mistas - xx network","robots":{"index":"index","follow":"follow","max-snippet":"max-snippet:-1","max-image-preview":"max-image-preview:large","max-video-preview":"max-video-preview:-1"},"canonical":"https:\/\/pvrjousb.elementor.cloud\/ja\/more-on-mixnets\/","og_locale":"pt_BR","og_type":"article","og_title":"cMixx - More on Mixnets - xx network","og_description":"More On Mixnets&#8230; What, in General, is a Mixnet? cMixx is a very fast mixnet.\u00a0 More generally, mixnets, also known [...]Leia mais... from cMixx &#8211; More on Mixnets","og_url":"https:\/\/pvrjousb.elementor.cloud\/ja\/more-on-mixnets\/","og_site_name":"xx network","article_modified_time":"2024-10-22T23:51:13+00:00","og_image":[{"width":1920,"height":1080,"url":"https:\/\/pvrjousb.elementor.cloud\/wp-content\/uploads\/2022\/01\/What-is-it-like-to-be-an-xx-Node_.jpg","type":"image\/jpeg"}],"twitter_card":"summary_large_image","twitter_misc":{"Est. tempo de leitura":"2 minutos"},"schema":{"@context":"https:\/\/schema.org","@graph":[{"@type":"WebPage","@id":"https:\/\/pvrjousb.elementor.cloud\/ja\/more-on-mixnets\/","url":"https:\/\/pvrjousb.elementor.cloud\/ja\/more-on-mixnets\/","name":"cMixx - Mais sobre redes mistas - xx network","isPartOf":{"@id":"https:\/\/pvrjousb.elementor.cloud\/#website"},"primaryImageOfPage":{"@id":"https:\/\/pvrjousb.elementor.cloud\/ja\/more-on-mixnets\/#primaryimage"},"image":{"@id":"https:\/\/pvrjousb.elementor.cloud\/ja\/more-on-mixnets\/#primaryimage"},"thumbnailUrl":"https:\/\/xx.network\/wp-content\/uploads\/2022\/01\/What-is-it-like-to-be-an-xx-Node_.jpg","datePublished":"2024-10-22T23:30:02+00:00","dateModified":"2024-10-22T23:51:13+00:00","breadcrumb":{"@id":"https:\/\/pvrjousb.elementor.cloud\/ja\/more-on-mixnets\/#breadcrumb"},"inLanguage":"pt-BR","potentialAction":[{"@type":"ReadAction","target":["https:\/\/pvrjousb.elementor.cloud\/ja\/more-on-mixnets\/"]}]},{"@type":"ImageObject","inLanguage":"pt-BR","@id":"https:\/\/pvrjousb.elementor.cloud\/ja\/more-on-mixnets\/#primaryimage","url":"https:\/\/xx.network\/wp-content\/uploads\/2022\/01\/What-is-it-like-to-be-an-xx-Node_.jpg","contentUrl":"https:\/\/xx.network\/wp-content\/uploads\/2022\/01\/What-is-it-like-to-be-an-xx-Node_.jpg","width":1920,"height":1080},{"@type":"BreadcrumbList","@id":"https:\/\/pvrjousb.elementor.cloud\/ja\/more-on-mixnets\/#breadcrumb","itemListElement":[{"@type":"ListItem","position":1,"name":"Home","item":"https:\/\/xx.network\/"},{"@type":"ListItem","position":2,"name":"cMixx &#8211; More on Mixnets"}]},{"@type":"WebSite","@id":"https:\/\/pvrjousb.elementor.cloud\/#website","url":"https:\/\/pvrjousb.elementor.cloud\/","name":"xx network","description":"","publisher":{"@id":"https:\/\/pvrjousb.elementor.cloud\/#organization"},"potentialAction":[{"@type":"SearchAction","target":{"@type":"EntryPoint","urlTemplate":"https:\/\/pvrjousb.elementor.cloud\/?s={search_term_string}"},"query-input":{"@type":"PropertyValueSpecification","valueRequired":true,"valueName":"search_term_string"}}],"inLanguage":"pt-BR"},{"@type":"Organization","@id":"https:\/\/pvrjousb.elementor.cloud\/#organization","name":"xx network","url":"https:\/\/pvrjousb.elementor.cloud\/","logo":{"@type":"ImageObject","inLanguage":"pt-BR","@id":"https:\/\/pvrjousb.elementor.cloud\/#\/schema\/logo\/image\/","url":"https:\/\/xx.network\/wp-content\/uploads\/2021\/10\/xx-network_logotype_color.svg","contentUrl":"https:\/\/xx.network\/wp-content\/uploads\/2021\/10\/xx-network_logotype_color.svg","width":525,"height":175,"caption":"xx network"},"image":{"@id":"https:\/\/pvrjousb.elementor.cloud\/#\/schema\/logo\/image\/"}}]}},"_links":{"self":[{"href":"https:\/\/xx.network\/pt\/wp-json\/wp\/v2\/pages\/27380","targetHints":{"allow":["GET"]}}],"collection":[{"href":"https:\/\/xx.network\/pt\/wp-json\/wp\/v2\/pages"}],"about":[{"href":"https:\/\/xx.network\/pt\/wp-json\/wp\/v2\/types\/page"}],"author":[{"embeddable":true,"href":"https:\/\/xx.network\/pt\/wp-json\/wp\/v2\/users\/147"}],"replies":[{"embeddable":true,"href":"https:\/\/xx.network\/pt\/wp-json\/wp\/v2\/comments?post=27380"}],"version-history":[{"count":0,"href":"https:\/\/xx.network\/pt\/wp-json\/wp\/v2\/pages\/27380\/revisions"}],"wp:featuredmedia":[{"embeddable":true,"href":"https:\/\/xx.network\/pt\/wp-json\/wp\/v2\/media\/18773"}],"wp:attachment":[{"href":"https:\/\/xx.network\/pt\/wp-json\/wp\/v2\/media?parent=27380"}],"curies":[{"name":"wp","href":"https:\/\/api.w.org\/{rel}","templated":true}]}}