{"id":27809,"date":"2025-02-07T20:06:14","date_gmt":"2025-02-08T03:06:14","guid":{"rendered":"https:\/\/xx.network\/?page_id=27809"},"modified":"2025-03-27T16:38:57","modified_gmt":"2025-03-27T23:38:57","slug":"xx-coin","status":"publish","type":"page","link":"https:\/\/xx.network\/pt\/xx-coin\/","title":{"rendered":"xx Moeda"},"content":{"rendered":"<div data-elementor-type=\"wp-page\" data-elementor-id=\"27809\" class=\"elementor elementor-27809\" data-elementor-post-type=\"page\">\n\t\t\t\t\t\t<section class=\"elementor-section elementor-top-section elementor-element elementor-element-cdb1b21 elementor-section-content-middle faq-banner elementor-section-boxed elementor-section-height-default elementor-section-height-default\" data-id=\"cdb1b21\" data-element_type=\"section\" data-settings=\"{&quot;background_background&quot;:&quot;classic&quot;}\">\n\t\t\t\t\t\t\t<div class=\"elementor-background-overlay\"><\/div>\n\t\t\t\t\t\t\t<div class=\"elementor-container elementor-column-gap-no\">\n\t\t\t\t\t<div class=\"elementor-column elementor-col-100 elementor-top-column elementor-element elementor-element-a86892a elementor-invisible\" data-id=\"a86892a\" data-element_type=\"column\" data-settings=\"{&quot;animation&quot;:&quot;fadeInDown&quot;}\">\n\t\t\t<div class=\"elementor-widget-wrap elementor-element-populated\">\n\t\t\t\t\t\t<div class=\"elementor-element elementor-element-7c7bce0 elementor-widget elementor-widget-heading\" data-id=\"7c7bce0\" data-element_type=\"widget\" data-widget_type=\"heading.default\">\n\t\t\t\t<div class=\"elementor-widget-container\">\n\t\t\t<h1 class=\"elementor-heading-title elementor-size-default\">A moeda xx<\/h1>\t\t<\/div>\n\t\t\t\t<\/div>\n\t\t\t\t<div class=\"elementor-element elementor-element-2f07b10 elementor-widget elementor-widget-text-editor\" data-id=\"2f07b10\" data-element_type=\"widget\" data-widget_type=\"text-editor.default\">\n\t\t\t\t<div class=\"elementor-widget-container\">\n\t\t\t\t\t\t\t<p>Incentiva\u00e7\u00e3o da rede xx<\/p>\t\t\t\t\t\t<\/div>\n\t\t\t\t<\/div>\n\t\t\t\t\t<\/div>\n\t\t<\/div>\n\t\t\t\t\t<\/div>\n\t\t<\/section>\n\t\t\t\t<section class=\"elementor-section elementor-top-section elementor-element elementor-element-bd3bd04 elementor-section-stretched elementor-section-boxed elementor-section-height-default elementor-section-height-default\" data-id=\"bd3bd04\" data-element_type=\"section\" data-settings=\"{&quot;stretch_section&quot;:&quot;section-stretched&quot;}\">\n\t\t\t\t\t\t<div class=\"elementor-container elementor-column-gap-default\">\n\t\t\t\t\t<div class=\"elementor-column elementor-col-100 elementor-top-column elementor-element elementor-element-2d70a78\" data-id=\"2d70a78\" data-element_type=\"column\">\n\t\t\t<div class=\"elementor-widget-wrap elementor-element-populated\">\n\t\t\t\t\t\t<div class=\"elementor-element elementor-element-2ad54bb elementor-widget elementor-widget-heading\" data-id=\"2ad54bb\" data-element_type=\"widget\" data-widget_type=\"heading.default\">\n\t\t\t\t<div class=\"elementor-widget-container\">\n\t\t\t<h2 class=\"elementor-heading-title elementor-size-default\">D\u00ea uma olhada no xx coin.<\/h2>\t\t<\/div>\n\t\t\t\t<\/div>\n\t\t\t\t<div class=\"elementor-element elementor-element-8d90df3 elementor-widget elementor-widget-accordion\" data-id=\"8d90df3\" data-element_type=\"widget\" data-widget_type=\"accordion.default\">\n\t\t\t\t<div class=\"elementor-widget-container\">\n\t\t\t\t\t<div class=\"elementor-accordion\">\n\t\t\t\t\t\t\t<div class=\"elementor-accordion-item\">\n\t\t\t\t\t<div id=\"elementor-tab-title-1481\" class=\"elementor-tab-title\" data-tab=\"1\" role=\"button\" aria-controls=\"elementor-tab-content-1481\" aria-expanded=\"false\">\n\t\t\t\t\t\t\t\t\t\t\t\t\t<span class=\"elementor-accordion-icon elementor-accordion-icon-left\" aria-hidden=\"true\">\n\t\t\t\t\t\t\t\t\t\t\t\t\t\t\t<span class=\"elementor-accordion-icon-closed\"><svg class=\"e-font-icon-svg e-fas-plus\" viewbox=\"0 0 448 512\" xmlns=\"http:\/\/www.w3.org\/2000\/svg\"><path d=\"M416 208H272V64c0-17.67-14.33-32-32-32h-32c-17.67 0-32 14.33-32 32v144H32c-17.67 0-32 14.33-32 32v32c0 17.67 14.33 32 32 32h144v144c0 17.67 14.33 32 32 32h32c17.67 0 32-14.33 32-32V304h144c17.67 0 32-14.33 32-32v-32c0-17.67-14.33-32-32-32z\"><\/path><\/svg><\/span>\n\t\t\t\t\t\t\t\t<span class=\"elementor-accordion-icon-opened\"><svg class=\"e-font-icon-svg e-fas-minus\" viewbox=\"0 0 448 512\" xmlns=\"http:\/\/www.w3.org\/2000\/svg\"><path d=\"M416 208H32c-17.67 0-32 14.33-32 32v32c0 17.67 14.33 32 32 32h384c17.67 0 32-14.33 32-32v-32c0-17.67-14.33-32-32-32z\"><\/path><\/svg><\/span>\n\t\t\t\t\t\t\t\t\t\t\t\t\t\t<\/span>\n\t\t\t\t\t\t\t\t\t\t\t\t<a class=\"elementor-accordion-title\" tabindex=\"0\">O que \u00e9 xx coin?<\/a>\n\t\t\t\t\t<\/div>\n\t\t\t\t\t<div id=\"elementor-tab-content-1481\" class=\"elementor-tab-content elementor-clearfix\" data-tab=\"1\" role=\"region\" aria-labelledby=\"elementor-tab-title-1481\"><p><span style=\"font-weight: 400;\">O xx coin \u00e9 a sua maneira de participar do xx network. Ele \u00e9 usado para incentivar a execu\u00e7\u00e3o de um n\u00f3 cMixx\/blockchain, para apoiar aqueles que o fazem por meio de um sistema incentivado chamado Nominated Proof Of Stake (NPOS), para votar e governar a rede e para trocar valores. O xx coin oferece acesso sem censura \u00e0 rede de comunica\u00e7\u00f5es descentralizada mais privada do mundo.\u00a0<\/span><\/p><\/div>\n\t\t\t\t<\/div>\n\t\t\t\t\t\t\t<div class=\"elementor-accordion-item\">\n\t\t\t\t\t<div id=\"elementor-tab-title-1482\" class=\"elementor-tab-title\" data-tab=\"2\" role=\"button\" aria-controls=\"elementor-tab-content-1482\" aria-expanded=\"false\">\n\t\t\t\t\t\t\t\t\t\t\t\t\t<span class=\"elementor-accordion-icon elementor-accordion-icon-left\" aria-hidden=\"true\">\n\t\t\t\t\t\t\t\t\t\t\t\t\t\t\t<span class=\"elementor-accordion-icon-closed\"><svg class=\"e-font-icon-svg e-fas-plus\" viewbox=\"0 0 448 512\" xmlns=\"http:\/\/www.w3.org\/2000\/svg\"><path d=\"M416 208H272V64c0-17.67-14.33-32-32-32h-32c-17.67 0-32 14.33-32 32v144H32c-17.67 0-32 14.33-32 32v32c0 17.67 14.33 32 32 32h144v144c0 17.67 14.33 32 32 32h32c17.67 0 32-14.33 32-32V304h144c17.67 0 32-14.33 32-32v-32c0-17.67-14.33-32-32-32z\"><\/path><\/svg><\/span>\n\t\t\t\t\t\t\t\t<span class=\"elementor-accordion-icon-opened\"><svg class=\"e-font-icon-svg e-fas-minus\" viewbox=\"0 0 448 512\" xmlns=\"http:\/\/www.w3.org\/2000\/svg\"><path d=\"M416 208H32c-17.67 0-32 14.33-32 32v32c0 17.67 14.33 32 32 32h384c17.67 0 32-14.33 32-32v-32c0-17.67-14.33-32-32-32z\"><\/path><\/svg><\/span>\n\t\t\t\t\t\t\t\t\t\t\t\t\t\t<\/span>\n\t\t\t\t\t\t\t\t\t\t\t\t<a class=\"elementor-accordion-title\" tabindex=\"0\">xx coin - Governan\u00e7a e recompensas<\/a>\n\t\t\t\t\t<\/div>\n\t\t\t\t\t<div id=\"elementor-tab-content-1482\" class=\"elementor-tab-content elementor-clearfix\" data-tab=\"2\" role=\"region\" aria-labelledby=\"elementor-tab-title-1482\"><p>The xx blockchain uses a Nominated Proof of Stake (NPoS) protocol to secure the network economically. The network\u2019s decentralized governance mechanisms allow every xx coin holder to propose, second, and vote in the referendums that shape the network. These referendums may modify the code of the network, add new features, change economic structures, and control just about every aspect of the platform.<\/p>\n<p><!-- \/wp:paragraph --><!-- wp:paragraph --><\/p>\n<p>Mais especificamente, o xx network utilizar\u00e1 a estaca nomeada para incentivar todos os portadores de moedas a participar da sele\u00e7\u00e3o, opera\u00e7\u00e3o, colagem e governan\u00e7a do n\u00f3. H\u00e1 quatro formas principais de contribuir para o xx network e come\u00e7ar a ganhar xx coins:\u00a0<\/p>\n<p><!-- \/wp:paragraph --><!-- wp:list {\"ordered\":true} --><\/p>\n<ol class=\"wp-block-list\">\n<li style=\"list-style-type: none;\">\n<ol class=\"wp-block-list\"><!-- wp:list-item --><\/ol>\n<\/li>\n<\/ol>\n<ol>\n<li><a href=\"https:\/\/xx.network\/pt\/nodes\/\" target=\"_blank\" rel=\"noreferrer noopener\"><strong>Executar um n\u00f3 ativo<\/strong><\/a>: xx coin holders can become an xx network node operator and earn xx coins in exchange for helping secure the network. Prospective validators must stake xx coins and attract nominations and stakes from the community to be elected. Once elected, every validator is equal, meaning their xx coin staking rewards are not proportional to the validator\u2019s stake, but rather determined by a point-based system that measures each validator\u2019s relative blockchain performance (uptime, block production, etc.). Today, it takes over 100k xx in nominations to become a node on the xx network blockchain.<br \/><br \/><\/li>\n<li><a href=\"https:\/\/staking.xx.nework\" target=\"_blank\" rel=\"noreferrer noopener\"><strong>Nomear um n\u00f3 ativo<\/strong><\/a><strong>:<\/strong> Os usu\u00e1rios do xx network que n\u00e3o quiserem se tornar validadores podem apostar suas moedas e nomear validadores para votar em propostas de governan\u00e7a e nomear n\u00f3s na rede. Esses nomeadores ganham juros sobre os tokens que apostaram em n\u00f3s ativos a cada \"era\", de acordo com uma curva de taxa de juros e com a comiss\u00e3o e o desempenho espec\u00edficos do n\u00f3. As indica\u00e7\u00f5es de n\u00f3s ativos podem ser escolhidas manualmente por meio do<br \/><br \/><!-- \/wp:list-item --><!-- wp:list-item --><\/li>\n<li><a href=\"https:\/\/xxfoundation.org\/archive\/xx-foundation-announces-the-xx-dapps-grant-program\/\" target=\"_blank\" rel=\"noreferrer noopener\"><strong>Construir um aplicativo xx<\/strong><\/a>: The xx Foundation has launched a special grant initiative to jumpstart the development and deployment of privacy preserving\u00a0 dApps using the xxDK. The program will award individual grants of up to 1,000,000 xx coins for each successful submission, from an initial pool of 10,000,000 xx coins, and the <a href=\"https:\/\/xxfoundation.org\/xx-grants-program-reboot\/\">xx Funda\u00e7\u00e3o<\/a> tamb\u00e9m estar\u00e3o envolvidos como consultores de cada projeto de subs\u00eddio aceito nesta etapa.<br \/><br \/><!-- \/wp:list-item --><!-- wp:list-item --><\/li>\n<li><a href=\"https:\/\/xx.network\/pt\/welcome\/\" target=\"_blank\" rel=\"noreferrer noopener\"><strong>Cultivar o ecossistema xx<\/strong><\/a><strong>:<\/strong> A tesouraria do xx network foi criada para financiar recompensas e pr\u00eamios para o desenvolvimento cont\u00ednuo do ecossistema xx por meio de atividades propostas pelo conselho, pelo comit\u00ea t\u00e9cnico ou pela comunidade em geral. Participe do xx Discord e do Telegram para saber mais sobre novas iniciativas da comunidade e contribuir com novas ideias para o crescimento do ecossistema xx.<\/li>\n<\/ol>\n<p><!-- \/wp:list-item --><\/p>\n<p><!-- \/wp:list --><!-- wp:paragraph --><\/p>\n<p>xx n\u00f3s s\u00e3o essenciais para a seguran\u00e7a e as opera\u00e7\u00f5es centrais do xx network, e as recompensas dos n\u00f3s s\u00e3o compostas de uma parte das taxas pagas na rede mais uma recompensa inflacion\u00e1ria de xx coins cunhados recentemente. Dito isto, entendemos que rodar um n\u00f3 completo requer alguma experi\u00eancia, tempo e dinheiro para adquirir e manter o hardware de computa\u00e7\u00e3o necess\u00e1rio e o valor m\u00ednimo da obriga\u00e7\u00e3o. \u00c9 por isso que incorporamos nomea\u00e7\u00f5es de n\u00f3s e outros mecanismos de recompensa - para que todo usu\u00e1rio ativo tenha a capacidade de participar da governan\u00e7a e desenvolvimento do xx network e ganhar xx coins por suas contribui\u00e7\u00f5es.<\/p>\n<p><!-- \/wp:paragraph --><\/p><\/div>\n\t\t\t\t<\/div>\n\t\t\t\t\t\t\t<div class=\"elementor-accordion-item\">\n\t\t\t\t\t<div id=\"elementor-tab-title-1483\" class=\"elementor-tab-title\" data-tab=\"3\" role=\"button\" aria-controls=\"elementor-tab-content-1483\" aria-expanded=\"false\">\n\t\t\t\t\t\t\t\t\t\t\t\t\t<span class=\"elementor-accordion-icon elementor-accordion-icon-left\" aria-hidden=\"true\">\n\t\t\t\t\t\t\t\t\t\t\t\t\t\t\t<span class=\"elementor-accordion-icon-closed\"><svg class=\"e-font-icon-svg e-fas-plus\" viewbox=\"0 0 448 512\" xmlns=\"http:\/\/www.w3.org\/2000\/svg\"><path d=\"M416 208H272V64c0-17.67-14.33-32-32-32h-32c-17.67 0-32 14.33-32 32v144H32c-17.67 0-32 14.33-32 32v32c0 17.67 14.33 32 32 32h144v144c0 17.67 14.33 32 32 32h32c17.67 0 32-14.33 32-32V304h144c17.67 0 32-14.33 32-32v-32c0-17.67-14.33-32-32-32z\"><\/path><\/svg><\/span>\n\t\t\t\t\t\t\t\t<span class=\"elementor-accordion-icon-opened\"><svg class=\"e-font-icon-svg e-fas-minus\" viewbox=\"0 0 448 512\" xmlns=\"http:\/\/www.w3.org\/2000\/svg\"><path d=\"M416 208H32c-17.67 0-32 14.33-32 32v32c0 17.67 14.33 32 32 32h384c17.67 0 32-14.33 32-32v-32c0-17.67-14.33-32-32-32z\"><\/path><\/svg><\/span>\n\t\t\t\t\t\t\t\t\t\t\t\t\t\t<\/span>\n\t\t\t\t\t\t\t\t\t\t\t\t<a class=\"elementor-accordion-title\" tabindex=\"0\">xx coin - Uso do ecossistema<\/a>\n\t\t\t\t\t<\/div>\n\t\t\t\t\t<div id=\"elementor-tab-content-1483\" class=\"elementor-tab-content elementor-clearfix\" data-tab=\"3\" role=\"region\" aria-labelledby=\"elementor-tab-title-1483\"><p id=\"h-xx-coin-ecosystem-usage\" class=\"wp-block-heading\"><span style=\"color: var( --e-global-color-text ); font-weight: var( --e-global-typography-text-font-weight ); font-size: 1rem;\">O xx network foi fundado na cren\u00e7a de que n\u00e3o importa onde voc\u00ea esteja no mundo, voc\u00ea deve ser capaz de se comunicar e fazer transa\u00e7\u00f5es privadas sem se preocupar se sua pegada digital pode ser vista ou comprometida por qualquer parte externa. \u00c9 por isso que nossa tecnologia de c\u00f3digo aberto \u00e9 projetada para permitir duas fun\u00e7\u00f5es principais: comunica\u00e7\u00f5es privadas e pagamentos seguros, ambas planejadas para depender de uma mistura de \"postagem\" gratuita e paga, a unidade que quantifica a quantidade de pot\u00eancia computacional e largura de banda necess\u00e1ria para transmitir dados de forma privada atrav\u00e9s do xx network.<\/span><\/p>\n<ul class=\"wp-block-list\">\n<li style=\"list-style-type: none;\">\n<ul class=\"wp-block-list\"><!-- wp:list-item --><\/ul>\n<\/li>\n<\/ul>\n<ul class=\"wp-block-list\">\n<li style=\"list-style-type: none;\">\n<ul class=\"wp-block-list\">\n<li><strong>Comunica\u00e7\u00f5es privadas:<\/strong> O uso da camada de comunica\u00e7\u00e3o privada do xx network foi projetado para ser acess\u00edvel a qualquer pessoa com um telefone celular adequado. Atualmente, o sistema foi projetado para ser de uso gratuito para contas de usu\u00e1rio xx at\u00e9 um volume predeterminado por dia.<\/li>\n<\/ul>\n<\/li>\n<\/ul>\n<p><!-- \/wp:list-item --><\/p>\n<p><!-- \/wp:list --><!-- wp:paragraph --><\/p>\n<p>Essa postagem gratuita alocada \u00e9 suficiente para as necessidades di\u00e1rias de mensagens da maioria dos usu\u00e1rios. No entanto, no futuro, as organiza\u00e7\u00f5es e os desenvolvedores independentes que quiserem implantar e operar dApps e contratos inteligentes no xx network precisar\u00e3o pagar por largura de banda adicional usando xx coins. No futuro, lan\u00e7aremos mecanismos adicionais para adquirir e usar a postagem gratuita para beneficiar os usu\u00e1rios regulares do xx, mas a demanda por xx coin continuar\u00e1 a crescer \u00e0 medida que mais empresas e construtores preocupados com a privacidade usarem o xx network para se comunicar em massa.<\/p>\n<ul class=\"wp-block-list\">\n<li style=\"list-style-type: none;\">\n<ul class=\"wp-block-list\"><!-- wp:list-item --><\/ul>\n<\/li>\n<\/ul>\n<ul class=\"wp-block-list\">\n<li style=\"list-style-type: none;\">\n<ul class=\"wp-block-list\">\n<li><strong>Pagamentos seguros: <\/strong>Cada xx coin da rede \u00e9 mantido em uma conta ou carteira que \u00e9 semeada com o tipo mais forte de criptografia qu\u00e2ntica de seguran\u00e7a conhecido. Isto assegura que, ao contr\u00e1rio dos bancos tradicionais ou outras moedas criptogr\u00e1ficas, n\u00e3o apenas suas moedas individuais est\u00e3o protegidas do r\u00e1pido desenvolvimento dos computadores qu\u00e2nticos, mas tamb\u00e9m, e igualmente importante, a infra-estrutura que protege suas moedas do risco sist\u00eamico.<\/li>\n<\/ul>\n<\/li>\n<\/ul>\n<p><!-- \/wp:list-item --><\/p>\n<p><!-- \/wp:list --><!-- wp:paragraph --><\/p>\n<p>Embora o uso das mensagens do xx network seja atualmente gratuito, a comunidade xx pode adotar um sistema de postagem no qual todos os titulares do xx coin teriam acesso limitado \u00e0 rede, dependendo de suas necessidades. Conforme previsto, todas as contas xx acumulariam automaticamente a franquia gratuita gradualmente ao longo do tempo para garantir que o xx network permane\u00e7a universalmente acess\u00edvel. A funcionalidade avan\u00e7ada de mensagens, a ado\u00e7\u00e3o corporativa e a integra\u00e7\u00e3o com outros blockchains ou dApps exigir\u00e3o postagem adicional obtida com a compra de xx coins. A arquitetura de rede exclusiva do xx network \u00e9 estruturada de forma a permitir que cada novo n\u00f3 forne\u00e7a mais poder de processamento de transa\u00e7\u00f5es e capacidade de retransmiss\u00e3o. Isso significa que, \u00e0 medida que o n\u00famero de n\u00f3s xx aumenta, tanto a seguran\u00e7a quanto o desempenho melhoram. Essas caracter\u00edsticas de escala permitem um ciclo virtuoso de\u00a0<span style=\"color: var( --e-global-color-text ); font-weight: var( --e-global-typography-text-font-weight ); font-size: 1rem;\">crescimento, no qual a receita do validador aumenta \u00e0 medida que a utiliza\u00e7\u00e3o da rede aumenta, o que permite que a rede integre e suporte n\u00f3s adicionais e aumente ainda mais a capacidade.<\/span><\/p>\n<p><!-- \/wp:paragraph --><\/p><\/div>\n\t\t\t\t<\/div>\n\t\t\t\t\t\t\t\t<\/div>\n\t\t\t\t<\/div>\n\t\t\t\t<\/div>\n\t\t\t\t\t<\/div>\n\t\t<\/div>\n\t\t\t\t\t<\/div>\n\t\t<\/section>\n\t\t\t\t<\/div>","protected":false},"excerpt":{"rendered":"<p>A moeda xx Incentiviza\u00e7\u00e3o da rede xx Confira o xx coin. O que \u00e9 o xx coin? O xx coin [...]<\/p>\n<p><a class=\"btn btn-secondary understrap-read-more-link\" href=\"https:\/\/xx.network\/pt\/xx-coin\/\">Leia mais...<span class=\"screen-reader-text\"> from xx Coin<\/span><\/a><\/p>","protected":false},"author":164,"featured_media":18773,"parent":0,"menu_order":0,"comment_status":"closed","ping_status":"closed","template":"elementor_header_footer","meta":{"_acf_changed":false,"footnotes":""},"class_list":["post-27809","page","type-page","status-publish","has-post-thumbnail","hentry"],"acf":[],"yoast_head":"<!-- This site is optimized with the Yoast SEO plugin v25.6 - https:\/\/yoast.com\/wordpress\/plugins\/seo\/ -->\n<title>xx Coin - xx network<\/title>\n<meta name=\"robots\" content=\"index, follow, max-snippet:-1, max-image-preview:large, max-video-preview:-1\" \/>\n<link rel=\"canonical\" href=\"https:\/\/xx.network\/pt\/xx-coin\/\" \/>\n<meta property=\"og:locale\" content=\"pt_BR\" \/>\n<meta property=\"og:type\" content=\"article\" \/>\n<meta property=\"og:title\" content=\"xx Coin - xx network\" \/>\n<meta property=\"og:description\" content=\"The xx Coin Incentivization of the xx Network Check out the xx coin. What Is xx coin? The xx coin [...]Leia mais... from xx Coin\" \/>\n<meta property=\"og:url\" content=\"https:\/\/xx.network\/pt\/xx-coin\/\" \/>\n<meta property=\"og:site_name\" content=\"xx network\" \/>\n<meta property=\"article:modified_time\" content=\"2025-03-27T23:38:57+00:00\" \/>\n<meta property=\"og:image\" content=\"https:\/\/xx.network\/wp-content\/uploads\/2022\/01\/What-is-it-like-to-be-an-xx-Node_.jpg\" \/>\n\t<meta property=\"og:image:width\" content=\"1920\" \/>\n\t<meta property=\"og:image:height\" content=\"1080\" \/>\n\t<meta property=\"og:image:type\" content=\"image\/jpeg\" \/>\n<meta name=\"twitter:card\" content=\"summary_large_image\" \/>\n<meta name=\"twitter:label1\" content=\"Est. tempo de leitura\" \/>\n\t<meta name=\"twitter:data1\" content=\"5 minutos\" \/>\n<script type=\"application\/ld+json\" class=\"yoast-schema-graph\">{\"@context\":\"https:\/\/schema.org\",\"@graph\":[{\"@type\":\"WebPage\",\"@id\":\"https:\/\/xx.network\/xx-coin\/\",\"url\":\"https:\/\/xx.network\/xx-coin\/\",\"name\":\"xx Coin - xx network\",\"isPartOf\":{\"@id\":\"https:\/\/pvrjousb.elementor.cloud\/#website\"},\"primaryImageOfPage\":{\"@id\":\"https:\/\/xx.network\/xx-coin\/#primaryimage\"},\"image\":{\"@id\":\"https:\/\/xx.network\/xx-coin\/#primaryimage\"},\"thumbnailUrl\":\"https:\/\/xx.network\/wp-content\/uploads\/2022\/01\/What-is-it-like-to-be-an-xx-Node_.jpg\",\"datePublished\":\"2025-02-08T03:06:14+00:00\",\"dateModified\":\"2025-03-27T23:38:57+00:00\",\"breadcrumb\":{\"@id\":\"https:\/\/xx.network\/xx-coin\/#breadcrumb\"},\"inLanguage\":\"pt-BR\",\"potentialAction\":[{\"@type\":\"ReadAction\",\"target\":[\"https:\/\/xx.network\/xx-coin\/\"]}]},{\"@type\":\"ImageObject\",\"inLanguage\":\"pt-BR\",\"@id\":\"https:\/\/xx.network\/xx-coin\/#primaryimage\",\"url\":\"https:\/\/xx.network\/wp-content\/uploads\/2022\/01\/What-is-it-like-to-be-an-xx-Node_.jpg\",\"contentUrl\":\"https:\/\/xx.network\/wp-content\/uploads\/2022\/01\/What-is-it-like-to-be-an-xx-Node_.jpg\",\"width\":1920,\"height\":1080},{\"@type\":\"BreadcrumbList\",\"@id\":\"https:\/\/xx.network\/xx-coin\/#breadcrumb\",\"itemListElement\":[{\"@type\":\"ListItem\",\"position\":1,\"name\":\"Home\",\"item\":\"https:\/\/xx.network\/\"},{\"@type\":\"ListItem\",\"position\":2,\"name\":\"xx Coin\"}]},{\"@type\":\"WebSite\",\"@id\":\"https:\/\/pvrjousb.elementor.cloud\/#website\",\"url\":\"https:\/\/pvrjousb.elementor.cloud\/\",\"name\":\"xx network\",\"description\":\"\",\"publisher\":{\"@id\":\"https:\/\/pvrjousb.elementor.cloud\/#organization\"},\"potentialAction\":[{\"@type\":\"SearchAction\",\"target\":{\"@type\":\"EntryPoint\",\"urlTemplate\":\"https:\/\/pvrjousb.elementor.cloud\/?s={search_term_string}\"},\"query-input\":{\"@type\":\"PropertyValueSpecification\",\"valueRequired\":true,\"valueName\":\"search_term_string\"}}],\"inLanguage\":\"pt-BR\"},{\"@type\":\"Organization\",\"@id\":\"https:\/\/pvrjousb.elementor.cloud\/#organization\",\"name\":\"xx network\",\"url\":\"https:\/\/pvrjousb.elementor.cloud\/\",\"logo\":{\"@type\":\"ImageObject\",\"inLanguage\":\"pt-BR\",\"@id\":\"https:\/\/pvrjousb.elementor.cloud\/#\/schema\/logo\/image\/\",\"url\":\"https:\/\/xx.network\/wp-content\/uploads\/2021\/10\/xx-network_logotype_color.svg\",\"contentUrl\":\"https:\/\/xx.network\/wp-content\/uploads\/2021\/10\/xx-network_logotype_color.svg\",\"width\":525,\"height\":175,\"caption\":\"xx network\"},\"image\":{\"@id\":\"https:\/\/pvrjousb.elementor.cloud\/#\/schema\/logo\/image\/\"}}]}<\/script>\n<!-- \/ Yoast SEO plugin. -->","yoast_head_json":{"title":"xx Coin - xx network","robots":{"index":"index","follow":"follow","max-snippet":"max-snippet:-1","max-image-preview":"max-image-preview:large","max-video-preview":"max-video-preview:-1"},"canonical":"https:\/\/xx.network\/pt\/xx-coin\/","og_locale":"pt_BR","og_type":"article","og_title":"xx Coin - xx network","og_description":"The xx Coin Incentivization of the xx Network Check out the xx coin. What Is xx coin? The xx coin [...]Leia mais... from xx Coin","og_url":"https:\/\/xx.network\/pt\/xx-coin\/","og_site_name":"xx network","article_modified_time":"2025-03-27T23:38:57+00:00","og_image":[{"width":1920,"height":1080,"url":"https:\/\/xx.network\/wp-content\/uploads\/2022\/01\/What-is-it-like-to-be-an-xx-Node_.jpg","type":"image\/jpeg"}],"twitter_card":"summary_large_image","twitter_misc":{"Est. tempo de leitura":"5 minutos"},"schema":{"@context":"https:\/\/schema.org","@graph":[{"@type":"WebPage","@id":"https:\/\/xx.network\/xx-coin\/","url":"https:\/\/xx.network\/xx-coin\/","name":"xx Coin - xx network","isPartOf":{"@id":"https:\/\/pvrjousb.elementor.cloud\/#website"},"primaryImageOfPage":{"@id":"https:\/\/xx.network\/xx-coin\/#primaryimage"},"image":{"@id":"https:\/\/xx.network\/xx-coin\/#primaryimage"},"thumbnailUrl":"https:\/\/xx.network\/wp-content\/uploads\/2022\/01\/What-is-it-like-to-be-an-xx-Node_.jpg","datePublished":"2025-02-08T03:06:14+00:00","dateModified":"2025-03-27T23:38:57+00:00","breadcrumb":{"@id":"https:\/\/xx.network\/xx-coin\/#breadcrumb"},"inLanguage":"pt-BR","potentialAction":[{"@type":"ReadAction","target":["https:\/\/xx.network\/xx-coin\/"]}]},{"@type":"ImageObject","inLanguage":"pt-BR","@id":"https:\/\/xx.network\/xx-coin\/#primaryimage","url":"https:\/\/xx.network\/wp-content\/uploads\/2022\/01\/What-is-it-like-to-be-an-xx-Node_.jpg","contentUrl":"https:\/\/xx.network\/wp-content\/uploads\/2022\/01\/What-is-it-like-to-be-an-xx-Node_.jpg","width":1920,"height":1080},{"@type":"BreadcrumbList","@id":"https:\/\/xx.network\/xx-coin\/#breadcrumb","itemListElement":[{"@type":"ListItem","position":1,"name":"Home","item":"https:\/\/xx.network\/"},{"@type":"ListItem","position":2,"name":"xx Coin"}]},{"@type":"WebSite","@id":"https:\/\/pvrjousb.elementor.cloud\/#website","url":"https:\/\/pvrjousb.elementor.cloud\/","name":"xx network","description":"","publisher":{"@id":"https:\/\/pvrjousb.elementor.cloud\/#organization"},"potentialAction":[{"@type":"SearchAction","target":{"@type":"EntryPoint","urlTemplate":"https:\/\/pvrjousb.elementor.cloud\/?s={search_term_string}"},"query-input":{"@type":"PropertyValueSpecification","valueRequired":true,"valueName":"search_term_string"}}],"inLanguage":"pt-BR"},{"@type":"Organization","@id":"https:\/\/pvrjousb.elementor.cloud\/#organization","name":"xx network","url":"https:\/\/pvrjousb.elementor.cloud\/","logo":{"@type":"ImageObject","inLanguage":"pt-BR","@id":"https:\/\/pvrjousb.elementor.cloud\/#\/schema\/logo\/image\/","url":"https:\/\/xx.network\/wp-content\/uploads\/2021\/10\/xx-network_logotype_color.svg","contentUrl":"https:\/\/xx.network\/wp-content\/uploads\/2021\/10\/xx-network_logotype_color.svg","width":525,"height":175,"caption":"xx network"},"image":{"@id":"https:\/\/pvrjousb.elementor.cloud\/#\/schema\/logo\/image\/"}}]}},"_links":{"self":[{"href":"https:\/\/xx.network\/pt\/wp-json\/wp\/v2\/pages\/27809","targetHints":{"allow":["GET"]}}],"collection":[{"href":"https:\/\/xx.network\/pt\/wp-json\/wp\/v2\/pages"}],"about":[{"href":"https:\/\/xx.network\/pt\/wp-json\/wp\/v2\/types\/page"}],"author":[{"embeddable":true,"href":"https:\/\/xx.network\/pt\/wp-json\/wp\/v2\/users\/164"}],"replies":[{"embeddable":true,"href":"https:\/\/xx.network\/pt\/wp-json\/wp\/v2\/comments?post=27809"}],"version-history":[{"count":0,"href":"https:\/\/xx.network\/pt\/wp-json\/wp\/v2\/pages\/27809\/revisions"}],"wp:featuredmedia":[{"embeddable":true,"href":"https:\/\/xx.network\/pt\/wp-json\/wp\/v2\/media\/18773"}],"wp:attachment":[{"href":"https:\/\/xx.network\/pt\/wp-json\/wp\/v2\/media?parent=27809"}],"curies":[{"name":"wp","href":"https:\/\/api.w.org\/{rel}","templated":true}]}}