{"id":22129,"date":"2022-03-07T17:58:43","date_gmt":"2022-03-08T00:58:43","guid":{"rendered":"https:\/\/xx.network\/?page_id=22129"},"modified":"2024-10-08T16:58:14","modified_gmt":"2024-10-08T23:58:14","slug":"november-betanet-compensation-applet-instructions","status":"publish","type":"page","link":"https:\/\/xx.network\/tr\/november-betanet-compensation-applet-instructions\/","title":{"rendered":"Kas\u0131m BetaNet Tazminat Uygulamas\u0131 Talimatlar\u0131"},"content":{"rendered":"<p><\/p>\n\n\n\n<p>Bu uygulama, Kas\u0131m 2021'in ilk yar\u0131s\u0131nda d\u00fc\u011f\u00fcm\u00fcn\u00fcz\u00fc \u00e7al\u0131\u015ft\u0131rd\u0131\u011f\u0131n\u0131z i\u00e7in 4.000xx tazminat almak \u00fczere s\u00f6zle\u015fme imzalaman\u0131za olanak tan\u0131yacakt\u0131r. Yaln\u0131zca ProtoNet ile MainNet aras\u0131nda &gt; 60% \u00e7al\u0131\u015fma s\u00fcresine sahip d\u00fc\u011f\u00fcmler uygundur. E\u011fer uygunsan\u0131z bir e-posta alacaks\u0131n\u0131z. <\/p>\n\n\n\n<h2 class=\"wp-block-heading\">MainNet D\u00fc\u011f\u00fcmler<\/h2>\n\n\n\n<p>Ba\u015f\u0131na <a href=\"https:\/\/xx.network\/tr\/archive\/economic-fixes-for-the-xx-network-stage-2\/\">Kas\u0131m Ay\u0131 \u00d6demeleri<\/a> duyuru, bir kay\u0131t yapt\u0131rman\u0131z gerekir <strong>yeni\u0307 c\u00fczdan<\/strong> Kas\u0131m ay\u0131 \u00f6demelerinizi almak i\u00e7in<\/p>\n\n\n\n<p>\u00d6n\u00fcm\u00fczdeki hafta, operat\u00f6rlerin d\u00fc\u011f\u00fcmlerini yeni c\u00fczdana ta\u015f\u0131ma s\u00fcreci tamamlanacak. D\u00fc\u011f\u00fcm\u00fcn\u00fcz\u00fc bu yeni c\u00fczdana ta\u015f\u0131yacaks\u0131n\u0131z, bu da mevcut c\u00fczdan\u0131n\u0131z\u0131 Tak\u0131m \u00c7arpan\u0131n\u0131 korurken herhangi bir d\u00fc\u011f\u00fcm\u00fc aday g\u00f6stermek i\u00e7in serbest b\u0131rakacak - b\u00f6ylece madeni paralar\u0131n\u0131z\u0131n xx network'de aday g\u00f6stermenin en iyi avantaj\u0131n\u0131 elde etmesini sa\u011flayacakt\u0131r.<\/p>\n\n\n\n<p><strong>Ad\u0131m 1 - Yeni bir c\u00fczdan olu\u015fturun<\/strong><\/p>\n\n\n\n<p>L\u00fctfen \u015fu adresi kullan\u0131n <a href=\"https:\/\/xx.network\/tr\/archive\/mainnet-wallet-gen\/\">Kuantum Haz\u0131r C\u00fczdan Olu\u015fturucu<\/a> yeni bir c\u00fczdan olu\u015fturmak i\u00e7in. G\u00fcvende tuttu\u011funuzdan emin olun, node'unuzun do\u011frulama yapaca\u011f\u0131 c\u00fczdan bu olacakt\u0131r.<\/p>\n\n\n\n<p><strong>Ad\u0131m 2 - Yeni c\u00fczdan i\u00e7in s\u00f6zle\u015fme imzalay\u0131n<\/strong><\/p>\n\n\n\n<p>Kas\u0131m \u00d6deme Uygulamas\u0131n\u0131 kullanarak (a\u015fa\u011f\u0131dan indirin) s\u00f6zle\u015fmeyi imzalamak ve yeni c\u00fczdan\u0131n\u0131za ba\u011flanmak i\u00e7in BetaNet Anahtarlar\u0131n\u0131z\u0131 kullan\u0131n.\u00a0<\/p>\n\n\n\n<p>Bu c\u00fczdan\u0131 \u00f6n\u00fcm\u00fczdeki hafta yeni MainNet Ge\u00e7i\u015f Program\u0131 Taahh\u00fct uygulamas\u0131yla birlikte kullanman\u0131z gerekecek.<\/p>\n\n\n\n<p>\u0130\u015fte bu kadar. Ekip \u00f6n\u00fcm\u00fczdeki hafta i\u00e7inde madeni paralar\u0131n\u0131z\u0131 alacak ve s\u00fcrecin bir sonraki a\u015famas\u0131na yak\u0131nda ba\u015flayacakt\u0131r.<\/p>\n\n\n\n<h2 class=\"wp-block-heading\">CanaryNet D\u00fc\u011f\u00fcmleri<\/h2>\n\n\n\n<p>MainNet Ge\u00e7i\u015f Program\u0131nda olmayan d\u00fc\u011f\u00fcmler i\u00e7in Kas\u0131m BetaNet tazminat\u0131n\u0131 alma talimatlar\u0131.<\/p>\n\n\n\n<p>Ba\u015f\u0131na <a href=\"https:\/\/xx.network\/tr\/archive\/economic-fixes-for-the-xx-network-stage-2\/\">Kas\u0131m Ay\u0131 \u00d6demeleri<\/a> duyuru, Kas\u0131m ay\u0131 \u00f6demenizi almak i\u00e7in bir c\u00fczdan kaydettirmeniz gerekiyor.&nbsp;<\/p>\n\n\n\n<p>Yeni bir c\u00fczdan ya da mevcut bir c\u00fczdan olabilir. Yeni bir c\u00fczdan kullanmak istiyorsan\u0131z, l\u00fctfen <a href=\"https:\/\/xx.network\/tr\/archive\/mainnet-wallet-gen\/\">Kuantum Haz\u0131r C\u00fczdan Olu\u015fturucu<\/a> yeni bir c\u00fczdan yapmak i\u00e7in.&nbsp;<\/p>\n\n\n\n<p>Se\u00e7ti\u011finiz c\u00fczdan ile Kas\u0131m \u00d6deme Uygulamas\u0131n\u0131 indirin (a\u015fa\u011f\u0131dan indirin) ve s\u00f6zle\u015fmeyi imzalamak ve c\u00fczdan\u0131n\u0131za taahh\u00fctte bulunmak i\u00e7in BetaNet Anahtarlar\u0131n\u0131z\u0131 kullan\u0131n.\u00a0<\/p>\n\n\n\n<p>\u0130\u015fte bu kadar. Ekip \u00f6n\u00fcm\u00fczdeki hafta i\u00e7inde paralar\u0131n\u0131z\u0131 alacak.<\/p>\n\n\n\n<p>\u0130\u015fletim sisteminiz i\u00e7in do\u011fru dosyay\u0131 indirin. \u0130ndirdi\u011finiz dosyan\u0131n b\u00fct\u00fcnl\u00fc\u011f\u00fcn\u00fc do\u011frulamak i\u00e7in sa\u011flanan SHA256 sa\u011flama toplamlar\u0131n\u0131 kullanabilirsiniz.<\/p>\n\n\n\n<h2 class=\"wp-block-heading\" id=\"h-download\">\u0130ndirin:<\/h2>\n\n\n\n<ul class=\"wp-block-list\" style=\"font-style:normal;font-weight:400\"><li> <strong><a href=\"https:\/\/docs.xx.network\/november-compensation-form\/november-compensation-mac-x64.zip\" target=\"_blank\" rel=\"noreferrer noopener\">macOS<\/a> <\/strong>(Intel ve M1) <br> <small>Checksum: <code>9b6ab0a974999aefe03c5f1c8551464ac5f8f71cbdcd7fd09f19de3436a023a5<\/code><\/small> <\/li><li> <strong><a href=\"https:\/\/docs.xx.network\/november-compensation-form\/november-compensation-windows-x64.exe\" target=\"_blank\" rel=\"noreferrer noopener\">Pencereler<\/a><\/strong> <br> <small>Checksum: <code>bc4278c2e8e382ef6c1bef85700766ad6e42551945c18fd9a88f1e4c52386a21<\/code><\/small><\/li><li> <strong><a href=\"https:\/\/docs.xx.network\/november-compensation-form\/november-compensation-linux-x64.zip\" target=\"_blank\" rel=\"noreferrer noopener\">Linux<\/a><\/strong> <br> <small>Checksum: <code>09808e3a8cc9bdeca7ce9e1c2ef561b17c04bf74af0cc6a73605f210158cece9<\/code><\/small> <\/li><li> <strong>Kaynak:<\/strong> <a href=\"https:\/\/git.xx.network\/elixxir\/mainnet-commitments\/-\/tree\/november-commitments\" target=\"_blank\" rel=\"noreferrer noopener\">kasim-taahh\u00fctleri\u0307<\/a> \u015fubesindeki <a href=\"https:\/\/git.xx.network\/elixxir\/mainnet-commitments\" target=\"_blank\" rel=\"noreferrer noopener\">elixxir\/mainnet-commitments<\/a> depo <\/li><li> <strong>GUI Kayna\u011f\u0131:<\/strong> <a href=\"https:\/\/git.xx.network\/elixxir\/mainnet-commitments-ui\/-\/tree\/novemberCompensationForm\" target=\"_blank\" rel=\"noreferrer noopener\">kas\u0131mTazminatFormu<\/a> \u015fubesindeki <a href=\"https:\/\/git.xx.network\/elixxir\/mainnet-commitments-ui\" target=\"_blank\" rel=\"noreferrer noopener\">elixxir\/mainnet-commitments-ui<\/a> depo <\/li><\/ul>\n\n\n\n<h2 class=\"wp-block-heading\" id=\"h-instructions\">Talimatlar<\/h2>\n\n\n\n<h3 class=\"wp-block-heading\" id=\"h-set-up\">Kurulum<\/h3>\n\n\n\n<h4 class=\"wp-block-heading\" id=\"h-macos\">macOS<\/h4>\n\n\n\n<ol class=\"wp-block-list\"><li>Yukar\u0131daki macOS i\u00e7in zip dosyas\u0131n\u0131 indirin. Ayn\u0131 dosya hem M1 hem de Intel Mac'lerde \u00e7al\u0131\u015facakt\u0131r.<\/li><li>Zip dosyas\u0131na \u00e7ift t\u0131klay\u0131n. Uygulama ayn\u0131 konuma \u00e7\u0131kar\u0131lacakt\u0131r.<\/li><li>Uygulamaya sa\u011f t\u0131klay\u0131n ve \"A\u00e7 \"\u0131 se\u00e7in.<\/li><li>Uygulaman\u0131n do\u011frulanamad\u0131\u011f\u0131n\u0131 belirten bir uyar\u0131 g\u00f6r\u00fcnecektir. Devam etmek i\u00e7in \"A\u00e7\" d\u00fc\u011fmesine t\u0131klay\u0131n.<\/li><\/ol>\n\n\n\n<h4 class=\"wp-block-heading\" id=\"h-windows\">Pencereler<\/h4>\n\n\n\n<ol class=\"wp-block-list\"><li>Windows i\u00e7in ikili dosyay\u0131 yukar\u0131dan indirin.<\/li><li>Uygulamay\u0131 y\u00fcklemek i\u00e7in indirilen \u00e7al\u0131\u015ft\u0131r\u0131labilir dosyaya \u00e7ift t\u0131klay\u0131n (y\u00fckleyicinin uygulamay\u0131 ve varl\u0131klar\u0131n\u0131 ge\u00e7ici dosya dizininize \u00e7\u0131kard\u0131\u011f\u0131n\u0131 unutmay\u0131n).<\/li><li><span style=\"background-color: var(--bs-body-bg);color: var(--bs-body-color);font-family: var(--bs-body-font-family);font-size: var(--bs-body-font-size);font-weight: var(--bs-body-font-weight);text-align: var(--bs-body-text-align)\">Y\u00fckleyici a\u00e7\u0131ld\u0131\u011f\u0131nda, uygulamay\u0131 ge\u00e7ici dosyalar\u0131n\u0131za y\u00fcklemek i\u00e7in \"Y\u00fckle\" d\u00fc\u011fmesine t\u0131klay\u0131n (veya alternatif bir konum se\u00e7in).<\/span><\/li><li>Y\u00fckleyici tamamland\u0131\u011f\u0131nda, \"Kapat\" d\u00fc\u011fmesine t\u0131klay\u0131n ve uygulama otomatik olarak ba\u015flayacakt\u0131r.<\/li><\/ol>\n\n\n\n<p class=\"has-small-font-size\">Uygulamay\u0131 kapat\u0131rsan\u0131z ve yeniden ba\u015flatman\u0131z gerekirse, indirilen y\u00fckleyici arac\u0131l\u0131\u011f\u0131yla yeniden y\u00fckleyebilir veya \u015fu adrese gidebilirsiniz <code>%LocalAppData%\\Temp\\novemberCompensationForm<\/code> ve f\u0131rlat <code>nw.exe<\/code>.<\/p>\n\n\n\n<h4 class=\"wp-block-heading\" id=\"h-linux\">Linux<\/h4>\n\n\n\n<ol class=\"wp-block-list\"><li>Linux i\u00e7in zip dosyas\u0131n\u0131 indirin.<\/li><li>Zip dosyas\u0131n\u0131n i\u00e7eri\u011fini ay\u0131klay\u0131n. <pre class=\"wp-block-code\"><code><strong>$<\/strong> unzip november-compensation-linux-x64.zip<\/code><\/pre><\/li><li>\u00c7\u0131kar\u0131lan dizini girin. <pre class=\"wp-block-code\"><code><strong>$<\/strong> cd nwjs-*<\/code><\/pre><\/li><li>\u00c7al\u0131\u015ft\u0131r <code>nw<\/code> \u00e7al\u0131\u015ft\u0131r\u0131labilir. <pre class=\"wp-block-code\"><code><strong>$<\/strong> .\/nw<\/code><\/pre><\/li><\/ol>\n\n\n\n<h3 class=\"wp-block-heading\" id=\"h-using-the-form\">Formu Kullanma<\/h3>\n\n\n\n<p>Bu formu doldurmak i\u00e7in BetaNet d\u00fc\u011f\u00fcm\u00fcn\u00fcz\u00fcn kimlik bilgilerine (anahtar, genel sertifika ve IDF) ihtiyac\u0131n\u0131z var. \u00d6nceki talimatlara g\u00f6re, ekip d\u00fc\u011f\u00fcm operat\u00f6rlerinin bunlar\u0131 g\u00fcvenli bir yerde bulundurmas\u0131n\u0131 beklemektedir. Bunlar\u0131 bulmak i\u00e7in \u015fu adrese bak\u0131n <a href=\"https:\/\/xxnetwork.wiki\/Finding_Betanet_Node_Credentials\">Betanet D\u00fc\u011f\u00fcm Kimlik Bilgilerini Bulma<\/a> wiki'de. E\u011fer bunlara hen\u00fcz sahip de\u011filseniz, uygulamay\u0131 \u00e7al\u0131\u015ft\u0131rd\u0131\u011f\u0131n\u0131z makineye indirin.<\/p>\n\n\n\n<ol class=\"wp-block-list\"><li>\u0130lk olarak, Node'unuzun genel sertifikas\u0131n\u0131 se\u00e7in. Bu bir <code>.crt<\/code> veya <code>.cert<\/code> Dosya.<\/li><li>Node'unuzun \u00f6zel anahtar\u0131n\u0131 se\u00e7in. Bu bir <code>.key<\/code> Dosya.<\/li><li>D\u00fc\u011f\u00fcm\u00fcn\u00fcz\u00fcn kimlik dosyas\u0131n\u0131 (IDF) se\u00e7in. Bu bir <code>.json<\/code> Dosya.<\/li><li>\u00d6deme almak i\u00e7in c\u00fczdan\u0131 girin. E\u011fer bir MainNet d\u00fc\u011f\u00fcm\u00fcyseniz, bu yeni bir c\u00fczdan olacakt\u0131r. CanaryNet d\u00fc\u011f\u00fcm\u00fcyseniz, bu mevcut veya yeni bir c\u00fczdan olacakt\u0131r.<\/li><li>S\u00f6zle\u015fmeyi inceleyin ve ko\u015fullar\u0131 kabul etmek i\u00e7in onay i\u015faretine bas\u0131n. S\u00f6zle\u015fmenin tamam\u0131n\u0131 ayr\u0131 bir sayfada g\u00f6r\u00fcnt\u00fcleyebilece\u011finizi veya kay\u0131tlar\u0131n\u0131z i\u00e7in yazd\u0131rabilece\u011finizi unutmay\u0131n.<\/li><li>\"G\u00f6nder\" d\u00fc\u011fmesine bas\u0131n ve onay mesaj\u0131n\u0131 bekleyin. Bu i\u015flem birka\u00e7 dakika s\u00fcrebilir.<\/li><\/ol>\n\n\n\n<p>BetaNet Anahtarlar\u0131n\u0131z yoksa, ekip size yard\u0131mc\u0131 olamaz.<\/p>","protected":false},"excerpt":{"rendered":"<p>This applet will allow you to sign the contract to receive 4,000xx in compensation for running your node in the [&#8230;]<\/p>\n<p><a class=\"btn btn-secondary understrap-read-more-link\" href=\"https:\/\/xx.network\/tr\/november-betanet-compensation-applet-instructions\/\">Daha fazlas\u0131n\u0131 oku...<span class=\"screen-reader-text\"> from November BetaNet Compensation Applet Instructions<\/span><\/a><\/p>","protected":false},"author":147,"featured_media":18773,"parent":0,"menu_order":0,"comment_status":"closed","ping_status":"closed","template":"","meta":{"_acf_changed":false,"footnotes":""},"class_list":["post-22129","page","type-page","status-publish","has-post-thumbnail","hentry"],"acf":[],"yoast_head":"<!-- This site is optimized with the Yoast SEO plugin v25.6 - https:\/\/yoast.com\/wordpress\/plugins\/seo\/ -->\n<title>November BetaNet Compensation Applet Instructions - xx network<\/title>\n<meta name=\"robots\" content=\"index, follow, max-snippet:-1, max-image-preview:large, max-video-preview:-1\" \/>\n<link rel=\"canonical\" href=\"https:\/\/pvrjousb.elementor.cloud\/uk\/november-betanet-compensation-applet-instructions\/\" \/>\n<meta property=\"og:locale\" content=\"tr_TR\" \/>\n<meta property=\"og:type\" content=\"article\" \/>\n<meta property=\"og:title\" content=\"November BetaNet Compensation Applet Instructions - xx network\" \/>\n<meta property=\"og:description\" content=\"This applet will allow you to sign the contract to receive 4,000xx in compensation for running your node in the [...]Daha fazlas\u0131n\u0131 oku\u2026 from November BetaNet Compensation Applet Instructions\" \/>\n<meta property=\"og:url\" content=\"https:\/\/pvrjousb.elementor.cloud\/uk\/november-betanet-compensation-applet-instructions\/\" \/>\n<meta property=\"og:site_name\" content=\"xx network\" \/>\n<meta property=\"article:modified_time\" content=\"2024-10-08T23:58:14+00:00\" \/>\n<meta property=\"og:image\" content=\"https:\/\/pvrjousb.elementor.cloud\/wp-content\/uploads\/2022\/01\/What-is-it-like-to-be-an-xx-Node_.jpg\" \/>\n\t<meta property=\"og:image:width\" content=\"1920\" \/>\n\t<meta property=\"og:image:height\" content=\"1080\" \/>\n\t<meta property=\"og:image:type\" content=\"image\/jpeg\" \/>\n<meta name=\"twitter:card\" content=\"summary_large_image\" \/>\n<meta name=\"twitter:label1\" content=\"Tahmini okuma s\u00fcresi\" \/>\n\t<meta name=\"twitter:data1\" content=\"4 dakika\" \/>\n<script type=\"application\/ld+json\" class=\"yoast-schema-graph\">{\"@context\":\"https:\/\/schema.org\",\"@graph\":[{\"@type\":\"WebPage\",\"@id\":\"https:\/\/pvrjousb.elementor.cloud\/uk\/november-betanet-compensation-applet-instructions\/\",\"url\":\"https:\/\/pvrjousb.elementor.cloud\/uk\/november-betanet-compensation-applet-instructions\/\",\"name\":\"November BetaNet Compensation Applet Instructions - xx network\",\"isPartOf\":{\"@id\":\"https:\/\/pvrjousb.elementor.cloud\/#website\"},\"primaryImageOfPage\":{\"@id\":\"https:\/\/pvrjousb.elementor.cloud\/uk\/november-betanet-compensation-applet-instructions\/#primaryimage\"},\"image\":{\"@id\":\"https:\/\/pvrjousb.elementor.cloud\/uk\/november-betanet-compensation-applet-instructions\/#primaryimage\"},\"thumbnailUrl\":\"https:\/\/xx.network\/wp-content\/uploads\/2022\/01\/What-is-it-like-to-be-an-xx-Node_.jpg\",\"datePublished\":\"2022-03-08T00:58:43+00:00\",\"dateModified\":\"2024-10-08T23:58:14+00:00\",\"breadcrumb\":{\"@id\":\"https:\/\/pvrjousb.elementor.cloud\/uk\/november-betanet-compensation-applet-instructions\/#breadcrumb\"},\"inLanguage\":\"tr\",\"potentialAction\":[{\"@type\":\"ReadAction\",\"target\":[\"https:\/\/pvrjousb.elementor.cloud\/uk\/november-betanet-compensation-applet-instructions\/\"]}]},{\"@type\":\"ImageObject\",\"inLanguage\":\"tr\",\"@id\":\"https:\/\/pvrjousb.elementor.cloud\/uk\/november-betanet-compensation-applet-instructions\/#primaryimage\",\"url\":\"https:\/\/xx.network\/wp-content\/uploads\/2022\/01\/What-is-it-like-to-be-an-xx-Node_.jpg\",\"contentUrl\":\"https:\/\/xx.network\/wp-content\/uploads\/2022\/01\/What-is-it-like-to-be-an-xx-Node_.jpg\",\"width\":1920,\"height\":1080},{\"@type\":\"BreadcrumbList\",\"@id\":\"https:\/\/pvrjousb.elementor.cloud\/uk\/november-betanet-compensation-applet-instructions\/#breadcrumb\",\"itemListElement\":[{\"@type\":\"ListItem\",\"position\":1,\"name\":\"Home\",\"item\":\"https:\/\/xx.network\/\"},{\"@type\":\"ListItem\",\"position\":2,\"name\":\"November BetaNet Compensation Applet Instructions\"}]},{\"@type\":\"WebSite\",\"@id\":\"https:\/\/pvrjousb.elementor.cloud\/#website\",\"url\":\"https:\/\/pvrjousb.elementor.cloud\/\",\"name\":\"xx network\",\"description\":\"\",\"publisher\":{\"@id\":\"https:\/\/pvrjousb.elementor.cloud\/#organization\"},\"potentialAction\":[{\"@type\":\"SearchAction\",\"target\":{\"@type\":\"EntryPoint\",\"urlTemplate\":\"https:\/\/pvrjousb.elementor.cloud\/?s={search_term_string}\"},\"query-input\":{\"@type\":\"PropertyValueSpecification\",\"valueRequired\":true,\"valueName\":\"search_term_string\"}}],\"inLanguage\":\"tr\"},{\"@type\":\"Organization\",\"@id\":\"https:\/\/pvrjousb.elementor.cloud\/#organization\",\"name\":\"xx network\",\"url\":\"https:\/\/pvrjousb.elementor.cloud\/\",\"logo\":{\"@type\":\"ImageObject\",\"inLanguage\":\"tr\",\"@id\":\"https:\/\/pvrjousb.elementor.cloud\/#\/schema\/logo\/image\/\",\"url\":\"https:\/\/xx.network\/wp-content\/uploads\/2021\/10\/xx-network_logotype_color.svg\",\"contentUrl\":\"https:\/\/xx.network\/wp-content\/uploads\/2021\/10\/xx-network_logotype_color.svg\",\"width\":525,\"height\":175,\"caption\":\"xx network\"},\"image\":{\"@id\":\"https:\/\/pvrjousb.elementor.cloud\/#\/schema\/logo\/image\/\"}}]}<\/script>\n<!-- \/ Yoast SEO plugin. -->","yoast_head_json":{"title":"Kas\u0131m BetaNet Tazminat Uygulama Talimatlar\u0131 - xx network","robots":{"index":"index","follow":"follow","max-snippet":"max-snippet:-1","max-image-preview":"max-image-preview:large","max-video-preview":"max-video-preview:-1"},"canonical":"https:\/\/pvrjousb.elementor.cloud\/uk\/november-betanet-compensation-applet-instructions\/","og_locale":"tr_TR","og_type":"article","og_title":"November BetaNet Compensation Applet Instructions - xx network","og_description":"This applet will allow you to sign the contract to receive 4,000xx in compensation for running your node in the [...]Daha fazlas\u0131n\u0131 oku\u2026 from November BetaNet Compensation Applet Instructions","og_url":"https:\/\/pvrjousb.elementor.cloud\/uk\/november-betanet-compensation-applet-instructions\/","og_site_name":"xx network","article_modified_time":"2024-10-08T23:58:14+00:00","og_image":[{"width":1920,"height":1080,"url":"https:\/\/pvrjousb.elementor.cloud\/wp-content\/uploads\/2022\/01\/What-is-it-like-to-be-an-xx-Node_.jpg","type":"image\/jpeg"}],"twitter_card":"summary_large_image","twitter_misc":{"Tahmini okuma s\u00fcresi":"4 dakika"},"schema":{"@context":"https:\/\/schema.org","@graph":[{"@type":"WebPage","@id":"https:\/\/pvrjousb.elementor.cloud\/uk\/november-betanet-compensation-applet-instructions\/","url":"https:\/\/pvrjousb.elementor.cloud\/uk\/november-betanet-compensation-applet-instructions\/","name":"Kas\u0131m BetaNet Tazminat Uygulama Talimatlar\u0131 - xx network","isPartOf":{"@id":"https:\/\/pvrjousb.elementor.cloud\/#website"},"primaryImageOfPage":{"@id":"https:\/\/pvrjousb.elementor.cloud\/uk\/november-betanet-compensation-applet-instructions\/#primaryimage"},"image":{"@id":"https:\/\/pvrjousb.elementor.cloud\/uk\/november-betanet-compensation-applet-instructions\/#primaryimage"},"thumbnailUrl":"https:\/\/xx.network\/wp-content\/uploads\/2022\/01\/What-is-it-like-to-be-an-xx-Node_.jpg","datePublished":"2022-03-08T00:58:43+00:00","dateModified":"2024-10-08T23:58:14+00:00","breadcrumb":{"@id":"https:\/\/pvrjousb.elementor.cloud\/uk\/november-betanet-compensation-applet-instructions\/#breadcrumb"},"inLanguage":"tr","potentialAction":[{"@type":"ReadAction","target":["https:\/\/pvrjousb.elementor.cloud\/uk\/november-betanet-compensation-applet-instructions\/"]}]},{"@type":"ImageObject","inLanguage":"tr","@id":"https:\/\/pvrjousb.elementor.cloud\/uk\/november-betanet-compensation-applet-instructions\/#primaryimage","url":"https:\/\/xx.network\/wp-content\/uploads\/2022\/01\/What-is-it-like-to-be-an-xx-Node_.jpg","contentUrl":"https:\/\/xx.network\/wp-content\/uploads\/2022\/01\/What-is-it-like-to-be-an-xx-Node_.jpg","width":1920,"height":1080},{"@type":"BreadcrumbList","@id":"https:\/\/pvrjousb.elementor.cloud\/uk\/november-betanet-compensation-applet-instructions\/#breadcrumb","itemListElement":[{"@type":"ListItem","position":1,"name":"Home","item":"https:\/\/xx.network\/"},{"@type":"ListItem","position":2,"name":"November BetaNet Compensation Applet Instructions"}]},{"@type":"WebSite","@id":"https:\/\/pvrjousb.elementor.cloud\/#website","url":"https:\/\/pvrjousb.elementor.cloud\/","name":"xx network","description":"","publisher":{"@id":"https:\/\/pvrjousb.elementor.cloud\/#organization"},"potentialAction":[{"@type":"SearchAction","target":{"@type":"EntryPoint","urlTemplate":"https:\/\/pvrjousb.elementor.cloud\/?s={search_term_string}"},"query-input":{"@type":"PropertyValueSpecification","valueRequired":true,"valueName":"search_term_string"}}],"inLanguage":"tr"},{"@type":"Organization","@id":"https:\/\/pvrjousb.elementor.cloud\/#organization","name":"xx network","url":"https:\/\/pvrjousb.elementor.cloud\/","logo":{"@type":"ImageObject","inLanguage":"tr","@id":"https:\/\/pvrjousb.elementor.cloud\/#\/schema\/logo\/image\/","url":"https:\/\/xx.network\/wp-content\/uploads\/2021\/10\/xx-network_logotype_color.svg","contentUrl":"https:\/\/xx.network\/wp-content\/uploads\/2021\/10\/xx-network_logotype_color.svg","width":525,"height":175,"caption":"xx network"},"image":{"@id":"https:\/\/pvrjousb.elementor.cloud\/#\/schema\/logo\/image\/"}}]}},"_links":{"self":[{"href":"https:\/\/xx.network\/tr\/wp-json\/wp\/v2\/pages\/22129","targetHints":{"allow":["GET"]}}],"collection":[{"href":"https:\/\/xx.network\/tr\/wp-json\/wp\/v2\/pages"}],"about":[{"href":"https:\/\/xx.network\/tr\/wp-json\/wp\/v2\/types\/page"}],"author":[{"embeddable":true,"href":"https:\/\/xx.network\/tr\/wp-json\/wp\/v2\/users\/147"}],"replies":[{"embeddable":true,"href":"https:\/\/xx.network\/tr\/wp-json\/wp\/v2\/comments?post=22129"}],"version-history":[{"count":0,"href":"https:\/\/xx.network\/tr\/wp-json\/wp\/v2\/pages\/22129\/revisions"}],"wp:featuredmedia":[{"embeddable":true,"href":"https:\/\/xx.network\/tr\/wp-json\/wp\/v2\/media\/18773"}],"wp:attachment":[{"href":"https:\/\/xx.network\/tr\/wp-json\/wp\/v2\/media?parent=22129"}],"curies":[{"name":"wp","href":"https:\/\/api.w.org\/{rel}","templated":true}]}}