{"id":27280,"date":"2024-10-22T15:12:28","date_gmt":"2024-10-22T22:12:28","guid":{"rendered":"https:\/\/xx.network\/?page_id=27280"},"modified":"2024-10-29T19:13:12","modified_gmt":"2024-10-30T02:13:12","slug":"cmixx-how-it-works","status":"publish","type":"page","link":"https:\/\/xx.network\/tr\/cmixx-how-it-works\/","title":{"rendered":"cMixx - Nas\u0131l \u00c7al\u0131\u015f\u0131r?"},"content":{"rendered":"<div data-elementor-type=\"wp-page\" data-elementor-id=\"27280\" class=\"elementor elementor-27280\" data-elementor-post-type=\"page\">\n\t\t\t\t\t\t<section class=\"elementor-section elementor-top-section elementor-element elementor-element-cdb1b21 elementor-section-content-middle faq-banner elementor-section-boxed elementor-section-height-default elementor-section-height-default\" data-id=\"cdb1b21\" data-element_type=\"section\" data-settings=\"{&quot;background_background&quot;:&quot;classic&quot;}\">\n\t\t\t\t\t\t\t<div class=\"elementor-background-overlay\"><\/div>\n\t\t\t\t\t\t\t<div class=\"elementor-container elementor-column-gap-no\">\n\t\t\t\t\t<div class=\"elementor-column elementor-col-100 elementor-top-column elementor-element elementor-element-4b615e0\" data-id=\"4b615e0\" data-element_type=\"column\">\n\t\t\t<div class=\"elementor-widget-wrap\">\n\t\t\t\t\t\t\t<\/div>\n\t\t<\/div>\n\t\t\t\t\t<\/div>\n\t\t<\/section>\n\t\t\t\t<section class=\"elementor-section elementor-top-section elementor-element elementor-element-bd3bd04 elementor-section-stretched elementor-section-boxed elementor-section-height-default elementor-section-height-default\" data-id=\"bd3bd04\" data-element_type=\"section\" data-settings=\"{&quot;stretch_section&quot;:&quot;section-stretched&quot;}\">\n\t\t\t\t\t\t<div class=\"elementor-container elementor-column-gap-default\">\n\t\t\t\t\t<div class=\"elementor-column elementor-col-100 elementor-top-column elementor-element elementor-element-2d70a78\" data-id=\"2d70a78\" data-element_type=\"column\">\n\t\t\t<div class=\"elementor-widget-wrap elementor-element-populated\">\n\t\t\t\t\t\t<div class=\"elementor-element elementor-element-8d90df3 elementor-widget elementor-widget-accordion\" data-id=\"8d90df3\" data-element_type=\"widget\" data-widget_type=\"accordion.default\">\n\t\t\t\t<div class=\"elementor-widget-container\">\n\t\t\t\t\t<div class=\"elementor-accordion\">\n\t\t\t\t\t\t\t<div class=\"elementor-accordion-item\">\n\t\t\t\t\t<div id=\"elementor-tab-title-1481\" class=\"elementor-tab-title\" data-tab=\"1\" role=\"button\" aria-controls=\"elementor-tab-content-1481\" aria-expanded=\"false\">\n\t\t\t\t\t\t\t\t\t\t\t\t\t<span class=\"elementor-accordion-icon elementor-accordion-icon-left\" aria-hidden=\"true\">\n\t\t\t\t\t\t\t\t\t\t\t\t\t\t\t<span class=\"elementor-accordion-icon-closed\"><svg class=\"e-font-icon-svg e-fas-plus\" viewbox=\"0 0 448 512\" xmlns=\"http:\/\/www.w3.org\/2000\/svg\"><path d=\"M416 208H272V64c0-17.67-14.33-32-32-32h-32c-17.67 0-32 14.33-32 32v144H32c-17.67 0-32 14.33-32 32v32c0 17.67 14.33 32 32 32h144v144c0 17.67 14.33 32 32 32h32c17.67 0 32-14.33 32-32V304h144c17.67 0 32-14.33 32-32v-32c0-17.67-14.33-32-32-32z\"><\/path><\/svg><\/span>\n\t\t\t\t\t\t\t\t<span class=\"elementor-accordion-icon-opened\"><svg class=\"e-font-icon-svg e-fas-minus\" viewbox=\"0 0 448 512\" xmlns=\"http:\/\/www.w3.org\/2000\/svg\"><path d=\"M416 208H32c-17.67 0-32 14.33-32 32v32c0 17.67 14.33 32 32 32h384c17.67 0 32-14.33 32-32v-32c0-17.67-14.33-32-32-32z\"><\/path><\/svg><\/span>\n\t\t\t\t\t\t\t\t\t\t\t\t\t\t<\/span>\n\t\t\t\t\t\t\t\t\t\t\t\t<a class=\"elementor-accordion-title\" tabindex=\"0\">cMixx Nas\u0131l \u00c7al\u0131\u015f\u0131r?<\/a>\n\t\t\t\t\t<\/div>\n\t\t\t\t\t<div id=\"elementor-tab-content-1481\" class=\"elementor-tab-content elementor-clearfix\" data-tab=\"1\" role=\"region\" aria-labelledby=\"elementor-tab-title-1481\"><p><span style=\"font-weight: 400;\">cMixx, xx network'nin insanlar, zincirler ve i\u015fletmeler aras\u0131ndaki \u00e7evrimi\u00e7i etkile\u015fimlerde meta verilerin a\u00e7\u0131\u011fa \u00e7\u0131kmas\u0131n\u0131 ortadan kald\u0131rmak i\u00e7in tasarlanm\u0131\u015f geli\u015fmi\u015f gizlilik protokol\u00fcd\u00fcr.<\/span><\/p>\n<p><span style=\"font-weight: 400;\">\u00d6n hesaplamada, xx d\u00fc\u011f\u00fcmden olu\u015fan yeni bir ekip rastgele se\u00e7ildikten sonra, d\u00fc\u011f\u00fcmler, ekibin kar\u0131\u015ft\u0131rma s\u0131ras\u0131nda bilgileri nas\u0131l i\u015flemesi gerekti\u011fini belirleyen bir \u015fablon \u00fcretmek i\u00e7in bir dizi kuantuma dayan\u0131kl\u0131 kriptografik hesaplama yapar. \u015eablon, mesaj grubu gelmeden \u00f6nce tamamen tan\u0131mlan\u0131r, b\u00f6ylece gizlilik sa\u011flan\u0131rken bilginin ger\u00e7ek zamanl\u0131 a\u015famada i\u015flenme h\u0131z\u0131 da \u00f6nemli \u00f6l\u00e7\u00fcde artar.<\/span><\/p>\n<p><span style=\"font-weight: 400;\">Ger\u00e7ek zamanl\u0131 olarak, g\u00f6ndericiler a\u011f ge\u00e7itlerini sorgular ve ard\u0131ndan verilerini g\u00f6nderir. A\u011f ge\u00e7itleri daha sonra verileri anonimlik k\u00fcmelerinde toplar. A\u011f, veri setlerini rastgele se\u00e7ilen bir d\u00fc\u011f\u00fcm ekibi arac\u0131l\u0131\u011f\u0131yla y\u00f6nlendirir. \u0130lk ekip d\u00fc\u011f\u00fcm\u00fc, her bir veri par\u00e7as\u0131n\u0131 etkili bir \u015fekilde \u015fifrelemek i\u00e7in \u015fablonu kullan\u0131r; d\u00fc\u011f\u00fcm ayr\u0131ca setteki verilerin s\u0131ras\u0131n\u0131 de\u011fi\u015ftirmek i\u00e7in de \u015fablonu kullan\u0131r. Sonraki tak\u0131m d\u00fc\u011f\u00fcmleri bu i\u015flemi tekrarlar. Son d\u00fc\u011f\u00fcm, art\u0131k \u015fifrelenmi\u015f verilerden olu\u015fan anonimlik setini bir a\u011f ge\u00e7idine g\u00f6nderir. Al\u0131c\u0131lar daha sonra verilerini almak i\u00e7in xx a\u011f ge\u00e7idini sorgular.<\/span><\/p><\/div>\n\t\t\t\t<\/div>\n\t\t\t\t\t\t\t<div class=\"elementor-accordion-item\">\n\t\t\t\t\t<div id=\"elementor-tab-title-1482\" class=\"elementor-tab-title\" data-tab=\"2\" role=\"button\" aria-controls=\"elementor-tab-content-1482\" aria-expanded=\"false\">\n\t\t\t\t\t\t\t\t\t\t\t\t\t<span class=\"elementor-accordion-icon elementor-accordion-icon-left\" aria-hidden=\"true\">\n\t\t\t\t\t\t\t\t\t\t\t\t\t\t\t<span class=\"elementor-accordion-icon-closed\"><svg class=\"e-font-icon-svg e-fas-plus\" viewbox=\"0 0 448 512\" xmlns=\"http:\/\/www.w3.org\/2000\/svg\"><path d=\"M416 208H272V64c0-17.67-14.33-32-32-32h-32c-17.67 0-32 14.33-32 32v144H32c-17.67 0-32 14.33-32 32v32c0 17.67 14.33 32 32 32h144v144c0 17.67 14.33 32 32 32h32c17.67 0 32-14.33 32-32V304h144c17.67 0 32-14.33 32-32v-32c0-17.67-14.33-32-32-32z\"><\/path><\/svg><\/span>\n\t\t\t\t\t\t\t\t<span class=\"elementor-accordion-icon-opened\"><svg class=\"e-font-icon-svg e-fas-minus\" viewbox=\"0 0 448 512\" xmlns=\"http:\/\/www.w3.org\/2000\/svg\"><path d=\"M416 208H32c-17.67 0-32 14.33-32 32v32c0 17.67 14.33 32 32 32h384c17.67 0 32-14.33 32-32v-32c0-17.67-14.33-32-32-32z\"><\/path><\/svg><\/span>\n\t\t\t\t\t\t\t\t\t\t\t\t\t\t<\/span>\n\t\t\t\t\t\t\t\t\t\t\t\t<a class=\"elementor-accordion-title\" tabindex=\"0\">cMixx \u00d6n hesaplama.<\/a>\n\t\t\t\t\t<\/div>\n\t\t\t\t\t<div id=\"elementor-tab-content-1482\" class=\"elementor-tab-content elementor-clearfix\" data-tab=\"2\" role=\"region\" aria-labelledby=\"elementor-tab-title-1482\"><p><!-- wp:paragraph --><\/p>\n<p><img fetchpriority=\"high\" decoding=\"async\" class=\"aligncenter wp-image-27345 size-full\" src=\"https:\/\/xx.network\/wp-content\/uploads\/2024\/10\/Conventional-Mix-vs-cMixx.png\" alt=\"\" width=\"1280\" height=\"720\" srcset=\"https:\/\/xx.network\/wp-content\/uploads\/2024\/10\/Conventional-Mix-vs-cMixx.png 1280w, https:\/\/xx.network\/wp-content\/uploads\/2024\/10\/Conventional-Mix-vs-cMixx-300x169.png 300w, https:\/\/xx.network\/wp-content\/uploads\/2024\/10\/Conventional-Mix-vs-cMixx-1030x579.png 1030w, https:\/\/xx.network\/wp-content\/uploads\/2024\/10\/Conventional-Mix-vs-cMixx-768x432.png 768w, https:\/\/xx.network\/wp-content\/uploads\/2024\/10\/Conventional-Mix-vs-cMixx-18x10.png 18w\" sizes=\"(max-width: 1280px) 100vw, 1280px\" \/><\/p>\n<p><!-- \/wp:paragraph --><\/p><\/div>\n\t\t\t\t<\/div>\n\t\t\t\t\t\t\t<div class=\"elementor-accordion-item\">\n\t\t\t\t\t<div id=\"elementor-tab-title-1483\" class=\"elementor-tab-title\" data-tab=\"3\" role=\"button\" aria-controls=\"elementor-tab-content-1483\" aria-expanded=\"false\">\n\t\t\t\t\t\t\t\t\t\t\t\t\t<span class=\"elementor-accordion-icon elementor-accordion-icon-left\" aria-hidden=\"true\">\n\t\t\t\t\t\t\t\t\t\t\t\t\t\t\t<span class=\"elementor-accordion-icon-closed\"><svg class=\"e-font-icon-svg e-fas-plus\" viewbox=\"0 0 448 512\" xmlns=\"http:\/\/www.w3.org\/2000\/svg\"><path d=\"M416 208H272V64c0-17.67-14.33-32-32-32h-32c-17.67 0-32 14.33-32 32v144H32c-17.67 0-32 14.33-32 32v32c0 17.67 14.33 32 32 32h144v144c0 17.67 14.33 32 32 32h32c17.67 0 32-14.33 32-32V304h144c17.67 0 32-14.33 32-32v-32c0-17.67-14.33-32-32-32z\"><\/path><\/svg><\/span>\n\t\t\t\t\t\t\t\t<span class=\"elementor-accordion-icon-opened\"><svg class=\"e-font-icon-svg e-fas-minus\" viewbox=\"0 0 448 512\" xmlns=\"http:\/\/www.w3.org\/2000\/svg\"><path d=\"M416 208H32c-17.67 0-32 14.33-32 32v32c0 17.67 14.33 32 32 32h384c17.67 0 32-14.33 32-32v-32c0-17.67-14.33-32-32-32z\"><\/path><\/svg><\/span>\n\t\t\t\t\t\t\t\t\t\t\t\t\t\t<\/span>\n\t\t\t\t\t\t\t\t\t\t\t\t<a class=\"elementor-accordion-title\" tabindex=\"0\">cMixx Kullan\u0131c\u0131lar\u0131 ve Verilerini Nas\u0131l Korur?<\/a>\n\t\t\t\t\t<\/div>\n\t\t\t\t\t<div id=\"elementor-tab-content-1483\" class=\"elementor-tab-content elementor-clearfix\" data-tab=\"3\" role=\"region\" aria-labelledby=\"elementor-tab-title-1483\"><p><!-- wp:heading --><\/p>\n<p><span style=\"font-weight: 400;\">Eski kriptografi kullanan mevcut veri aktar\u0131m\u0131 ve ileti\u015fim yaz\u0131l\u0131mlar\u0131n\u0131n aksine, cMixx kuantuma dayan\u0131kl\u0131d\u0131r ve gelecekteki kuantum bili\u015fim tehditlerine kar\u015f\u0131 bile veri ve i\u00e7eri\u011fi korur.<\/span><\/p>\n<p><span style=\"font-weight: 400;\">xx network'nin \"kar\u0131\u015ft\u0131rma\" i\u015flemi, g\u00f6nderenler ve al\u0131c\u0131lar aras\u0131ndaki ba\u011f\u0131 kopararak tam anonimli\u011fi garanti eder ve etkile\u015fim modellerini izlemeyi veya kullan\u0131c\u0131lar\u0131 tan\u0131mlamay\u0131 imkans\u0131z hale getirir. IP adresleri ve zaman damgalar\u0131 gibi meta verileri a\u00e7\u0131\u011fa \u00e7\u0131karan geleneksel ileti\u015fim veya veri aktar\u0131m y\u00f6ntemlerinin aksine, cMixx veri trafi\u011fini etkili bir \u015fekilde \u015fifreler ve rastgele hale getirerek her t\u00fcrl\u00fc izlemeyi \u00f6nler. Bu gizlilik seviyesi hassas verilerin g\u00fcvenli\u011fini sa\u011flamak i\u00e7in \u00e7ok \u00f6nemlidir.<\/span><\/p>\n<p><span style=\"font-weight: 400;\">Protokol, \u00e7e\u015fitli blok zinciri a\u011flar\u0131nda Katman-2 gizlilik \u00e7\u00f6z\u00fcm\u00fc olarak sorunsuz bir \u015fekilde entegre edilebilir ve merkezi olmayan uygulamalar, i\u015fletmeler ve di\u011fer dijital hizmetler i\u00e7in g\u00fcvenli\u011fi art\u0131r\u0131r. cMixx ile xx network, dijital \u00e7a\u011fda g\u00fcvenli, \u00f6zel ve \u00f6l\u00e7eklenebilir ileti\u015fim i\u00e7in altyap\u0131 olu\u015fturuyor.<\/span><\/p>\n<p><!-- \/wp:paragraph --><\/p><\/div>\n\t\t\t\t<\/div>\n\t\t\t\t\t\t\t\t<\/div>\n\t\t\t\t<\/div>\n\t\t\t\t<\/div>\n\t\t\t\t\t<\/div>\n\t\t<\/div>\n\t\t\t\t\t<\/div>\n\t\t<\/section>\n\t\t\t\t<section class=\"elementor-section elementor-top-section elementor-element elementor-element-ec68211 elementor-section-boxed elementor-section-height-default elementor-section-height-default\" data-id=\"ec68211\" data-element_type=\"section\">\n\t\t\t\t\t\t<div class=\"elementor-container elementor-column-gap-default\">\n\t\t\t\t\t<div class=\"elementor-column elementor-col-50 elementor-top-column elementor-element elementor-element-6282f6c\" data-id=\"6282f6c\" data-element_type=\"column\">\n\t\t\t<div class=\"elementor-widget-wrap elementor-element-populated\">\n\t\t\t\t\t\t<div class=\"elementor-element elementor-element-e449a2d elementor-align-center elementor-widget elementor-widget-lottie\" data-id=\"e449a2d\" data-element_type=\"widget\" data-settings=\"{&quot;source&quot;:&quot;external_url&quot;,&quot;source_external_url&quot;:{&quot;url&quot;:&quot;https:\\\/\\\/xx.network\\\/wp-content\\\/uploads\\\/2021\\\/11\\\/Messenger_Icon-1.0.json&quot;,&quot;is_external&quot;:&quot;&quot;,&quot;nofollow&quot;:&quot;&quot;,&quot;custom_attributes&quot;:&quot;&quot;},&quot;trigger&quot;:&quot;bind_to_scroll&quot;,&quot;link_to&quot;:&quot;none&quot;,&quot;viewport&quot;:{&quot;unit&quot;:&quot;%&quot;,&quot;size&quot;:&quot;&quot;,&quot;sizes&quot;:{&quot;start&quot;:0,&quot;end&quot;:100}},&quot;effects_relative_to&quot;:&quot;viewport&quot;,&quot;start_point&quot;:{&quot;unit&quot;:&quot;%&quot;,&quot;size&quot;:0,&quot;sizes&quot;:[]},&quot;end_point&quot;:{&quot;unit&quot;:&quot;%&quot;,&quot;size&quot;:100,&quot;sizes&quot;:[]},&quot;renderer&quot;:&quot;svg&quot;}\" data-widget_type=\"lottie.default\">\n\t\t\t\t<div class=\"elementor-widget-container\">\n\t\t\t<div class=\"e-lottie__container\"><div class=\"e-lottie__animation\"><\/div><\/div>\t\t<\/div>\n\t\t\t\t<\/div>\n\t\t\t\t\t<\/div>\n\t\t<\/div>\n\t\t\t\t<div class=\"elementor-column elementor-col-50 elementor-top-column elementor-element elementor-element-09c76f1\" data-id=\"09c76f1\" data-element_type=\"column\">\n\t\t\t<div class=\"elementor-widget-wrap elementor-element-populated\">\n\t\t\t\t\t\t<div class=\"elementor-element elementor-element-49fe9f4 elementor-widget elementor-widget-text-editor\" data-id=\"49fe9f4\" data-element_type=\"widget\" data-widget_type=\"text-editor.default\">\n\t\t\t\t<div class=\"elementor-widget-container\">\n\t\t\t\t\t\t\t<h4>\u0130zleyin: xx network, ultra g\u00fcvenli mesajla\u015fma ve i\u015flem i\u00e7in ger\u00e7ek zamanl\u0131 meta veri par\u00e7alama sa\u011flar.<\/h4>\t\t\t\t\t\t<\/div>\n\t\t\t\t<\/div>\n\t\t\t\t\t<\/div>\n\t\t<\/div>\n\t\t\t\t\t<\/div>\n\t\t<\/section>\n\t\t\t\t<section class=\"elementor-section elementor-top-section elementor-element elementor-element-a05b7f3 elementor-section-boxed elementor-section-height-default elementor-section-height-default\" data-id=\"a05b7f3\" data-element_type=\"section\">\n\t\t\t\t\t\t<div class=\"elementor-container elementor-column-gap-default\">\n\t\t\t\t\t<div class=\"elementor-column elementor-col-100 elementor-top-column elementor-element elementor-element-671a2d5\" data-id=\"671a2d5\" data-element_type=\"column\">\n\t\t\t<div class=\"elementor-widget-wrap elementor-element-populated\">\n\t\t\t\t\t\t<div class=\"elementor-element elementor-element-3027741 elementor-widget elementor-widget-video\" data-id=\"3027741\" data-element_type=\"widget\" data-settings=\"{&quot;video_type&quot;:&quot;vimeo&quot;}\" data-widget_type=\"video.default\">\n\t\t\t\t<div class=\"elementor-widget-container\">\n\t\t\t\t\t<div class=\"elementor-wrapper elementor-open-inline\">\n\t\t\t<iframe class=\"elementor-video-iframe\" allowfullscreen allow=\"clipboard-write\" title=\"vimeo Video Player\" src=\"https:\/\/player.vimeo.com\/video\/640539553?color&amp;autopause=0&amp;loop=0&amp;muted=0&amp;title=1&amp;portrait=1&amp;byline=1&amp;h=6863a4418e#t=\" data-no-translation-title=\"\"><\/iframe>\t\t<\/div>\n\t\t\t\t<\/div>\n\t\t\t\t<\/div>\n\t\t\t\t\t<\/div>\n\t\t<\/div>\n\t\t\t\t\t<\/div>\n\t\t<\/section>\n\t\t\t\t<\/div>","protected":false},"excerpt":{"rendered":"<p>cMixx Nas\u0131l \u00c7al\u0131\u015f\u0131r? cMixx, xx network'nin [...] aras\u0131ndaki \u00e7evrimi\u00e7i etkile\u015fimlerde meta verilerin a\u00e7\u0131\u011fa \u00e7\u0131kmas\u0131n\u0131 ortadan kald\u0131rmak i\u00e7in tasarlanm\u0131\u015f geli\u015fmi\u015f gizlilik protokol\u00fcd\u00fcr.<\/p>\n<p><a class=\"btn btn-secondary understrap-read-more-link\" href=\"https:\/\/xx.network\/tr\/cmixx-how-it-works\/\">Daha fazlas\u0131n\u0131 oku...<span class=\"screen-reader-text\"> cMixx'ten - Nas\u0131l \u00c7al\u0131\u015f\u0131r<\/span><\/a><\/p>","protected":false},"author":147,"featured_media":18773,"parent":0,"menu_order":0,"comment_status":"closed","ping_status":"closed","template":"elementor_header_footer","meta":{"_acf_changed":false,"footnotes":""},"class_list":["post-27280","page","type-page","status-publish","has-post-thumbnail","hentry"],"acf":[],"yoast_head":"<!-- This site is optimized with the Yoast SEO plugin v25.6 - https:\/\/yoast.com\/wordpress\/plugins\/seo\/ -->\n<title>cMixx - How It Works - xx network<\/title>\n<meta name=\"robots\" content=\"index, follow, max-snippet:-1, max-image-preview:large, max-video-preview:-1\" \/>\n<link rel=\"canonical\" href=\"https:\/\/pvrjousb.elementor.cloud\/cmixx-how-it-works\/\" \/>\n<meta property=\"og:locale\" content=\"tr_TR\" \/>\n<meta property=\"og:type\" content=\"article\" \/>\n<meta property=\"og:title\" content=\"cMixx - How It Works - xx network\" \/>\n<meta property=\"og:description\" content=\"How cMixx Works. cMixx is the xx network\u2019s advanced privacy protocol designed to eliminate metadata exposure in online interactions among [...]Daha fazlas\u0131n\u0131 oku\u2026 from cMixx &#8211; How It Works\" \/>\n<meta property=\"og:url\" content=\"https:\/\/pvrjousb.elementor.cloud\/cmixx-how-it-works\/\" \/>\n<meta property=\"og:site_name\" content=\"xx network\" \/>\n<meta property=\"article:modified_time\" content=\"2024-10-30T02:13:12+00:00\" \/>\n<meta property=\"og:image\" content=\"https:\/\/pvrjousb.elementor.cloud\/wp-content\/uploads\/2022\/01\/What-is-it-like-to-be-an-xx-Node_.jpg\" \/>\n\t<meta property=\"og:image:width\" content=\"1920\" \/>\n\t<meta property=\"og:image:height\" content=\"1080\" \/>\n\t<meta property=\"og:image:type\" content=\"image\/jpeg\" \/>\n<meta name=\"twitter:card\" content=\"summary_large_image\" \/>\n<meta name=\"twitter:label1\" content=\"Tahmini okuma s\u00fcresi\" \/>\n\t<meta name=\"twitter:data1\" content=\"2 dakika\" \/>\n<script type=\"application\/ld+json\" class=\"yoast-schema-graph\">{\"@context\":\"https:\/\/schema.org\",\"@graph\":[{\"@type\":\"WebPage\",\"@id\":\"https:\/\/pvrjousb.elementor.cloud\/cmixx-how-it-works\/\",\"url\":\"https:\/\/pvrjousb.elementor.cloud\/cmixx-how-it-works\/\",\"name\":\"cMixx - How It Works - xx network\",\"isPartOf\":{\"@id\":\"https:\/\/pvrjousb.elementor.cloud\/#website\"},\"primaryImageOfPage\":{\"@id\":\"https:\/\/pvrjousb.elementor.cloud\/cmixx-how-it-works\/#primaryimage\"},\"image\":{\"@id\":\"https:\/\/pvrjousb.elementor.cloud\/cmixx-how-it-works\/#primaryimage\"},\"thumbnailUrl\":\"https:\/\/xx.network\/wp-content\/uploads\/2022\/01\/What-is-it-like-to-be-an-xx-Node_.jpg\",\"datePublished\":\"2024-10-22T22:12:28+00:00\",\"dateModified\":\"2024-10-30T02:13:12+00:00\",\"breadcrumb\":{\"@id\":\"https:\/\/pvrjousb.elementor.cloud\/cmixx-how-it-works\/#breadcrumb\"},\"inLanguage\":\"tr\",\"potentialAction\":[{\"@type\":\"ReadAction\",\"target\":[\"https:\/\/pvrjousb.elementor.cloud\/cmixx-how-it-works\/\"]}]},{\"@type\":\"ImageObject\",\"inLanguage\":\"tr\",\"@id\":\"https:\/\/pvrjousb.elementor.cloud\/cmixx-how-it-works\/#primaryimage\",\"url\":\"https:\/\/xx.network\/wp-content\/uploads\/2022\/01\/What-is-it-like-to-be-an-xx-Node_.jpg\",\"contentUrl\":\"https:\/\/xx.network\/wp-content\/uploads\/2022\/01\/What-is-it-like-to-be-an-xx-Node_.jpg\",\"width\":1920,\"height\":1080},{\"@type\":\"BreadcrumbList\",\"@id\":\"https:\/\/pvrjousb.elementor.cloud\/cmixx-how-it-works\/#breadcrumb\",\"itemListElement\":[{\"@type\":\"ListItem\",\"position\":1,\"name\":\"Home\",\"item\":\"https:\/\/xx.network\/\"},{\"@type\":\"ListItem\",\"position\":2,\"name\":\"cMixx &#8211; How It Works\"}]},{\"@type\":\"WebSite\",\"@id\":\"https:\/\/pvrjousb.elementor.cloud\/#website\",\"url\":\"https:\/\/pvrjousb.elementor.cloud\/\",\"name\":\"xx network\",\"description\":\"\",\"publisher\":{\"@id\":\"https:\/\/pvrjousb.elementor.cloud\/#organization\"},\"potentialAction\":[{\"@type\":\"SearchAction\",\"target\":{\"@type\":\"EntryPoint\",\"urlTemplate\":\"https:\/\/pvrjousb.elementor.cloud\/?s={search_term_string}\"},\"query-input\":{\"@type\":\"PropertyValueSpecification\",\"valueRequired\":true,\"valueName\":\"search_term_string\"}}],\"inLanguage\":\"tr\"},{\"@type\":\"Organization\",\"@id\":\"https:\/\/pvrjousb.elementor.cloud\/#organization\",\"name\":\"xx network\",\"url\":\"https:\/\/pvrjousb.elementor.cloud\/\",\"logo\":{\"@type\":\"ImageObject\",\"inLanguage\":\"tr\",\"@id\":\"https:\/\/pvrjousb.elementor.cloud\/#\/schema\/logo\/image\/\",\"url\":\"https:\/\/xx.network\/wp-content\/uploads\/2021\/10\/xx-network_logotype_color.svg\",\"contentUrl\":\"https:\/\/xx.network\/wp-content\/uploads\/2021\/10\/xx-network_logotype_color.svg\",\"width\":525,\"height\":175,\"caption\":\"xx network\"},\"image\":{\"@id\":\"https:\/\/pvrjousb.elementor.cloud\/#\/schema\/logo\/image\/\"}}]}<\/script>\n<!-- \/ Yoast SEO plugin. -->","yoast_head_json":{"title":"cMixx - Nas\u0131l \u00c7al\u0131\u015f\u0131r - xx network","robots":{"index":"index","follow":"follow","max-snippet":"max-snippet:-1","max-image-preview":"max-image-preview:large","max-video-preview":"max-video-preview:-1"},"canonical":"https:\/\/pvrjousb.elementor.cloud\/cmixx-how-it-works\/","og_locale":"tr_TR","og_type":"article","og_title":"cMixx - How It Works - xx network","og_description":"How cMixx Works. cMixx is the xx network\u2019s advanced privacy protocol designed to eliminate metadata exposure in online interactions among [...]Daha fazlas\u0131n\u0131 oku\u2026 from cMixx &#8211; How It Works","og_url":"https:\/\/pvrjousb.elementor.cloud\/cmixx-how-it-works\/","og_site_name":"xx network","article_modified_time":"2024-10-30T02:13:12+00:00","og_image":[{"width":1920,"height":1080,"url":"https:\/\/pvrjousb.elementor.cloud\/wp-content\/uploads\/2022\/01\/What-is-it-like-to-be-an-xx-Node_.jpg","type":"image\/jpeg"}],"twitter_card":"summary_large_image","twitter_misc":{"Tahmini okuma s\u00fcresi":"2 dakika"},"schema":{"@context":"https:\/\/schema.org","@graph":[{"@type":"WebPage","@id":"https:\/\/pvrjousb.elementor.cloud\/cmixx-how-it-works\/","url":"https:\/\/pvrjousb.elementor.cloud\/cmixx-how-it-works\/","name":"cMixx - Nas\u0131l \u00c7al\u0131\u015f\u0131r - xx network","isPartOf":{"@id":"https:\/\/pvrjousb.elementor.cloud\/#website"},"primaryImageOfPage":{"@id":"https:\/\/pvrjousb.elementor.cloud\/cmixx-how-it-works\/#primaryimage"},"image":{"@id":"https:\/\/pvrjousb.elementor.cloud\/cmixx-how-it-works\/#primaryimage"},"thumbnailUrl":"https:\/\/xx.network\/wp-content\/uploads\/2022\/01\/What-is-it-like-to-be-an-xx-Node_.jpg","datePublished":"2024-10-22T22:12:28+00:00","dateModified":"2024-10-30T02:13:12+00:00","breadcrumb":{"@id":"https:\/\/pvrjousb.elementor.cloud\/cmixx-how-it-works\/#breadcrumb"},"inLanguage":"tr","potentialAction":[{"@type":"ReadAction","target":["https:\/\/pvrjousb.elementor.cloud\/cmixx-how-it-works\/"]}]},{"@type":"ImageObject","inLanguage":"tr","@id":"https:\/\/pvrjousb.elementor.cloud\/cmixx-how-it-works\/#primaryimage","url":"https:\/\/xx.network\/wp-content\/uploads\/2022\/01\/What-is-it-like-to-be-an-xx-Node_.jpg","contentUrl":"https:\/\/xx.network\/wp-content\/uploads\/2022\/01\/What-is-it-like-to-be-an-xx-Node_.jpg","width":1920,"height":1080},{"@type":"BreadcrumbList","@id":"https:\/\/pvrjousb.elementor.cloud\/cmixx-how-it-works\/#breadcrumb","itemListElement":[{"@type":"ListItem","position":1,"name":"Home","item":"https:\/\/xx.network\/"},{"@type":"ListItem","position":2,"name":"cMixx &#8211; How It Works"}]},{"@type":"WebSite","@id":"https:\/\/pvrjousb.elementor.cloud\/#website","url":"https:\/\/pvrjousb.elementor.cloud\/","name":"xx network","description":"","publisher":{"@id":"https:\/\/pvrjousb.elementor.cloud\/#organization"},"potentialAction":[{"@type":"SearchAction","target":{"@type":"EntryPoint","urlTemplate":"https:\/\/pvrjousb.elementor.cloud\/?s={search_term_string}"},"query-input":{"@type":"PropertyValueSpecification","valueRequired":true,"valueName":"search_term_string"}}],"inLanguage":"tr"},{"@type":"Organization","@id":"https:\/\/pvrjousb.elementor.cloud\/#organization","name":"xx network","url":"https:\/\/pvrjousb.elementor.cloud\/","logo":{"@type":"ImageObject","inLanguage":"tr","@id":"https:\/\/pvrjousb.elementor.cloud\/#\/schema\/logo\/image\/","url":"https:\/\/xx.network\/wp-content\/uploads\/2021\/10\/xx-network_logotype_color.svg","contentUrl":"https:\/\/xx.network\/wp-content\/uploads\/2021\/10\/xx-network_logotype_color.svg","width":525,"height":175,"caption":"xx network"},"image":{"@id":"https:\/\/pvrjousb.elementor.cloud\/#\/schema\/logo\/image\/"}}]}},"_links":{"self":[{"href":"https:\/\/xx.network\/tr\/wp-json\/wp\/v2\/pages\/27280","targetHints":{"allow":["GET"]}}],"collection":[{"href":"https:\/\/xx.network\/tr\/wp-json\/wp\/v2\/pages"}],"about":[{"href":"https:\/\/xx.network\/tr\/wp-json\/wp\/v2\/types\/page"}],"author":[{"embeddable":true,"href":"https:\/\/xx.network\/tr\/wp-json\/wp\/v2\/users\/147"}],"replies":[{"embeddable":true,"href":"https:\/\/xx.network\/tr\/wp-json\/wp\/v2\/comments?post=27280"}],"version-history":[{"count":0,"href":"https:\/\/xx.network\/tr\/wp-json\/wp\/v2\/pages\/27280\/revisions"}],"wp:featuredmedia":[{"embeddable":true,"href":"https:\/\/xx.network\/tr\/wp-json\/wp\/v2\/media\/18773"}],"wp:attachment":[{"href":"https:\/\/xx.network\/tr\/wp-json\/wp\/v2\/media?parent=27280"}],"curies":[{"name":"wp","href":"https:\/\/api.w.org\/{rel}","templated":true}]}}