{"id":27380,"date":"2024-10-22T16:30:02","date_gmt":"2024-10-22T23:30:02","guid":{"rendered":"https:\/\/xx.network\/?page_id=27380"},"modified":"2024-10-22T16:51:13","modified_gmt":"2024-10-22T23:51:13","slug":"more-on-mixnets","status":"publish","type":"page","link":"https:\/\/xx.network\/tr\/more-on-mixnets\/","title":{"rendered":"cMixx - Mixnets hakk\u0131nda daha fazla bilgi"},"content":{"rendered":"<div data-elementor-type=\"wp-page\" data-elementor-id=\"27380\" class=\"elementor elementor-27380\" data-elementor-post-type=\"page\">\n\t\t\t\t\t\t<section class=\"elementor-section elementor-top-section elementor-element elementor-element-cdb1b21 elementor-section-content-middle faq-banner elementor-section-boxed elementor-section-height-default elementor-section-height-default\" data-id=\"cdb1b21\" data-element_type=\"section\" data-settings=\"{&quot;background_background&quot;:&quot;classic&quot;,&quot;background_motion_fx_translateX_effect&quot;:&quot;yes&quot;,&quot;background_motion_fx_translateY_direction&quot;:&quot;negative&quot;,&quot;background_motion_fx_motion_fx_scrolling&quot;:&quot;yes&quot;,&quot;background_motion_fx_translateY_effect&quot;:&quot;yes&quot;,&quot;background_motion_fx_translateY_affectedRange&quot;:{&quot;unit&quot;:&quot;%&quot;,&quot;size&quot;:&quot;&quot;,&quot;sizes&quot;:{&quot;start&quot;:76,&quot;end&quot;:100}},&quot;background_motion_fx_opacity_effect&quot;:&quot;yes&quot;,&quot;background_motion_fx_opacity_direction&quot;:&quot;in-out-in&quot;,&quot;background_motion_fx_opacity_level&quot;:{&quot;unit&quot;:&quot;px&quot;,&quot;size&quot;:6,&quot;sizes&quot;:[]},&quot;background_motion_fx_translateY_speed&quot;:{&quot;unit&quot;:&quot;px&quot;,&quot;size&quot;:4,&quot;sizes&quot;:[]},&quot;background_motion_fx_translateX_speed&quot;:{&quot;unit&quot;:&quot;px&quot;,&quot;size&quot;:4,&quot;sizes&quot;:[]},&quot;background_motion_fx_translateX_affectedRange&quot;:{&quot;unit&quot;:&quot;%&quot;,&quot;size&quot;:&quot;&quot;,&quot;sizes&quot;:{&quot;start&quot;:0,&quot;end&quot;:100}},&quot;background_motion_fx_opacity_range&quot;:{&quot;unit&quot;:&quot;%&quot;,&quot;size&quot;:&quot;&quot;,&quot;sizes&quot;:{&quot;start&quot;:20,&quot;end&quot;:80}},&quot;background_motion_fx_devices&quot;:[&quot;desktop&quot;,&quot;tablet&quot;,&quot;mobile&quot;]}\">\n\t\t\t\t\t\t\t<div class=\"elementor-background-overlay\"><\/div>\n\t\t\t\t\t\t\t<div class=\"elementor-container elementor-column-gap-no\">\n\t\t\t\t\t<div class=\"elementor-column elementor-col-100 elementor-top-column elementor-element elementor-element-4b615e0\" data-id=\"4b615e0\" data-element_type=\"column\">\n\t\t\t<div class=\"elementor-widget-wrap elementor-element-populated\">\n\t\t\t\t\t\t<div class=\"elementor-element elementor-element-167373e elementor-widget__width-initial elementor-widget elementor-widget-heading\" data-id=\"167373e\" data-element_type=\"widget\" data-widget_type=\"heading.default\">\n\t\t\t\t<div class=\"elementor-widget-container\">\n\t\t\t<h1 class=\"elementor-heading-title elementor-size-default\">Mixnets Hakk\u0131nda Daha Fazla Bilgi...<\/h1>\t\t<\/div>\n\t\t\t\t<\/div>\n\t\t\t\t\t<\/div>\n\t\t<\/div>\n\t\t\t\t\t<\/div>\n\t\t<\/section>\n\t\t\t\t<section class=\"elementor-section elementor-top-section elementor-element elementor-element-bd3bd04 elementor-section-stretched elementor-section-boxed elementor-section-height-default elementor-section-height-default\" data-id=\"bd3bd04\" data-element_type=\"section\" data-settings=\"{&quot;stretch_section&quot;:&quot;section-stretched&quot;}\">\n\t\t\t\t\t\t<div class=\"elementor-container elementor-column-gap-default\">\n\t\t\t\t\t<div class=\"elementor-column elementor-col-100 elementor-top-column elementor-element elementor-element-2d70a78\" data-id=\"2d70a78\" data-element_type=\"column\">\n\t\t\t<div class=\"elementor-widget-wrap elementor-element-populated\">\n\t\t\t\t\t\t<div class=\"elementor-element elementor-element-8d90df3 elementor-widget elementor-widget-accordion\" data-id=\"8d90df3\" data-element_type=\"widget\" data-widget_type=\"accordion.default\">\n\t\t\t\t<div class=\"elementor-widget-container\">\n\t\t\t\t\t<div class=\"elementor-accordion\">\n\t\t\t\t\t\t\t<div class=\"elementor-accordion-item\">\n\t\t\t\t\t<div id=\"elementor-tab-title-1481\" class=\"elementor-tab-title\" data-tab=\"1\" role=\"button\" aria-controls=\"elementor-tab-content-1481\" aria-expanded=\"false\">\n\t\t\t\t\t\t\t\t\t\t\t\t\t<span class=\"elementor-accordion-icon elementor-accordion-icon-left\" aria-hidden=\"true\">\n\t\t\t\t\t\t\t\t\t\t\t\t\t\t\t<span class=\"elementor-accordion-icon-closed\"><svg class=\"e-font-icon-svg e-fas-plus\" viewbox=\"0 0 448 512\" xmlns=\"http:\/\/www.w3.org\/2000\/svg\"><path d=\"M416 208H272V64c0-17.67-14.33-32-32-32h-32c-17.67 0-32 14.33-32 32v144H32c-17.67 0-32 14.33-32 32v32c0 17.67 14.33 32 32 32h144v144c0 17.67 14.33 32 32 32h32c17.67 0 32-14.33 32-32V304h144c17.67 0 32-14.33 32-32v-32c0-17.67-14.33-32-32-32z\"><\/path><\/svg><\/span>\n\t\t\t\t\t\t\t\t<span class=\"elementor-accordion-icon-opened\"><svg class=\"e-font-icon-svg e-fas-minus\" viewbox=\"0 0 448 512\" xmlns=\"http:\/\/www.w3.org\/2000\/svg\"><path d=\"M416 208H32c-17.67 0-32 14.33-32 32v32c0 17.67 14.33 32 32 32h384c17.67 0 32-14.33 32-32v-32c0-17.67-14.33-32-32-32z\"><\/path><\/svg><\/span>\n\t\t\t\t\t\t\t\t\t\t\t\t\t\t<\/span>\n\t\t\t\t\t\t\t\t\t\t\t\t<a class=\"elementor-accordion-title\" tabindex=\"0\">Genel Olarak Mixnet Nedir?<\/a>\n\t\t\t\t\t<\/div>\n\t\t\t\t\t<div id=\"elementor-tab-content-1481\" class=\"elementor-tab-content elementor-clearfix\" data-tab=\"1\" role=\"region\" aria-labelledby=\"elementor-tab-title-1481\"><p><span style=\"font-weight: 400;\">cMixx \u00e7ok h\u0131zl\u0131 bir mixnet'tir.  Daha genel olarak, miks a\u011flar olarak da bilinen miks a\u011flar ilk olarak 1979 y\u0131l\u0131nda xx network Kurucusu David Chaum taraf\u0131ndan tan\u0131mlanm\u0131\u015ft\u0131r. Bir mixnet, mix d\u00fc\u011f\u00fcmleri olarak bilinen bir dizi g\u00fcvenilir arac\u0131 taraf\u0131ndan iletilecek mesajlar veya i\u015flemler i\u00e7in kriptografik kurallar belirler. Bu kar\u0131\u015f\u0131m d\u00fc\u011f\u00fcmleri kullan\u0131c\u0131lardan bir grup \u015fifrelenmi\u015f veri al\u0131r, bunlar\u0131 rastgele permute eder veya \"kar\u0131\u015ft\u0131r\u0131r\" ve ard\u0131ndan yeniden s\u0131ralanm\u0131\u015f, \u015fifrelenmi\u015f verileri bir sonraki kar\u0131\u015f\u0131m d\u00fc\u011f\u00fcm\u00fcne g\u00f6nderir.<\/span><\/p>\n<p><span style=\"font-weight: 400;\">Bu \"kar\u0131\u015ft\u0131rma\", kullan\u0131c\u0131 faaliyetleriyle ili\u015fkili meta verileri gizleyerek gizlili\u011fi koruyan bir ileti\u015fim sistemi yarat\u0131r. Meta veri, herhangi bir mesaj veya faaliyetle ili\u015fkili kim, ne, ne zaman, nerede ve nas\u0131l detaylar\u0131d\u0131r.\u00a0<\/span><\/p>\n<p><span style=\"font-weight: 400;\">Mevcut karma a\u011flar\u0131n en b\u00fcy\u00fck dezavantaj\u0131, kar\u0131\u015ft\u0131rma i\u015flemi i\u00e7in gerekli olan a\u00e7\u0131k anahtar i\u015flemlerinin yo\u011fun hesaplama gerektirmesidir.  Asl\u0131nda, 1979 y\u0131l\u0131nda Chaum'un makalesinde a\u00e7\u0131klanan hesaplamalar mevcut bilgisayarlar\u0131n \u00e7o\u011funun g\u00fcc\u00fcn\u00fc a\u015f\u0131yordu.  \u015eu anda bile tipik miks a\u011flar i\u00e7in gerekli hesaplamalar yo\u011fun kaynak kullan\u0131m\u0131 ve zaman al\u0131c\u0131d\u0131r.  Sonu\u00e7 olarak, b\u00fcy\u00fck \u00f6l\u00e7ekte ger\u00e7ekle\u015ftirildiklerinde, miks a\u011flar \u00e7o\u011fu t\u00fcketici kullan\u0131m\u0131 i\u00e7in \u00e7ok yava\u015ft\u0131r.<\/span><\/p><\/div>\n\t\t\t\t<\/div>\n\t\t\t\t\t\t\t<div class=\"elementor-accordion-item\">\n\t\t\t\t\t<div id=\"elementor-tab-title-1482\" class=\"elementor-tab-title\" data-tab=\"2\" role=\"button\" aria-controls=\"elementor-tab-content-1482\" aria-expanded=\"false\">\n\t\t\t\t\t\t\t\t\t\t\t\t\t<span class=\"elementor-accordion-icon elementor-accordion-icon-left\" aria-hidden=\"true\">\n\t\t\t\t\t\t\t\t\t\t\t\t\t\t\t<span class=\"elementor-accordion-icon-closed\"><svg class=\"e-font-icon-svg e-fas-plus\" viewbox=\"0 0 448 512\" xmlns=\"http:\/\/www.w3.org\/2000\/svg\"><path d=\"M416 208H272V64c0-17.67-14.33-32-32-32h-32c-17.67 0-32 14.33-32 32v144H32c-17.67 0-32 14.33-32 32v32c0 17.67 14.33 32 32 32h144v144c0 17.67 14.33 32 32 32h32c17.67 0 32-14.33 32-32V304h144c17.67 0 32-14.33 32-32v-32c0-17.67-14.33-32-32-32z\"><\/path><\/svg><\/span>\n\t\t\t\t\t\t\t\t<span class=\"elementor-accordion-icon-opened\"><svg class=\"e-font-icon-svg e-fas-minus\" viewbox=\"0 0 448 512\" xmlns=\"http:\/\/www.w3.org\/2000\/svg\"><path d=\"M416 208H32c-17.67 0-32 14.33-32 32v32c0 17.67 14.33 32 32 32h384c17.67 0 32-14.33 32-32v-32c0-17.67-14.33-32-32-32z\"><\/path><\/svg><\/span>\n\t\t\t\t\t\t\t\t\t\t\t\t\t\t<\/span>\n\t\t\t\t\t\t\t\t\t\t\t\t<a class=\"elementor-accordion-title\" tabindex=\"0\">cMixx nas\u0131l \"icat edildi\"?<\/a>\n\t\t\t\t\t<\/div>\n\t\t\t\t\t<div id=\"elementor-tab-content-1482\" class=\"elementor-tab-content elementor-clearfix\" data-tab=\"2\" role=\"region\" aria-labelledby=\"elementor-tab-title-1482\"><p><span style=\"font-weight: 400;\">Chaum ve bir grup ara\u015ft\u0131rmac\u0131 2016 y\u0131l\u0131nda \"cmix\" ad\u0131 verilen \"h\u0131zland\u0131r\u0131lm\u0131\u015f\" bir kar\u0131\u015f\u0131m a\u011f\u0131 tasar\u0131m\u0131 yay\u0131nlad\u0131.  Tipik kar\u0131\u015f\u0131m a\u011flar\u0131n\u0131n yava\u015fl\u0131\u011f\u0131na \u00e7\u00f6z\u00fcm olarak \"\u00f6n hesaplama\" \u00f6nerildi.<\/span><\/p>\n<p><span style=\"font-weight: 400;\">\u00d6n hesaplama, karma d\u00fc\u011f\u00fcmlerin zaman alan a\u00e7\u0131k anahtar kriptografisini, mesajlar\u0131n i\u015flenmesi veya g\u00f6nderenler ile al\u0131c\u0131lar aras\u0131nda veri aktar\u0131m\u0131n\u0131n ger\u00e7ek zamanl\u0131 a\u015famas\u0131ndan \u00f6nce y\u00fcr\u00fctmesine olanak tan\u0131r. Sonu\u00e7, kullan\u0131c\u0131lar\u0131n g\u00fcvenlik veya gizlilikten \u00f6d\u00fcn vermeden ger\u00e7ek zamanl\u0131 olarak g\u00f6nderme ve alma yapmas\u0131na olanak tan\u0131yan \u00e7ok verimli bir mixnet t\u00fcr\u00fcd\u00fcr.<\/span><\/p>\n<p><span style=\"font-weight: 400;\">\u0130lk ara\u015ft\u0131rma projesinin bir par\u00e7as\u0131, cmix i\u00e7in bir kavram kan\u0131t\u0131 olarak hizmet eden akademik bir referans uygulamas\u0131yd\u0131; mix d\u00fc\u011f\u00fcmlerinden olu\u015fan bir arka u\u00e7 ekibi ve ilkel bir ak\u0131ll\u0131 telefon istemcisi i\u00e7eriyordu.<\/span><\/p>\n<p><span style=\"font-weight: 400;\">A\u011fustos 2017'de Chaum'un liderli\u011finde bir geli\u015ftirme grubu cMixx ad\u0131nda merkezi olmayan, g\u00fcvenli ve \u00f6l\u00e7eklenebilir bir uygulama olu\u015fturmaya ba\u015flad\u0131.  Ekip, erken pratik, anonim ve do\u011frulanabilir kriptografik sistemler geli\u015ftiren \u00f6nc\u00fcleri i\u00e7eriyordu. Ekip \u00fcyeleri dijital para birimlerini, karma a\u011flar\u0131, izinsiz kriptografiyi, do\u011frulanabilir oylama sistemlerini ve kriptografideki di\u011fer bir\u00e7ok geli\u015fmeyi ilk \u00f6nerenler ve uygulayanlar aras\u0131ndayd\u0131.<\/span><\/p><\/div>\n\t\t\t\t<\/div>\n\t\t\t\t\t\t\t\t<\/div>\n\t\t\t\t<\/div>\n\t\t\t\t<\/div>\n\t\t\t\t\t<\/div>\n\t\t<\/div>\n\t\t\t\t\t<\/div>\n\t\t<\/section>\n\t\t\t\t<\/div>","protected":false},"excerpt":{"rendered":"<p>Mixnet'ler Hakk\u0131nda Daha Fazla Bilgi... Genel Olarak Mixnet Nedir? cMixx \u00e7ok h\u0131zl\u0131 bir mixnet'tir.  Daha genel olarak, mixnetler, ayn\u0131 zamanda [...]<\/p>\n<p><a class=\"btn btn-secondary understrap-read-more-link\" href=\"https:\/\/xx.network\/tr\/more-on-mixnets\/\">Daha fazlas\u0131n\u0131 oku...<span class=\"screen-reader-text\"> from cMixx - Mixnets hakk\u0131nda daha fazla bilgi<\/span><\/a><\/p>","protected":false},"author":147,"featured_media":18773,"parent":0,"menu_order":0,"comment_status":"closed","ping_status":"closed","template":"elementor_header_footer","meta":{"_acf_changed":false,"footnotes":""},"class_list":["post-27380","page","type-page","status-publish","has-post-thumbnail","hentry"],"acf":[],"yoast_head":"<!-- This site is optimized with the Yoast SEO plugin v25.6 - https:\/\/yoast.com\/wordpress\/plugins\/seo\/ -->\n<title>cMixx - More on Mixnets - xx network<\/title>\n<meta name=\"robots\" content=\"index, follow, max-snippet:-1, max-image-preview:large, max-video-preview:-1\" \/>\n<link rel=\"canonical\" href=\"https:\/\/pvrjousb.elementor.cloud\/ja\/more-on-mixnets\/\" \/>\n<meta property=\"og:locale\" content=\"tr_TR\" \/>\n<meta property=\"og:type\" content=\"article\" \/>\n<meta property=\"og:title\" content=\"cMixx - More on Mixnets - xx network\" \/>\n<meta property=\"og:description\" content=\"More On Mixnets&#8230; What, in General, is a Mixnet? cMixx is a very fast mixnet.\u00a0 More generally, mixnets, also known [...]Daha fazlas\u0131n\u0131 oku\u2026 from cMixx &#8211; More on Mixnets\" \/>\n<meta property=\"og:url\" content=\"https:\/\/pvrjousb.elementor.cloud\/ja\/more-on-mixnets\/\" \/>\n<meta property=\"og:site_name\" content=\"xx network\" \/>\n<meta property=\"article:modified_time\" content=\"2024-10-22T23:51:13+00:00\" \/>\n<meta property=\"og:image\" content=\"https:\/\/pvrjousb.elementor.cloud\/wp-content\/uploads\/2022\/01\/What-is-it-like-to-be-an-xx-Node_.jpg\" \/>\n\t<meta property=\"og:image:width\" content=\"1920\" \/>\n\t<meta property=\"og:image:height\" content=\"1080\" \/>\n\t<meta property=\"og:image:type\" content=\"image\/jpeg\" \/>\n<meta name=\"twitter:card\" content=\"summary_large_image\" \/>\n<meta name=\"twitter:label1\" content=\"Tahmini okuma s\u00fcresi\" \/>\n\t<meta name=\"twitter:data1\" content=\"2 dakika\" \/>\n<script type=\"application\/ld+json\" class=\"yoast-schema-graph\">{\"@context\":\"https:\/\/schema.org\",\"@graph\":[{\"@type\":\"WebPage\",\"@id\":\"https:\/\/pvrjousb.elementor.cloud\/ja\/more-on-mixnets\/\",\"url\":\"https:\/\/pvrjousb.elementor.cloud\/ja\/more-on-mixnets\/\",\"name\":\"cMixx - More on Mixnets - xx network\",\"isPartOf\":{\"@id\":\"https:\/\/pvrjousb.elementor.cloud\/#website\"},\"primaryImageOfPage\":{\"@id\":\"https:\/\/pvrjousb.elementor.cloud\/ja\/more-on-mixnets\/#primaryimage\"},\"image\":{\"@id\":\"https:\/\/pvrjousb.elementor.cloud\/ja\/more-on-mixnets\/#primaryimage\"},\"thumbnailUrl\":\"https:\/\/xx.network\/wp-content\/uploads\/2022\/01\/What-is-it-like-to-be-an-xx-Node_.jpg\",\"datePublished\":\"2024-10-22T23:30:02+00:00\",\"dateModified\":\"2024-10-22T23:51:13+00:00\",\"breadcrumb\":{\"@id\":\"https:\/\/pvrjousb.elementor.cloud\/ja\/more-on-mixnets\/#breadcrumb\"},\"inLanguage\":\"tr\",\"potentialAction\":[{\"@type\":\"ReadAction\",\"target\":[\"https:\/\/pvrjousb.elementor.cloud\/ja\/more-on-mixnets\/\"]}]},{\"@type\":\"ImageObject\",\"inLanguage\":\"tr\",\"@id\":\"https:\/\/pvrjousb.elementor.cloud\/ja\/more-on-mixnets\/#primaryimage\",\"url\":\"https:\/\/xx.network\/wp-content\/uploads\/2022\/01\/What-is-it-like-to-be-an-xx-Node_.jpg\",\"contentUrl\":\"https:\/\/xx.network\/wp-content\/uploads\/2022\/01\/What-is-it-like-to-be-an-xx-Node_.jpg\",\"width\":1920,\"height\":1080},{\"@type\":\"BreadcrumbList\",\"@id\":\"https:\/\/pvrjousb.elementor.cloud\/ja\/more-on-mixnets\/#breadcrumb\",\"itemListElement\":[{\"@type\":\"ListItem\",\"position\":1,\"name\":\"Home\",\"item\":\"https:\/\/xx.network\/\"},{\"@type\":\"ListItem\",\"position\":2,\"name\":\"cMixx &#8211; More on Mixnets\"}]},{\"@type\":\"WebSite\",\"@id\":\"https:\/\/pvrjousb.elementor.cloud\/#website\",\"url\":\"https:\/\/pvrjousb.elementor.cloud\/\",\"name\":\"xx network\",\"description\":\"\",\"publisher\":{\"@id\":\"https:\/\/pvrjousb.elementor.cloud\/#organization\"},\"potentialAction\":[{\"@type\":\"SearchAction\",\"target\":{\"@type\":\"EntryPoint\",\"urlTemplate\":\"https:\/\/pvrjousb.elementor.cloud\/?s={search_term_string}\"},\"query-input\":{\"@type\":\"PropertyValueSpecification\",\"valueRequired\":true,\"valueName\":\"search_term_string\"}}],\"inLanguage\":\"tr\"},{\"@type\":\"Organization\",\"@id\":\"https:\/\/pvrjousb.elementor.cloud\/#organization\",\"name\":\"xx network\",\"url\":\"https:\/\/pvrjousb.elementor.cloud\/\",\"logo\":{\"@type\":\"ImageObject\",\"inLanguage\":\"tr\",\"@id\":\"https:\/\/pvrjousb.elementor.cloud\/#\/schema\/logo\/image\/\",\"url\":\"https:\/\/xx.network\/wp-content\/uploads\/2021\/10\/xx-network_logotype_color.svg\",\"contentUrl\":\"https:\/\/xx.network\/wp-content\/uploads\/2021\/10\/xx-network_logotype_color.svg\",\"width\":525,\"height\":175,\"caption\":\"xx network\"},\"image\":{\"@id\":\"https:\/\/pvrjousb.elementor.cloud\/#\/schema\/logo\/image\/\"}}]}<\/script>\n<!-- \/ Yoast SEO plugin. -->","yoast_head_json":{"title":"cMixx - Mixnets hakk\u0131nda daha fazla bilgi - xx network","robots":{"index":"index","follow":"follow","max-snippet":"max-snippet:-1","max-image-preview":"max-image-preview:large","max-video-preview":"max-video-preview:-1"},"canonical":"https:\/\/pvrjousb.elementor.cloud\/ja\/more-on-mixnets\/","og_locale":"tr_TR","og_type":"article","og_title":"cMixx - More on Mixnets - xx network","og_description":"More On Mixnets&#8230; What, in General, is a Mixnet? cMixx is a very fast mixnet.\u00a0 More generally, mixnets, also known [...]Daha fazlas\u0131n\u0131 oku\u2026 from cMixx &#8211; More on Mixnets","og_url":"https:\/\/pvrjousb.elementor.cloud\/ja\/more-on-mixnets\/","og_site_name":"xx network","article_modified_time":"2024-10-22T23:51:13+00:00","og_image":[{"width":1920,"height":1080,"url":"https:\/\/pvrjousb.elementor.cloud\/wp-content\/uploads\/2022\/01\/What-is-it-like-to-be-an-xx-Node_.jpg","type":"image\/jpeg"}],"twitter_card":"summary_large_image","twitter_misc":{"Tahmini okuma s\u00fcresi":"2 dakika"},"schema":{"@context":"https:\/\/schema.org","@graph":[{"@type":"WebPage","@id":"https:\/\/pvrjousb.elementor.cloud\/ja\/more-on-mixnets\/","url":"https:\/\/pvrjousb.elementor.cloud\/ja\/more-on-mixnets\/","name":"cMixx - Mixnets hakk\u0131nda daha fazla bilgi - xx network","isPartOf":{"@id":"https:\/\/pvrjousb.elementor.cloud\/#website"},"primaryImageOfPage":{"@id":"https:\/\/pvrjousb.elementor.cloud\/ja\/more-on-mixnets\/#primaryimage"},"image":{"@id":"https:\/\/pvrjousb.elementor.cloud\/ja\/more-on-mixnets\/#primaryimage"},"thumbnailUrl":"https:\/\/xx.network\/wp-content\/uploads\/2022\/01\/What-is-it-like-to-be-an-xx-Node_.jpg","datePublished":"2024-10-22T23:30:02+00:00","dateModified":"2024-10-22T23:51:13+00:00","breadcrumb":{"@id":"https:\/\/pvrjousb.elementor.cloud\/ja\/more-on-mixnets\/#breadcrumb"},"inLanguage":"tr","potentialAction":[{"@type":"ReadAction","target":["https:\/\/pvrjousb.elementor.cloud\/ja\/more-on-mixnets\/"]}]},{"@type":"ImageObject","inLanguage":"tr","@id":"https:\/\/pvrjousb.elementor.cloud\/ja\/more-on-mixnets\/#primaryimage","url":"https:\/\/xx.network\/wp-content\/uploads\/2022\/01\/What-is-it-like-to-be-an-xx-Node_.jpg","contentUrl":"https:\/\/xx.network\/wp-content\/uploads\/2022\/01\/What-is-it-like-to-be-an-xx-Node_.jpg","width":1920,"height":1080},{"@type":"BreadcrumbList","@id":"https:\/\/pvrjousb.elementor.cloud\/ja\/more-on-mixnets\/#breadcrumb","itemListElement":[{"@type":"ListItem","position":1,"name":"Home","item":"https:\/\/xx.network\/"},{"@type":"ListItem","position":2,"name":"cMixx &#8211; More on Mixnets"}]},{"@type":"WebSite","@id":"https:\/\/pvrjousb.elementor.cloud\/#website","url":"https:\/\/pvrjousb.elementor.cloud\/","name":"xx network","description":"","publisher":{"@id":"https:\/\/pvrjousb.elementor.cloud\/#organization"},"potentialAction":[{"@type":"SearchAction","target":{"@type":"EntryPoint","urlTemplate":"https:\/\/pvrjousb.elementor.cloud\/?s={search_term_string}"},"query-input":{"@type":"PropertyValueSpecification","valueRequired":true,"valueName":"search_term_string"}}],"inLanguage":"tr"},{"@type":"Organization","@id":"https:\/\/pvrjousb.elementor.cloud\/#organization","name":"xx network","url":"https:\/\/pvrjousb.elementor.cloud\/","logo":{"@type":"ImageObject","inLanguage":"tr","@id":"https:\/\/pvrjousb.elementor.cloud\/#\/schema\/logo\/image\/","url":"https:\/\/xx.network\/wp-content\/uploads\/2021\/10\/xx-network_logotype_color.svg","contentUrl":"https:\/\/xx.network\/wp-content\/uploads\/2021\/10\/xx-network_logotype_color.svg","width":525,"height":175,"caption":"xx network"},"image":{"@id":"https:\/\/pvrjousb.elementor.cloud\/#\/schema\/logo\/image\/"}}]}},"_links":{"self":[{"href":"https:\/\/xx.network\/tr\/wp-json\/wp\/v2\/pages\/27380","targetHints":{"allow":["GET"]}}],"collection":[{"href":"https:\/\/xx.network\/tr\/wp-json\/wp\/v2\/pages"}],"about":[{"href":"https:\/\/xx.network\/tr\/wp-json\/wp\/v2\/types\/page"}],"author":[{"embeddable":true,"href":"https:\/\/xx.network\/tr\/wp-json\/wp\/v2\/users\/147"}],"replies":[{"embeddable":true,"href":"https:\/\/xx.network\/tr\/wp-json\/wp\/v2\/comments?post=27380"}],"version-history":[{"count":0,"href":"https:\/\/xx.network\/tr\/wp-json\/wp\/v2\/pages\/27380\/revisions"}],"wp:featuredmedia":[{"embeddable":true,"href":"https:\/\/xx.network\/tr\/wp-json\/wp\/v2\/media\/18773"}],"wp:attachment":[{"href":"https:\/\/xx.network\/tr\/wp-json\/wp\/v2\/media?parent=27380"}],"curies":[{"name":"wp","href":"https:\/\/api.w.org\/{rel}","templated":true}]}}